{"id":1918,"date":"2022-07-26T10:13:51","date_gmt":"2022-07-26T08:13:51","guid":{"rendered":"https:\/\/villalecercle-deauville.com\/cookies-management\/"},"modified":"2022-10-10T18:52:58","modified_gmt":"2022-10-10T16:52:58","slug":"cookies-management","status":"publish","type":"page","link":"https:\/\/villalecercle-deauville.com\/en\/cookies-management\/","title":{"rendered":"Cookies Management"},"content":{"rendered":"\t\t<div data-elementor-type=\"wp-page\" data-elementor-id=\"1918\" class=\"elementor elementor-1918 elementor-64\" data-elementor-post-type=\"page\">\n\t\t\t\t\t\t<section data-particle_enable=\"false\" data-particle-mobile-disabled=\"false\" class=\"elementor-section elementor-top-section elementor-element elementor-element-2faf94e2 elementor-section-boxed elementor-section-height-default elementor-section-height-default\" data-id=\"2faf94e2\" data-element_type=\"section\" data-e-type=\"section\">\n\t\t\t\t\t\t<div class=\"elementor-container elementor-column-gap-default\">\n\t\t\t\t\t<div class=\"elementor-column elementor-col-100 elementor-top-column elementor-element elementor-element-41f0bc08\" data-id=\"41f0bc08\" data-element_type=\"column\" data-e-type=\"column\">\n\t\t\t<div class=\"elementor-widget-wrap elementor-element-populated\">\n\t\t\t\t\t\t<div class=\"elementor-element elementor-element-4f3ff9c9 elementor-widget elementor-widget-heading\" data-id=\"4f3ff9c9\" data-element_type=\"widget\" data-e-type=\"widget\" data-widget_type=\"heading.default\">\n\t\t\t\t<div class=\"elementor-widget-container\">\n\t\t\t\t\t<h1 class=\"elementor-heading-title elementor-size-default\">Cookie management<\/h1>\t\t\t\t<\/div>\n\t\t\t\t<\/div>\n\t\t\t\t<div class=\"elementor-element elementor-element-1b4e4f5a elementor-widget elementor-widget-global elementor-global-716 elementor-widget-breadcrumbs\" data-id=\"1b4e4f5a\" data-element_type=\"widget\" data-e-type=\"widget\" data-widget_type=\"breadcrumbs.default\">\n\t\t\t\t<div class=\"elementor-widget-container\">\n\t\t\t\t\t<p id=\"breadcrumbs\"><span><span><a href=\"https:\/\/villalecercle-deauville.com\/en\/\">Home<\/a><\/span><\/span><\/p>\t\t\t\t<\/div>\n\t\t\t\t<\/div>\n\t\t\t\t\t<\/div>\n\t\t<\/div>\n\t\t\t\t\t<\/div>\n\t\t<\/section>\n\t\t\t\t<section data-particle_enable=\"false\" data-particle-mobile-disabled=\"false\" class=\"elementor-section elementor-top-section elementor-element elementor-element-3b52c8bf elementor-section-boxed elementor-section-height-default elementor-section-height-default\" data-id=\"3b52c8bf\" data-element_type=\"section\" data-e-type=\"section\">\n\t\t\t\t\t\t<div class=\"elementor-container elementor-column-gap-default\">\n\t\t\t\t\t<div class=\"elementor-column elementor-col-100 elementor-top-column elementor-element elementor-element-d33627a\" data-id=\"d33627a\" data-element_type=\"column\" data-e-type=\"column\">\n\t\t\t<div class=\"elementor-widget-wrap elementor-element-populated\">\n\t\t\t\t\t\t<div class=\"elementor-element elementor-element-56ec78de elementor-widget elementor-widget-text-editor\" data-id=\"56ec78de\" data-element_type=\"widget\" data-e-type=\"widget\" data-widget_type=\"text-editor.default\">\n\t\t\t\t<div class=\"elementor-widget-container\">\n\t\t\t\t\t\t\t\t\t<p>This policy applies to cookies edited by the CID, who is responsible, accessible by a user via a terminal (computer, tablet, smartphone, etc.) from the site https:\/\/www.villalecercle-deauville.com.<\/p>\n<h2>1. Definitions<\/h2>\n<p>Cookies are small text files that are placed on your computer by websites that you visit. They provide us, the owners of the site, with information about the user. Cookies allow us to see how many people are using the site, to establish the frequency of visits and to allow us to save information so that you are not required to re-enter information every time you visit the site. <\/p>\n<h2>2. User choice<\/h2>\n<p>At the first connection on our site an information banner appears to ask you your choices. There are three possibilities: Accept all, refuse all, or \u2018modify preferences\u2019. <br \/>This last button allows you to partially accept cookies by category (for example: audience, advertising) by moving the mouse for the category concerned, by default the category is inactive. However, certain cookies are essential for the site to work correctly (the necessary category remains active) and consequently does not need to be approved by the user. <br \/>Once your choice is made, it will be conserved for a year and you may come back on your choice and modify your preferences by clicking on the button \u2018Manage Cookies\u2019 situated on the bottom right of each page. <\/p>\n<h2>3. The different cookies on our site<\/h2>\n<p>The site uses the cookies manager \u2018Cookie Yes\u2019 a British Company (declared country) which stocks all your navigation choices relating to cookies. <\/p>\n<p>The cookies are grouped into categories as follows:<\/p>\n<h3>3.1. Strictly necessary cookies:<\/h3>\n<p>These cookies are necessary to provide services that you have requested<\/p>\n<h3>3.2. Performance cookies:<\/h3>\n<p>hese cookies collect information about how visitors use our website, for instance which pages visitors go to most often.<\/p>\n<h3>3.3. Functional cookies:<\/h3>\n<p>Cookies may be placed on your terminal by social media enabling them to share our site. Information may be set by us or by third party providers. We are not able to control these cookies or the information collected for social media sites. For more information on these applications, we ask that you consult the confidentiality policies of each social media site.<\/p>\n<h3>3.4. Advertising cookies<\/h3>\n<p>These cookies are used to deliver adverts more relevant to you and your interests. They remember that you have visited a website and this information is shared with other organizations such as advertisers.<\/p>\n<p>The CID gives its subcontractor automation tools to put into place marketing campaigns with information stored in France on secure servers.<\/p>\n<h2>4. Further information<\/h2>\n<p>For more information on cookies, the user can go to the CNIL site at the following address.<\/p>\n\t\t\t\t\t\t\t\t<\/div>\n\t\t\t\t<\/div>\n\t\t\t\t\t<\/div>\n\t\t<\/div>\n\t\t\t\t\t<\/div>\n\t\t<\/section>\n\t\t\t\t<\/div>\n\t\t","protected":false},"excerpt":{"rendered":"<p>Cookie management This policy applies to cookies edited by the CID, who is responsible, accessible by a user via a terminal (computer, tablet, smartphone, etc.) from the site https:\/\/www.villalecercle-deauville.com. 1. Definitions Cookies are small text files that are placed on your computer by websites that you visit. They provide us, the owners of the site, [&hellip;]<\/p>\n","protected":false},"author":5,"featured_media":0,"parent":0,"menu_order":120,"comment_status":"closed","ping_status":"closed","template":"","meta":{"_acf_changed":false,"footnotes":""},"class_list":["post-1918","page","type-page","status-publish","hentry"],"acf":[],"yoast_head":"<!-- This site is optimized with the Yoast SEO plugin v27.5 - https:\/\/yoast.com\/product\/yoast-seo-wordpress\/ -->\n<title>Cookies Management | Villa Le Cercle - Deauville<\/title>\n<meta name=\"robots\" content=\"index, follow, max-snippet:-1, max-image-preview:large, max-video-preview:-1\" \/>\n<link rel=\"canonical\" href=\"https:\/\/villalecercle-deauville.com\/en\/cookies-management\/\" \/>\n<meta property=\"og:locale\" content=\"en_US\" \/>\n<meta property=\"og:type\" content=\"article\" \/>\n<meta property=\"og:title\" content=\"Cookies Management | Villa Le Cercle - Deauville\" \/>\n<meta property=\"og:description\" content=\"Cookie management This policy applies to cookies edited by the CID, who is responsible, accessible by a user via a terminal (computer, tablet, smartphone, etc.) from the site https:\/\/www.villalecercle-deauville.com. 1. Definitions Cookies are small text files that are placed on your computer by websites that you visit. They provide us, the owners of the site, [&hellip;]\" \/>\n<meta property=\"og:url\" content=\"https:\/\/villalecercle-deauville.com\/en\/cookies-management\/\" \/>\n<meta property=\"og:site_name\" content=\"Villa Le Cercle - Deauville\" \/>\n<meta property=\"article:modified_time\" content=\"2022-10-10T16:52:58+00:00\" \/>\n<meta name=\"twitter:card\" content=\"summary_large_image\" \/>\n<meta name=\"twitter:label1\" content=\"Est. reading time\" \/>\n\t<meta name=\"twitter:data1\" content=\"2 minutes\" \/>\n<script type=\"application\/ld+json\" class=\"yoast-schema-graph\">{\"@context\":\"https:\\\/\\\/schema.org\",\"@graph\":[{\"@type\":\"WebPage\",\"@id\":\"https:\\\/\\\/villalecercle-deauville.com\\\/en\\\/cookies-management\\\/\",\"url\":\"https:\\\/\\\/villalecercle-deauville.com\\\/en\\\/cookies-management\\\/\",\"name\":\"Cookies Management | Villa Le Cercle - Deauville\",\"isPartOf\":{\"@id\":\"https:\\\/\\\/villalecercle-deauville.com\\\/en\\\/#website\"},\"datePublished\":\"2022-07-26T08:13:51+00:00\",\"dateModified\":\"2022-10-10T16:52:58+00:00\",\"breadcrumb\":{\"@id\":\"https:\\\/\\\/villalecercle-deauville.com\\\/en\\\/cookies-management\\\/#breadcrumb\"},\"inLanguage\":\"en-US\",\"potentialAction\":[{\"@type\":\"ReadAction\",\"target\":[\"https:\\\/\\\/villalecercle-deauville.com\\\/en\\\/cookies-management\\\/\"]}]},{\"@type\":\"BreadcrumbList\",\"@id\":\"https:\\\/\\\/villalecercle-deauville.com\\\/en\\\/cookies-management\\\/#breadcrumb\",\"itemListElement\":[{\"@type\":\"ListItem\",\"position\":1,\"name\":\"Home\",\"item\":\"https:\\\/\\\/villalecercle-deauville.com\\\/en\\\/\"},{\"@type\":\"ListItem\",\"position\":2,\"name\":\"Cookies Management\"}]},{\"@type\":\"WebSite\",\"@id\":\"https:\\\/\\\/villalecercle-deauville.com\\\/en\\\/#website\",\"url\":\"https:\\\/\\\/villalecercle-deauville.com\\\/en\\\/\",\"name\":\"Villa le Cercle Deauville\",\"description\":\"Lieu \u00e9v\u00e8nementiel \u00e0 Deauville\",\"publisher\":{\"@id\":\"https:\\\/\\\/villalecercle-deauville.com\\\/en\\\/#organization\"},\"potentialAction\":[{\"@type\":\"SearchAction\",\"target\":{\"@type\":\"EntryPoint\",\"urlTemplate\":\"https:\\\/\\\/villalecercle-deauville.com\\\/en\\\/?s={search_term_string}\"},\"query-input\":{\"@type\":\"PropertyValueSpecification\",\"valueRequired\":true,\"valueName\":\"search_term_string\"}}],\"inLanguage\":\"en-US\"},{\"@type\":\"Organization\",\"@id\":\"https:\\\/\\\/villalecercle-deauville.com\\\/en\\\/#organization\",\"name\":\"Villa le Cercle Deauville\",\"url\":\"https:\\\/\\\/villalecercle-deauville.com\\\/en\\\/\",\"logo\":{\"@type\":\"ImageObject\",\"inLanguage\":\"en-US\",\"@id\":\"https:\\\/\\\/villalecercle-deauville.com\\\/en\\\/#\\\/schema\\\/logo\\\/image\\\/\",\"url\":\"https:\\\/\\\/villalecercle-deauville.com\\\/wp-content\\\/uploads\\\/2022\\\/07\\\/villa-logo-or.svg\",\"contentUrl\":\"https:\\\/\\\/villalecercle-deauville.com\\\/wp-content\\\/uploads\\\/2022\\\/07\\\/villa-logo-or.svg\",\"width\":45,\"height\":54,\"caption\":\"Villa le Cercle Deauville\"},\"image\":{\"@id\":\"https:\\\/\\\/villalecercle-deauville.com\\\/en\\\/#\\\/schema\\\/logo\\\/image\\\/\"}}]}<\/script>\n<!-- \/ Yoast SEO plugin. -->","yoast_head_json":{"title":"Cookies Management | Villa Le Cercle - Deauville","robots":{"index":"index","follow":"follow","max-snippet":"max-snippet:-1","max-image-preview":"max-image-preview:large","max-video-preview":"max-video-preview:-1"},"canonical":"https:\/\/villalecercle-deauville.com\/en\/cookies-management\/","og_locale":"en_US","og_type":"article","og_title":"Cookies Management | Villa Le Cercle - Deauville","og_description":"Cookie management This policy applies to cookies edited by the CID, who is responsible, accessible by a user via a terminal (computer, tablet, smartphone, etc.) from the site https:\/\/www.villalecercle-deauville.com. 1. Definitions Cookies are small text files that are placed on your computer by websites that you visit. They provide us, the owners of the site, [&hellip;]","og_url":"https:\/\/villalecercle-deauville.com\/en\/cookies-management\/","og_site_name":"Villa Le Cercle - Deauville","article_modified_time":"2022-10-10T16:52:58+00:00","twitter_card":"summary_large_image","twitter_misc":{"Est. reading time":"2 minutes"},"schema":{"@context":"https:\/\/schema.org","@graph":[{"@type":"WebPage","@id":"https:\/\/villalecercle-deauville.com\/en\/cookies-management\/","url":"https:\/\/villalecercle-deauville.com\/en\/cookies-management\/","name":"Cookies Management | Villa Le Cercle - Deauville","isPartOf":{"@id":"https:\/\/villalecercle-deauville.com\/en\/#website"},"datePublished":"2022-07-26T08:13:51+00:00","dateModified":"2022-10-10T16:52:58+00:00","breadcrumb":{"@id":"https:\/\/villalecercle-deauville.com\/en\/cookies-management\/#breadcrumb"},"inLanguage":"en-US","potentialAction":[{"@type":"ReadAction","target":["https:\/\/villalecercle-deauville.com\/en\/cookies-management\/"]}]},{"@type":"BreadcrumbList","@id":"https:\/\/villalecercle-deauville.com\/en\/cookies-management\/#breadcrumb","itemListElement":[{"@type":"ListItem","position":1,"name":"Home","item":"https:\/\/villalecercle-deauville.com\/en\/"},{"@type":"ListItem","position":2,"name":"Cookies Management"}]},{"@type":"WebSite","@id":"https:\/\/villalecercle-deauville.com\/en\/#website","url":"https:\/\/villalecercle-deauville.com\/en\/","name":"Villa le Cercle Deauville","description":"Lieu \u00e9v\u00e8nementiel \u00e0 Deauville","publisher":{"@id":"https:\/\/villalecercle-deauville.com\/en\/#organization"},"potentialAction":[{"@type":"SearchAction","target":{"@type":"EntryPoint","urlTemplate":"https:\/\/villalecercle-deauville.com\/en\/?s={search_term_string}"},"query-input":{"@type":"PropertyValueSpecification","valueRequired":true,"valueName":"search_term_string"}}],"inLanguage":"en-US"},{"@type":"Organization","@id":"https:\/\/villalecercle-deauville.com\/en\/#organization","name":"Villa le Cercle Deauville","url":"https:\/\/villalecercle-deauville.com\/en\/","logo":{"@type":"ImageObject","inLanguage":"en-US","@id":"https:\/\/villalecercle-deauville.com\/en\/#\/schema\/logo\/image\/","url":"https:\/\/villalecercle-deauville.com\/wp-content\/uploads\/2022\/07\/villa-logo-or.svg","contentUrl":"https:\/\/villalecercle-deauville.com\/wp-content\/uploads\/2022\/07\/villa-logo-or.svg","width":45,"height":54,"caption":"Villa le Cercle Deauville"},"image":{"@id":"https:\/\/villalecercle-deauville.com\/en\/#\/schema\/logo\/image\/"}}]}},"_links":{"self":[{"href":"https:\/\/villalecercle-deauville.com\/en\/wp-json\/wp\/v2\/pages\/1918","targetHints":{"allow":["GET"]}}],"collection":[{"href":"https:\/\/villalecercle-deauville.com\/en\/wp-json\/wp\/v2\/pages"}],"about":[{"href":"https:\/\/villalecercle-deauville.com\/en\/wp-json\/wp\/v2\/types\/page"}],"author":[{"embeddable":true,"href":"https:\/\/villalecercle-deauville.com\/en\/wp-json\/wp\/v2\/users\/5"}],"replies":[{"embeddable":true,"href":"https:\/\/villalecercle-deauville.com\/en\/wp-json\/wp\/v2\/comments?post=1918"}],"version-history":[{"count":0,"href":"https:\/\/villalecercle-deauville.com\/en\/wp-json\/wp\/v2\/pages\/1918\/revisions"}],"wp:attachment":[{"href":"https:\/\/villalecercle-deauville.com\/en\/wp-json\/wp\/v2\/media?parent=1918"}],"curies":[{"name":"wp","href":"https:\/\/api.w.org\/{rel}","templated":true}]}}