{"id":2025,"date":"2022-07-22T12:33:07","date_gmt":"2022-07-22T10:33:07","guid":{"rendered":"https:\/\/villalecercle-deauville.com\/organising-an-event\/"},"modified":"2025-06-19T12:05:03","modified_gmt":"2025-06-19T10:05:03","slug":"organising-an-event-deauville-normandy","status":"publish","type":"page","link":"https:\/\/villalecercle-deauville.com\/en\/organising-an-event-deauville-normandy\/","title":{"rendered":"Organising an event"},"content":{"rendered":"\t\t<div data-elementor-type=\"wp-page\" data-elementor-id=\"2025\" class=\"elementor elementor-2025 elementor-17\" data-elementor-post-type=\"page\">\n\t\t\t\t\t\t<section data-particle_enable=\"false\" data-particle-mobile-disabled=\"false\" class=\"elementor-section elementor-top-section elementor-element elementor-element-fc0b636 elementor-section-boxed elementor-section-height-default elementor-section-height-default\" data-id=\"fc0b636\" data-element_type=\"section\" data-e-type=\"section\">\n\t\t\t\t\t\t<div class=\"elementor-container elementor-column-gap-default\">\n\t\t\t\t\t<div class=\"elementor-column elementor-col-100 elementor-top-column elementor-element elementor-element-93c8346\" data-id=\"93c8346\" data-element_type=\"column\" data-e-type=\"column\">\n\t\t\t<div class=\"elementor-widget-wrap elementor-element-populated\">\n\t\t\t\t\t\t<div class=\"elementor-element elementor-element-6ef83e0 elementor-widget elementor-widget-heading\" data-id=\"6ef83e0\" data-element_type=\"widget\" data-e-type=\"widget\" data-widget_type=\"heading.default\">\n\t\t\t\t<div class=\"elementor-widget-container\">\n\t\t\t\t\t<h1 class=\"elementor-heading-title elementor-size-default\">Organising an event in Deauville, Normandy<\/h1>\t\t\t\t<\/div>\n\t\t\t\t<\/div>\n\t\t\t\t<div class=\"elementor-element elementor-element-f483441 elementor-widget elementor-widget-global elementor-global-716 elementor-widget-breadcrumbs\" data-id=\"f483441\" data-element_type=\"widget\" data-e-type=\"widget\" data-widget_type=\"breadcrumbs.default\">\n\t\t\t\t<div class=\"elementor-widget-container\">\n\t\t\t\t\t<p id=\"breadcrumbs\"><span><span><a href=\"https:\/\/villalecercle-deauville.com\/en\/\">Home<\/a><\/span><\/span><\/p>\t\t\t\t<\/div>\n\t\t\t\t<\/div>\n\t\t\t\t\t<\/div>\n\t\t<\/div>\n\t\t\t\t\t<\/div>\n\t\t<\/section>\n\t\t\t\t<section data-particle_enable=\"false\" data-particle-mobile-disabled=\"false\" class=\"elementor-section elementor-top-section elementor-element elementor-element-325280a elementor-section-boxed elementor-section-height-default elementor-section-height-default\" data-id=\"325280a\" data-element_type=\"section\" data-e-type=\"section\" data-settings=\"{&quot;background_background&quot;:&quot;classic&quot;}\">\n\t\t\t\t\t\t\t<div class=\"elementor-background-overlay\"><\/div>\n\t\t\t\t\t\t\t<div class=\"elementor-container elementor-column-gap-default\">\n\t\t\t\t\t<div class=\"elementor-column elementor-col-100 elementor-top-column elementor-element elementor-element-7f7e50e\" data-id=\"7f7e50e\" data-element_type=\"column\" data-e-type=\"column\">\n\t\t\t<div class=\"elementor-widget-wrap elementor-element-populated\">\n\t\t\t\t\t\t<div class=\"elementor-element elementor-element-b718b1f animated-slow elementor-invisible elementor-widget elementor-widget-heading\" data-id=\"b718b1f\" data-element_type=\"widget\" data-e-type=\"widget\" data-settings=\"{&quot;_animation&quot;:&quot;fadeInDown&quot;,&quot;_animation_tablet&quot;:&quot;none&quot;}\" data-widget_type=\"heading.default\">\n\t\t\t\t<div class=\"elementor-widget-container\">\n\t\t\t\t\t<h2 class=\"elementor-heading-title elementor-size-default\">Which<br>villa le cercle<br>is right for you?<\/h2>\t\t\t\t<\/div>\n\t\t\t\t<\/div>\n\t\t\t\t\t<\/div>\n\t\t<\/div>\n\t\t\t\t\t<\/div>\n\t\t<\/section>\n\t\t\t\t<section data-particle_enable=\"false\" data-particle-mobile-disabled=\"false\" class=\"elementor-section elementor-top-section elementor-element elementor-element-e1f7f1a elementor-section-boxed elementor-section-height-default elementor-section-height-default\" data-id=\"e1f7f1a\" data-element_type=\"section\" data-e-type=\"section\" data-settings=\"{&quot;background_background&quot;:&quot;classic&quot;}\">\n\t\t\t\t\t\t<div class=\"elementor-container elementor-column-gap-default\">\n\t\t\t\t\t<div class=\"elementor-column elementor-col-100 elementor-top-column elementor-element elementor-element-25f57ea\" data-id=\"25f57ea\" data-element_type=\"column\" data-e-type=\"column\">\n\t\t\t<div class=\"elementor-widget-wrap elementor-element-populated\">\n\t\t\t\t\t\t<section data-particle_enable=\"false\" data-particle-mobile-disabled=\"false\" class=\"elementor-section elementor-inner-section elementor-element elementor-element-9859d89 elementor-section-boxed elementor-section-height-default elementor-section-height-default\" data-id=\"9859d89\" data-element_type=\"section\" data-e-type=\"section\">\n\t\t\t\t\t\t<div class=\"elementor-container elementor-column-gap-default\">\n\t\t\t\t\t<div class=\"elementor-column elementor-col-100 elementor-inner-column elementor-element elementor-element-c2b20f1\" data-id=\"c2b20f1\" data-element_type=\"column\" data-e-type=\"column\">\n\t\t\t<div class=\"elementor-widget-wrap elementor-element-populated\">\n\t\t\t\t\t\t<div class=\"elementor-element elementor-element-e196477 elementor-widget elementor-widget-heading\" data-id=\"e196477\" data-element_type=\"widget\" data-e-type=\"widget\" data-widget_type=\"heading.default\">\n\t\t\t\t<div class=\"elementor-widget-container\">\n\t\t\t\t\t<h3 class=\"elementor-heading-title elementor-size-default\">Company events<\/h3>\t\t\t\t<\/div>\n\t\t\t\t<\/div>\n\t\t\t\t<div class=\"elementor-element elementor-element-dfa07ff elementor-widget elementor-widget-shortcode\" data-id=\"dfa07ff\" data-element_type=\"widget\" data-e-type=\"widget\" data-widget_type=\"shortcode.default\">\n\t\t\t\t<div class=\"elementor-widget-container\">\n\t\t\t\t\t\t\t<div class=\"elementor-shortcode\"><a class=\"bouton-contour\" href=\"https:\/\/villalecercle-deauville.com\/en\/organising-an-event-deauville-normandy\/companies\/seminars\/\">Seminars<\/a><a class=\"bouton-contour\" href=\"https:\/\/villalecercle-deauville.com\/en\/organising-an-event-deauville-normandy\/companies\/study-day\/\">Study day<\/a><a class=\"bouton-contour\" href=\"https:\/\/villalecercle-deauville.com\/en\/organising-an-event-deauville-normandy\/companies\/scientific-day\/\">Scientific day<\/a><a class=\"bouton-contour\" href=\"https:\/\/villalecercle-deauville.com\/en\/organising-an-event-deauville-normandy\/companies\/business-meeting\/\">Business meeting<\/a><a class=\"bouton-contour\" href=\"https:\/\/villalecercle-deauville.com\/en\/organising-an-event-deauville-normandy\/companies\/cocktail-and-a-business-lunch\/\">Cocktail and a business lunch<\/a><a class=\"bouton-contour\" href=\"https:\/\/villalecercle-deauville.com\/en\/organising-an-event-deauville-normandy\/companies\/gala-evening\/\">Gala evening<\/a><\/div>\n\t\t\t\t\t\t<\/div>\n\t\t\t\t<\/div>\n\t\t\t\t\t<\/div>\n\t\t<\/div>\n\t\t\t\t\t<\/div>\n\t\t<\/section>\n\t\t\t\t\t<\/div>\n\t\t<\/div>\n\t\t\t\t\t<\/div>\n\t\t<\/section>\n\t\t\t\t<\/div>\n\t\t","protected":false},"excerpt":{"rendered":"<p>Organising an event in Deauville, Normandy Whichvilla le cercleis right for you? Company events<\/p>\n","protected":false},"author":5,"featured_media":0,"parent":0,"menu_order":20,"comment_status":"closed","ping_status":"closed","template":"","meta":{"_acf_changed":false,"footnotes":""},"class_list":["post-2025","page","type-page","status-publish","hentry"],"acf":[],"yoast_head":"<!-- This site is optimized with the Yoast SEO plugin v27.2 - https:\/\/yoast.com\/product\/yoast-seo-wordpress\/ -->\n<title>Villa Le Cercle Deauville - Room Rental for a Private or Professional Event<\/title>\n<meta name=\"description\" content=\"Looking for reception rooms to organise an event in Deauville. The Villa le Cercle offers you to privatise one of its rooms just for you.\" \/>\n<meta name=\"robots\" content=\"index, follow, max-snippet:-1, max-image-preview:large, max-video-preview:-1\" \/>\n<link rel=\"canonical\" href=\"https:\/\/villalecercle-deauville.com\/en\/organising-an-event-deauville-normandy\/\" \/>\n<meta property=\"og:locale\" content=\"en_US\" \/>\n<meta property=\"og:type\" content=\"article\" \/>\n<meta property=\"og:title\" content=\"Villa Le Cercle Deauville - Room Rental for a Private or Professional Event\" \/>\n<meta property=\"og:description\" content=\"Looking for reception rooms to organise an event in Deauville. The Villa le Cercle offers you to privatise one of its rooms just for you.\" \/>\n<meta property=\"og:url\" content=\"https:\/\/villalecercle-deauville.com\/en\/organising-an-event-deauville-normandy\/\" \/>\n<meta property=\"og:site_name\" content=\"Villa Le Cercle - Deauville\" \/>\n<meta property=\"article:modified_time\" content=\"2025-06-19T10:05:03+00:00\" \/>\n<meta name=\"twitter:card\" content=\"summary_large_image\" \/>\n<meta name=\"twitter:label1\" content=\"Est. reading time\" \/>\n\t<meta name=\"twitter:data1\" content=\"1 minute\" \/>\n<script type=\"application\/ld+json\" class=\"yoast-schema-graph\">{\"@context\":\"https:\/\/schema.org\",\"@graph\":[{\"@type\":\"WebPage\",\"@id\":\"https:\/\/villalecercle-deauville.com\/en\/organising-an-event-deauville-normandy\/\",\"url\":\"https:\/\/villalecercle-deauville.com\/en\/organising-an-event-deauville-normandy\/\",\"name\":\"Villa Le Cercle Deauville - Room Rental for a Private or Professional Event\",\"isPartOf\":{\"@id\":\"https:\/\/villalecercle-deauville.com\/en\/#website\"},\"datePublished\":\"2022-07-22T10:33:07+00:00\",\"dateModified\":\"2025-06-19T10:05:03+00:00\",\"description\":\"Looking for reception rooms to organise an event in Deauville. The Villa le Cercle offers you to privatise one of its rooms just for you.\",\"breadcrumb\":{\"@id\":\"https:\/\/villalecercle-deauville.com\/en\/organising-an-event-deauville-normandy\/#breadcrumb\"},\"inLanguage\":\"en-US\",\"potentialAction\":[{\"@type\":\"ReadAction\",\"target\":[\"https:\/\/villalecercle-deauville.com\/en\/organising-an-event-deauville-normandy\/\"]}]},{\"@type\":\"BreadcrumbList\",\"@id\":\"https:\/\/villalecercle-deauville.com\/en\/organising-an-event-deauville-normandy\/#breadcrumb\",\"itemListElement\":[{\"@type\":\"ListItem\",\"position\":1,\"name\":\"Home\",\"item\":\"https:\/\/villalecercle-deauville.com\/en\/\"},{\"@type\":\"ListItem\",\"position\":2,\"name\":\"Organising an event\"}]},{\"@type\":\"WebSite\",\"@id\":\"https:\/\/villalecercle-deauville.com\/en\/#website\",\"url\":\"https:\/\/villalecercle-deauville.com\/en\/\",\"name\":\"Villa le Cercle Deauville\",\"description\":\"Lieu \u00e9v\u00e8nementiel \u00e0 Deauville\",\"publisher\":{\"@id\":\"https:\/\/villalecercle-deauville.com\/en\/#organization\"},\"potentialAction\":[{\"@type\":\"SearchAction\",\"target\":{\"@type\":\"EntryPoint\",\"urlTemplate\":\"https:\/\/villalecercle-deauville.com\/en\/?s={search_term_string}\"},\"query-input\":{\"@type\":\"PropertyValueSpecification\",\"valueRequired\":true,\"valueName\":\"search_term_string\"}}],\"inLanguage\":\"en-US\"},{\"@type\":\"Organization\",\"@id\":\"https:\/\/villalecercle-deauville.com\/en\/#organization\",\"name\":\"Villa le Cercle Deauville\",\"url\":\"https:\/\/villalecercle-deauville.com\/en\/\",\"logo\":{\"@type\":\"ImageObject\",\"inLanguage\":\"en-US\",\"@id\":\"https:\/\/villalecercle-deauville.com\/en\/#\/schema\/logo\/image\/\",\"url\":\"https:\/\/villalecercle-deauville.com\/wp-content\/uploads\/2022\/07\/villa-logo-or.svg\",\"contentUrl\":\"https:\/\/villalecercle-deauville.com\/wp-content\/uploads\/2022\/07\/villa-logo-or.svg\",\"width\":45,\"height\":54,\"caption\":\"Villa le Cercle Deauville\"},\"image\":{\"@id\":\"https:\/\/villalecercle-deauville.com\/en\/#\/schema\/logo\/image\/\"}}]}<\/script>\n<!-- \/ Yoast SEO plugin. -->","yoast_head_json":{"title":"Villa Le Cercle Deauville - Room Rental for a Private or Professional Event","description":"Looking for reception rooms to organise an event in Deauville. The Villa le Cercle offers you to privatise one of its rooms just for you.","robots":{"index":"index","follow":"follow","max-snippet":"max-snippet:-1","max-image-preview":"max-image-preview:large","max-video-preview":"max-video-preview:-1"},"canonical":"https:\/\/villalecercle-deauville.com\/en\/organising-an-event-deauville-normandy\/","og_locale":"en_US","og_type":"article","og_title":"Villa Le Cercle Deauville - Room Rental for a Private or Professional Event","og_description":"Looking for reception rooms to organise an event in Deauville. The Villa le Cercle offers you to privatise one of its rooms just for you.","og_url":"https:\/\/villalecercle-deauville.com\/en\/organising-an-event-deauville-normandy\/","og_site_name":"Villa Le Cercle - Deauville","article_modified_time":"2025-06-19T10:05:03+00:00","twitter_card":"summary_large_image","twitter_misc":{"Est. reading time":"1 minute"},"schema":{"@context":"https:\/\/schema.org","@graph":[{"@type":"WebPage","@id":"https:\/\/villalecercle-deauville.com\/en\/organising-an-event-deauville-normandy\/","url":"https:\/\/villalecercle-deauville.com\/en\/organising-an-event-deauville-normandy\/","name":"Villa Le Cercle Deauville - Room Rental for a Private or Professional Event","isPartOf":{"@id":"https:\/\/villalecercle-deauville.com\/en\/#website"},"datePublished":"2022-07-22T10:33:07+00:00","dateModified":"2025-06-19T10:05:03+00:00","description":"Looking for reception rooms to organise an event in Deauville. The Villa le Cercle offers you to privatise one of its rooms just for you.","breadcrumb":{"@id":"https:\/\/villalecercle-deauville.com\/en\/organising-an-event-deauville-normandy\/#breadcrumb"},"inLanguage":"en-US","potentialAction":[{"@type":"ReadAction","target":["https:\/\/villalecercle-deauville.com\/en\/organising-an-event-deauville-normandy\/"]}]},{"@type":"BreadcrumbList","@id":"https:\/\/villalecercle-deauville.com\/en\/organising-an-event-deauville-normandy\/#breadcrumb","itemListElement":[{"@type":"ListItem","position":1,"name":"Home","item":"https:\/\/villalecercle-deauville.com\/en\/"},{"@type":"ListItem","position":2,"name":"Organising an event"}]},{"@type":"WebSite","@id":"https:\/\/villalecercle-deauville.com\/en\/#website","url":"https:\/\/villalecercle-deauville.com\/en\/","name":"Villa le Cercle Deauville","description":"Lieu \u00e9v\u00e8nementiel \u00e0 Deauville","publisher":{"@id":"https:\/\/villalecercle-deauville.com\/en\/#organization"},"potentialAction":[{"@type":"SearchAction","target":{"@type":"EntryPoint","urlTemplate":"https:\/\/villalecercle-deauville.com\/en\/?s={search_term_string}"},"query-input":{"@type":"PropertyValueSpecification","valueRequired":true,"valueName":"search_term_string"}}],"inLanguage":"en-US"},{"@type":"Organization","@id":"https:\/\/villalecercle-deauville.com\/en\/#organization","name":"Villa le Cercle Deauville","url":"https:\/\/villalecercle-deauville.com\/en\/","logo":{"@type":"ImageObject","inLanguage":"en-US","@id":"https:\/\/villalecercle-deauville.com\/en\/#\/schema\/logo\/image\/","url":"https:\/\/villalecercle-deauville.com\/wp-content\/uploads\/2022\/07\/villa-logo-or.svg","contentUrl":"https:\/\/villalecercle-deauville.com\/wp-content\/uploads\/2022\/07\/villa-logo-or.svg","width":45,"height":54,"caption":"Villa le Cercle Deauville"},"image":{"@id":"https:\/\/villalecercle-deauville.com\/en\/#\/schema\/logo\/image\/"}}]}},"_links":{"self":[{"href":"https:\/\/villalecercle-deauville.com\/en\/wp-json\/wp\/v2\/pages\/2025","targetHints":{"allow":["GET"]}}],"collection":[{"href":"https:\/\/villalecercle-deauville.com\/en\/wp-json\/wp\/v2\/pages"}],"about":[{"href":"https:\/\/villalecercle-deauville.com\/en\/wp-json\/wp\/v2\/types\/page"}],"author":[{"embeddable":true,"href":"https:\/\/villalecercle-deauville.com\/en\/wp-json\/wp\/v2\/users\/5"}],"replies":[{"embeddable":true,"href":"https:\/\/villalecercle-deauville.com\/en\/wp-json\/wp\/v2\/comments?post=2025"}],"version-history":[{"count":0,"href":"https:\/\/villalecercle-deauville.com\/en\/wp-json\/wp\/v2\/pages\/2025\/revisions"}],"wp:attachment":[{"href":"https:\/\/villalecercle-deauville.com\/en\/wp-json\/wp\/v2\/media?parent=2025"}],"curies":[{"name":"wp","href":"https:\/\/api.w.org\/{rel}","templated":true}]}}