{"id":2044,"date":"2022-07-22T12:33:45","date_gmt":"2022-07-22T10:33:45","guid":{"rendered":"https:\/\/villalecercle-deauville.com\/organising-an-event\/companies\/"},"modified":"2024-01-22T14:24:46","modified_gmt":"2024-01-22T13:24:46","slug":"companies","status":"publish","type":"page","link":"https:\/\/villalecercle-deauville.com\/en\/organising-an-event-deauville-normandy\/companies\/","title":{"rendered":"Companies"},"content":{"rendered":"\t\t<div data-elementor-type=\"wp-page\" data-elementor-id=\"2044\" class=\"elementor elementor-2044 elementor-19\" data-elementor-post-type=\"page\">\n\t\t\t\t\t\t<section data-particle_enable=\"false\" data-particle-mobile-disabled=\"false\" class=\"elementor-section elementor-top-section elementor-element elementor-element-4fd54e3 elementor-section-boxed elementor-section-height-default elementor-section-height-default\" data-id=\"4fd54e3\" data-element_type=\"section\" data-e-type=\"section\">\n\t\t\t\t\t\t<div class=\"elementor-container elementor-column-gap-default\">\n\t\t\t\t\t<div class=\"elementor-column elementor-col-100 elementor-top-column elementor-element elementor-element-fb34d1a\" data-id=\"fb34d1a\" data-element_type=\"column\" data-e-type=\"column\">\n\t\t\t<div class=\"elementor-widget-wrap elementor-element-populated\">\n\t\t\t\t\t\t<div class=\"elementor-element elementor-element-4f7767f elementor-widget elementor-widget-heading\" data-id=\"4f7767f\" data-element_type=\"widget\" data-e-type=\"widget\" data-widget_type=\"heading.default\">\n\t\t\t\t<div class=\"elementor-widget-container\">\n\t\t\t\t\t<h1 class=\"elementor-heading-title elementor-size-default\">Organise a company event in Deauville, Normandy<\/h1>\t\t\t\t<\/div>\n\t\t\t\t<\/div>\n\t\t\t\t<div class=\"elementor-element elementor-element-dadb9ed elementor-widget elementor-widget-global elementor-global-716 elementor-widget-breadcrumbs\" data-id=\"dadb9ed\" data-element_type=\"widget\" data-e-type=\"widget\" data-widget_type=\"breadcrumbs.default\">\n\t\t\t\t<div class=\"elementor-widget-container\">\n\t\t\t\t\t<p id=\"breadcrumbs\"><span><span><a href=\"https:\/\/villalecercle-deauville.com\/en\/\">Home<\/a><\/span><\/span><\/p>\t\t\t\t<\/div>\n\t\t\t\t<\/div>\n\t\t\t\t\t<\/div>\n\t\t<\/div>\n\t\t\t\t\t<\/div>\n\t\t<\/section>\n\t\t\t\t<section data-particle_enable=\"false\" data-particle-mobile-disabled=\"false\" class=\"elementor-section elementor-top-section elementor-element elementor-element-5228ae9 elementor-section-boxed elementor-section-height-default elementor-section-height-default\" data-id=\"5228ae9\" data-element_type=\"section\" data-e-type=\"section\" data-settings=\"{&quot;background_background&quot;:&quot;classic&quot;}\">\n\t\t\t\t\t\t\t<div class=\"elementor-background-overlay\"><\/div>\n\t\t\t\t\t\t\t<div class=\"elementor-container elementor-column-gap-default\">\n\t\t\t\t\t<div class=\"elementor-column elementor-col-100 elementor-top-column elementor-element elementor-element-0d5c070\" data-id=\"0d5c070\" data-element_type=\"column\" data-e-type=\"column\">\n\t\t\t<div class=\"elementor-widget-wrap elementor-element-populated\">\n\t\t\t\t\t\t<div class=\"elementor-element elementor-element-92e4f59 animated-slow elementor-invisible elementor-widget elementor-widget-heading\" data-id=\"92e4f59\" data-element_type=\"widget\" data-e-type=\"widget\" data-settings=\"{&quot;_animation&quot;:&quot;fadeInDown&quot;,&quot;_animation_tablet&quot;:&quot;none&quot;}\" data-widget_type=\"heading.default\">\n\t\t\t\t<div class=\"elementor-widget-container\">\n\t\t\t\t\t<h2 class=\"elementor-heading-title elementor-size-default\">Which<br>villa le cercle<br>is right for you?<\/h2>\t\t\t\t<\/div>\n\t\t\t\t<\/div>\n\t\t\t\t\t<\/div>\n\t\t<\/div>\n\t\t\t\t\t<\/div>\n\t\t<\/section>\n\t\t\t\t<section data-particle_enable=\"false\" data-particle-mobile-disabled=\"false\" class=\"elementor-section elementor-top-section elementor-element elementor-element-1589c00 elementor-section-boxed elementor-section-height-default elementor-section-height-default\" data-id=\"1589c00\" data-element_type=\"section\" data-e-type=\"section\" data-settings=\"{&quot;background_background&quot;:&quot;classic&quot;}\">\n\t\t\t\t\t\t<div class=\"elementor-container elementor-column-gap-default\">\n\t\t\t\t\t<div class=\"elementor-column elementor-col-100 elementor-top-column elementor-element elementor-element-0bf2908\" data-id=\"0bf2908\" data-element_type=\"column\" data-e-type=\"column\">\n\t\t\t<div class=\"elementor-widget-wrap elementor-element-populated\">\n\t\t\t\t\t\t<div class=\"elementor-element elementor-element-4cb1056 elementor-widget elementor-widget-text-editor\" data-id=\"4cb1056\" data-element_type=\"widget\" data-e-type=\"widget\" data-widget_type=\"text-editor.default\">\n\t\t\t\t<div class=\"elementor-widget-container\">\n\t\t\t\t\t\t\t\t\t<p>The Villa Le Cercle has been sought after for many years by event organising agencies, businesses, federations and associations, for the<strong>organisation of a professional event in Deauville <\/strong>: seminars, company meetings, study days, scientific meetings, conferences, company cocktails, gala dinners, company anniversaries&#8230; <strong>The Villa Le Cercle in Deauville makes every event memorable<\/strong> with its refinement, <strong>elegance<\/strong> and <strong>convivial atmosphere<\/strong>.<\/p>\n\t\t\t\t\t\t\t\t<\/div>\n\t\t\t\t<\/div>\n\t\t\t\t\t<\/div>\n\t\t<\/div>\n\t\t\t\t\t<\/div>\n\t\t<\/section>\n\t\t\t\t<section data-particle_enable=\"false\" data-particle-mobile-disabled=\"false\" class=\"elementor-section elementor-top-section elementor-element elementor-element-84df7a1 elementor-section-boxed elementor-section-height-default elementor-section-height-default\" data-id=\"84df7a1\" data-element_type=\"section\" data-e-type=\"section\">\n\t\t\t\t\t\t<div class=\"elementor-container elementor-column-gap-default\">\n\t\t\t\t\t<div class=\"elementor-column elementor-col-100 elementor-top-column elementor-element elementor-element-d3e068b\" data-id=\"d3e068b\" data-element_type=\"column\" data-e-type=\"column\">\n\t\t\t<div class=\"elementor-widget-wrap elementor-element-populated\">\n\t\t\t\t\t\t<div class=\"elementor-element elementor-element-b5ad78f elementor-widget elementor-widget-shortcode\" data-id=\"b5ad78f\" data-element_type=\"widget\" data-e-type=\"widget\" data-widget_type=\"shortcode.default\">\n\t\t\t\t<div class=\"elementor-widget-container\">\n\t\t\t\t\t\t\t<div class=\"elementor-shortcode\"><a class=\"bouton-contour\" href=\"https:\/\/villalecercle-deauville.com\/en\/organising-an-event-deauville-normandy\/companies\/seminars\/\">Seminars<\/a><a class=\"bouton-contour\" href=\"https:\/\/villalecercle-deauville.com\/en\/organising-an-event-deauville-normandy\/companies\/study-day\/\">Study day<\/a><a class=\"bouton-contour\" href=\"https:\/\/villalecercle-deauville.com\/en\/organising-an-event-deauville-normandy\/companies\/scientific-day\/\">Scientific day<\/a><a class=\"bouton-contour\" href=\"https:\/\/villalecercle-deauville.com\/en\/organising-an-event-deauville-normandy\/companies\/business-meeting\/\">Business meeting<\/a><a class=\"bouton-contour\" href=\"https:\/\/villalecercle-deauville.com\/en\/organising-an-event-deauville-normandy\/companies\/cocktail-and-a-business-lunch\/\">Cocktail and a business lunch<\/a><a class=\"bouton-contour\" href=\"https:\/\/villalecercle-deauville.com\/en\/organising-an-event-deauville-normandy\/companies\/gala-evening\/\">Gala evening<\/a><\/div>\n\t\t\t\t\t\t<\/div>\n\t\t\t\t<\/div>\n\t\t\t\t\t<\/div>\n\t\t<\/div>\n\t\t\t\t\t<\/div>\n\t\t<\/section>\n\t\t\t\t<\/div>\n\t\t","protected":false},"excerpt":{"rendered":"<p>Organise a company event in Deauville, Normandy Whichvilla le cercleis right for you? The Villa Le Cercle has been sought after for many years by event organising agencies, businesses, federations and associations, for theorganisation of a professional event in Deauville : seminars, company meetings, study days, scientific meetings, conferences, company cocktails, gala dinners, company anniversaries&#8230; [&hellip;]<\/p>\n","protected":false},"author":5,"featured_media":0,"parent":2025,"menu_order":10,"comment_status":"closed","ping_status":"closed","template":"","meta":{"_acf_changed":false,"footnotes":""},"class_list":["post-2044","page","type-page","status-publish","hentry"],"acf":[],"yoast_head":"<!-- This site is optimized with the Yoast SEO plugin v27.2 - https:\/\/yoast.com\/product\/yoast-seo-wordpress\/ -->\n<title>Venue for a Business Event | Villa Le Cercle Deauville<\/title>\n<meta name=\"description\" content=\"You want to organise a company event. Come and privatise our Villa to organise a professional event in the centre of Normandy.\" \/>\n<meta name=\"robots\" content=\"index, follow, max-snippet:-1, max-image-preview:large, max-video-preview:-1\" \/>\n<link rel=\"canonical\" href=\"https:\/\/villalecercle-deauville.com\/en\/organising-an-event-deauville-normandy\/companies\/\" \/>\n<meta property=\"og:locale\" content=\"en_US\" \/>\n<meta property=\"og:type\" content=\"article\" \/>\n<meta property=\"og:title\" content=\"Venue for a Business Event | Villa Le Cercle Deauville\" \/>\n<meta property=\"og:description\" content=\"You want to organise a company event. Come and privatise our Villa to organise a professional event in the centre of Normandy.\" \/>\n<meta property=\"og:url\" content=\"https:\/\/villalecercle-deauville.com\/en\/organising-an-event-deauville-normandy\/companies\/\" \/>\n<meta property=\"og:site_name\" content=\"Villa Le Cercle - Deauville\" \/>\n<meta property=\"article:modified_time\" content=\"2024-01-22T13:24:46+00:00\" \/>\n<meta name=\"twitter:card\" content=\"summary_large_image\" \/>\n<script type=\"application\/ld+json\" class=\"yoast-schema-graph\">{\"@context\":\"https:\/\/schema.org\",\"@graph\":[{\"@type\":\"WebPage\",\"@id\":\"https:\/\/villalecercle-deauville.com\/en\/organising-an-event-deauville-normandy\/companies\/\",\"url\":\"https:\/\/villalecercle-deauville.com\/en\/organising-an-event-deauville-normandy\/companies\/\",\"name\":\"Venue for a Business Event | Villa Le Cercle Deauville\",\"isPartOf\":{\"@id\":\"https:\/\/villalecercle-deauville.com\/en\/#website\"},\"datePublished\":\"2022-07-22T10:33:45+00:00\",\"dateModified\":\"2024-01-22T13:24:46+00:00\",\"description\":\"You want to organise a company event. Come and privatise our Villa to organise a professional event in the centre of Normandy.\",\"breadcrumb\":{\"@id\":\"https:\/\/villalecercle-deauville.com\/en\/organising-an-event-deauville-normandy\/companies\/#breadcrumb\"},\"inLanguage\":\"en-US\",\"potentialAction\":[{\"@type\":\"ReadAction\",\"target\":[\"https:\/\/villalecercle-deauville.com\/en\/organising-an-event-deauville-normandy\/companies\/\"]}]},{\"@type\":\"BreadcrumbList\",\"@id\":\"https:\/\/villalecercle-deauville.com\/en\/organising-an-event-deauville-normandy\/companies\/#breadcrumb\",\"itemListElement\":[{\"@type\":\"ListItem\",\"position\":1,\"name\":\"Home\",\"item\":\"https:\/\/villalecercle-deauville.com\/en\/\"},{\"@type\":\"ListItem\",\"position\":2,\"name\":\"Organising an event\",\"item\":\"https:\/\/villalecercle-deauville.com\/en\/organising-an-event-deauville-normandy\/\"},{\"@type\":\"ListItem\",\"position\":3,\"name\":\"Companies\"}]},{\"@type\":\"WebSite\",\"@id\":\"https:\/\/villalecercle-deauville.com\/en\/#website\",\"url\":\"https:\/\/villalecercle-deauville.com\/en\/\",\"name\":\"Villa le Cercle Deauville\",\"description\":\"Lieu \u00e9v\u00e8nementiel \u00e0 Deauville\",\"publisher\":{\"@id\":\"https:\/\/villalecercle-deauville.com\/en\/#organization\"},\"potentialAction\":[{\"@type\":\"SearchAction\",\"target\":{\"@type\":\"EntryPoint\",\"urlTemplate\":\"https:\/\/villalecercle-deauville.com\/en\/?s={search_term_string}\"},\"query-input\":{\"@type\":\"PropertyValueSpecification\",\"valueRequired\":true,\"valueName\":\"search_term_string\"}}],\"inLanguage\":\"en-US\"},{\"@type\":\"Organization\",\"@id\":\"https:\/\/villalecercle-deauville.com\/en\/#organization\",\"name\":\"Villa le Cercle Deauville\",\"url\":\"https:\/\/villalecercle-deauville.com\/en\/\",\"logo\":{\"@type\":\"ImageObject\",\"inLanguage\":\"en-US\",\"@id\":\"https:\/\/villalecercle-deauville.com\/en\/#\/schema\/logo\/image\/\",\"url\":\"https:\/\/villalecercle-deauville.com\/wp-content\/uploads\/2022\/07\/villa-logo-or.svg\",\"contentUrl\":\"https:\/\/villalecercle-deauville.com\/wp-content\/uploads\/2022\/07\/villa-logo-or.svg\",\"width\":45,\"height\":54,\"caption\":\"Villa le Cercle Deauville\"},\"image\":{\"@id\":\"https:\/\/villalecercle-deauville.com\/en\/#\/schema\/logo\/image\/\"}}]}<\/script>\n<!-- \/ Yoast SEO plugin. -->","yoast_head_json":{"title":"Venue for a Business Event | Villa Le Cercle Deauville","description":"You want to organise a company event. Come and privatise our Villa to organise a professional event in the centre of Normandy.","robots":{"index":"index","follow":"follow","max-snippet":"max-snippet:-1","max-image-preview":"max-image-preview:large","max-video-preview":"max-video-preview:-1"},"canonical":"https:\/\/villalecercle-deauville.com\/en\/organising-an-event-deauville-normandy\/companies\/","og_locale":"en_US","og_type":"article","og_title":"Venue for a Business Event | Villa Le Cercle Deauville","og_description":"You want to organise a company event. Come and privatise our Villa to organise a professional event in the centre of Normandy.","og_url":"https:\/\/villalecercle-deauville.com\/en\/organising-an-event-deauville-normandy\/companies\/","og_site_name":"Villa Le Cercle - Deauville","article_modified_time":"2024-01-22T13:24:46+00:00","twitter_card":"summary_large_image","schema":{"@context":"https:\/\/schema.org","@graph":[{"@type":"WebPage","@id":"https:\/\/villalecercle-deauville.com\/en\/organising-an-event-deauville-normandy\/companies\/","url":"https:\/\/villalecercle-deauville.com\/en\/organising-an-event-deauville-normandy\/companies\/","name":"Venue for a Business Event | Villa Le Cercle Deauville","isPartOf":{"@id":"https:\/\/villalecercle-deauville.com\/en\/#website"},"datePublished":"2022-07-22T10:33:45+00:00","dateModified":"2024-01-22T13:24:46+00:00","description":"You want to organise a company event. Come and privatise our Villa to organise a professional event in the centre of Normandy.","breadcrumb":{"@id":"https:\/\/villalecercle-deauville.com\/en\/organising-an-event-deauville-normandy\/companies\/#breadcrumb"},"inLanguage":"en-US","potentialAction":[{"@type":"ReadAction","target":["https:\/\/villalecercle-deauville.com\/en\/organising-an-event-deauville-normandy\/companies\/"]}]},{"@type":"BreadcrumbList","@id":"https:\/\/villalecercle-deauville.com\/en\/organising-an-event-deauville-normandy\/companies\/#breadcrumb","itemListElement":[{"@type":"ListItem","position":1,"name":"Home","item":"https:\/\/villalecercle-deauville.com\/en\/"},{"@type":"ListItem","position":2,"name":"Organising an event","item":"https:\/\/villalecercle-deauville.com\/en\/organising-an-event-deauville-normandy\/"},{"@type":"ListItem","position":3,"name":"Companies"}]},{"@type":"WebSite","@id":"https:\/\/villalecercle-deauville.com\/en\/#website","url":"https:\/\/villalecercle-deauville.com\/en\/","name":"Villa le Cercle Deauville","description":"Lieu \u00e9v\u00e8nementiel \u00e0 Deauville","publisher":{"@id":"https:\/\/villalecercle-deauville.com\/en\/#organization"},"potentialAction":[{"@type":"SearchAction","target":{"@type":"EntryPoint","urlTemplate":"https:\/\/villalecercle-deauville.com\/en\/?s={search_term_string}"},"query-input":{"@type":"PropertyValueSpecification","valueRequired":true,"valueName":"search_term_string"}}],"inLanguage":"en-US"},{"@type":"Organization","@id":"https:\/\/villalecercle-deauville.com\/en\/#organization","name":"Villa le Cercle Deauville","url":"https:\/\/villalecercle-deauville.com\/en\/","logo":{"@type":"ImageObject","inLanguage":"en-US","@id":"https:\/\/villalecercle-deauville.com\/en\/#\/schema\/logo\/image\/","url":"https:\/\/villalecercle-deauville.com\/wp-content\/uploads\/2022\/07\/villa-logo-or.svg","contentUrl":"https:\/\/villalecercle-deauville.com\/wp-content\/uploads\/2022\/07\/villa-logo-or.svg","width":45,"height":54,"caption":"Villa le Cercle Deauville"},"image":{"@id":"https:\/\/villalecercle-deauville.com\/en\/#\/schema\/logo\/image\/"}}]}},"_links":{"self":[{"href":"https:\/\/villalecercle-deauville.com\/en\/wp-json\/wp\/v2\/pages\/2044","targetHints":{"allow":["GET"]}}],"collection":[{"href":"https:\/\/villalecercle-deauville.com\/en\/wp-json\/wp\/v2\/pages"}],"about":[{"href":"https:\/\/villalecercle-deauville.com\/en\/wp-json\/wp\/v2\/types\/page"}],"author":[{"embeddable":true,"href":"https:\/\/villalecercle-deauville.com\/en\/wp-json\/wp\/v2\/users\/5"}],"replies":[{"embeddable":true,"href":"https:\/\/villalecercle-deauville.com\/en\/wp-json\/wp\/v2\/comments?post=2044"}],"version-history":[{"count":0,"href":"https:\/\/villalecercle-deauville.com\/en\/wp-json\/wp\/v2\/pages\/2044\/revisions"}],"up":[{"embeddable":true,"href":"https:\/\/villalecercle-deauville.com\/en\/wp-json\/wp\/v2\/pages\/2025"}],"wp:attachment":[{"href":"https:\/\/villalecercle-deauville.com\/en\/wp-json\/wp\/v2\/media?parent=2044"}],"curies":[{"name":"wp","href":"https:\/\/api.w.org\/{rel}","templated":true}]}}