{"id":2053,"date":"2022-07-22T12:34:43","date_gmt":"2022-07-22T10:34:43","guid":{"rendered":"https:\/\/villalecercle-deauville.com\/organising-an-event\/private-receptions\/"},"modified":"2022-11-30T15:40:52","modified_gmt":"2022-11-30T14:40:52","slug":"private-receptions","status":"publish","type":"page","link":"https:\/\/villalecercle-deauville.com\/en\/organising-an-event-deauville-normandy\/private-receptions\/","title":{"rendered":"Private receptions"},"content":{"rendered":"\t\t<div data-elementor-type=\"wp-page\" data-elementor-id=\"2053\" class=\"elementor elementor-2053 elementor-21\" data-elementor-post-type=\"page\">\n\t\t\t\t\t\t<section data-particle_enable=\"false\" data-particle-mobile-disabled=\"false\" class=\"elementor-section elementor-top-section elementor-element elementor-element-f638695 elementor-section-boxed elementor-section-height-default elementor-section-height-default\" data-id=\"f638695\" data-element_type=\"section\" data-e-type=\"section\">\n\t\t\t\t\t\t<div class=\"elementor-container elementor-column-gap-default\">\n\t\t\t\t\t<div class=\"elementor-column elementor-col-100 elementor-top-column elementor-element elementor-element-61917bc\" data-id=\"61917bc\" data-element_type=\"column\" data-e-type=\"column\">\n\t\t\t<div class=\"elementor-widget-wrap elementor-element-populated\">\n\t\t\t\t\t\t<div class=\"elementor-element elementor-element-b8c16a5 elementor-widget elementor-widget-heading\" data-id=\"b8c16a5\" data-element_type=\"widget\" data-e-type=\"widget\" data-widget_type=\"heading.default\">\n\t\t\t\t<div class=\"elementor-widget-container\">\n\t\t\t\t\t<h1 class=\"elementor-heading-title elementor-size-default\">Organising a private reception in Deauville, Normandy<\/h1>\t\t\t\t<\/div>\n\t\t\t\t<\/div>\n\t\t\t\t<div class=\"elementor-element elementor-element-4200473 elementor-widget elementor-widget-global elementor-global-716 elementor-widget-breadcrumbs\" data-id=\"4200473\" data-element_type=\"widget\" data-e-type=\"widget\" data-widget_type=\"breadcrumbs.default\">\n\t\t\t\t<div class=\"elementor-widget-container\">\n\t\t\t\t\t<p id=\"breadcrumbs\"><span><span><a href=\"https:\/\/villalecercle-deauville.com\/en\/\">Home<\/a><\/span><\/span><\/p>\t\t\t\t<\/div>\n\t\t\t\t<\/div>\n\t\t\t\t\t<\/div>\n\t\t<\/div>\n\t\t\t\t\t<\/div>\n\t\t<\/section>\n\t\t\t\t<section data-particle_enable=\"false\" data-particle-mobile-disabled=\"false\" class=\"elementor-section elementor-top-section elementor-element elementor-element-d21aa91 elementor-section-boxed elementor-section-height-default elementor-section-height-default\" data-id=\"d21aa91\" data-element_type=\"section\" data-e-type=\"section\" data-settings=\"{&quot;background_background&quot;:&quot;classic&quot;}\">\n\t\t\t\t\t\t\t<div class=\"elementor-background-overlay\"><\/div>\n\t\t\t\t\t\t\t<div class=\"elementor-container elementor-column-gap-default\">\n\t\t\t\t\t<div class=\"elementor-column elementor-col-100 elementor-top-column elementor-element elementor-element-c6ea481\" data-id=\"c6ea481\" data-element_type=\"column\" data-e-type=\"column\">\n\t\t\t<div class=\"elementor-widget-wrap elementor-element-populated\">\n\t\t\t\t\t\t<div class=\"elementor-element elementor-element-bb29355 animated-slow elementor-invisible elementor-widget elementor-widget-heading\" data-id=\"bb29355\" data-element_type=\"widget\" data-e-type=\"widget\" data-settings=\"{&quot;_animation&quot;:&quot;fadeInDown&quot;,&quot;_animation_tablet&quot;:&quot;none&quot;}\" data-widget_type=\"heading.default\">\n\t\t\t\t<div class=\"elementor-widget-container\">\n\t\t\t\t\t<h2 class=\"elementor-heading-title elementor-size-default\">Which<br>villa le cercle<br>is right for you?<\/h2>\t\t\t\t<\/div>\n\t\t\t\t<\/div>\n\t\t\t\t\t<\/div>\n\t\t<\/div>\n\t\t\t\t\t<\/div>\n\t\t<\/section>\n\t\t\t\t<section data-particle_enable=\"false\" data-particle-mobile-disabled=\"false\" class=\"elementor-section elementor-top-section elementor-element elementor-element-acb5ba5 elementor-section-boxed elementor-section-height-default elementor-section-height-default\" data-id=\"acb5ba5\" data-element_type=\"section\" data-e-type=\"section\" data-settings=\"{&quot;background_background&quot;:&quot;classic&quot;}\">\n\t\t\t\t\t\t<div class=\"elementor-container elementor-column-gap-default\">\n\t\t\t\t\t<div class=\"elementor-column elementor-col-100 elementor-top-column elementor-element elementor-element-8ad0783\" data-id=\"8ad0783\" data-element_type=\"column\" data-e-type=\"column\">\n\t\t\t<div class=\"elementor-widget-wrap elementor-element-populated\">\n\t\t\t\t\t\t<div class=\"elementor-element elementor-element-2b3c441 elementor-widget elementor-widget-text-editor\" data-id=\"2b3c441\" data-element_type=\"widget\" data-e-type=\"widget\" data-widget_type=\"text-editor.default\">\n\t\t\t\t<div class=\"elementor-widget-container\">\n\t\t\t\t\t\t\t\t\t<p>Would you like to make a lasting impression by celebrating <strong>a family or religious event?<\/strong> Marriage, birthday, bar-mitzvah, private evening event, photo shoot\u2026 The <strong>elegance<\/strong>, <strong>refinement<\/strong> and ideal geographical situation of the Villa Le Cercle will enhance all your private events. Experience the <strong>event organising expertise of the CID<\/strong> \u2013 The Deauville Congress Centre \u2013 and welcome your guests in complete <strong>peace of mind.<\/strong><\/p>\n\t\t\t\t\t\t\t\t<\/div>\n\t\t\t\t<\/div>\n\t\t\t\t\t<\/div>\n\t\t<\/div>\n\t\t\t\t\t<\/div>\n\t\t<\/section>\n\t\t\t\t<section data-particle_enable=\"false\" data-particle-mobile-disabled=\"false\" class=\"elementor-section elementor-top-section elementor-element elementor-element-99e84d2 elementor-section-boxed elementor-section-height-default elementor-section-height-default\" data-id=\"99e84d2\" data-element_type=\"section\" data-e-type=\"section\">\n\t\t\t\t\t\t<div class=\"elementor-container elementor-column-gap-default\">\n\t\t\t\t\t<div class=\"elementor-column elementor-col-100 elementor-top-column elementor-element elementor-element-b2dc6e1\" data-id=\"b2dc6e1\" data-element_type=\"column\" data-e-type=\"column\">\n\t\t\t<div class=\"elementor-widget-wrap elementor-element-populated\">\n\t\t\t\t\t\t<div class=\"elementor-element elementor-element-8446295 elementor-widget elementor-widget-shortcode\" data-id=\"8446295\" data-element_type=\"widget\" data-e-type=\"widget\" data-widget_type=\"shortcode.default\">\n\t\t\t\t<div class=\"elementor-widget-container\">\n\t\t\t\t\t\t\t<div class=\"elementor-shortcode\"><a class=\"bouton-contour\" href=\"https:\/\/villalecercle-deauville.com\/en\/organising-an-event-deauville-normandy\/private-receptions\/wedding\/\">Wedding<\/a><a class=\"bouton-contour\" href=\"https:\/\/villalecercle-deauville.com\/en\/organising-an-event-deauville-normandy\/private-receptions\/birthday\/\">Birthday<\/a><a class=\"bouton-contour\" href=\"https:\/\/villalecercle-deauville.com\/en\/organising-an-event-deauville-normandy\/private-receptions\/private-evening-event\/\">Private evening event<\/a><a class=\"bouton-contour\" href=\"https:\/\/villalecercle-deauville.com\/en\/organising-an-event-deauville-normandy\/private-receptions\/bar-mitzvah\/\">Bar-Mitzvah<\/a><\/div>\n\t\t\t\t\t\t<\/div>\n\t\t\t\t<\/div>\n\t\t\t\t\t<\/div>\n\t\t<\/div>\n\t\t\t\t\t<\/div>\n\t\t<\/section>\n\t\t\t\t<\/div>\n\t\t","protected":false},"excerpt":{"rendered":"<p>Organising a private reception in Deauville, Normandy Whichvilla le cercleis right for you? Would you like to make a lasting impression by celebrating a family or religious event? Marriage, birthday, bar-mitzvah, private evening event, photo shoot\u2026 The elegance, refinement and ideal geographical situation of the Villa Le Cercle will enhance all your private events. Experience [&hellip;]<\/p>\n","protected":false},"author":5,"featured_media":0,"parent":2025,"menu_order":20,"comment_status":"closed","ping_status":"closed","template":"","meta":{"_acf_changed":false,"footnotes":""},"class_list":["post-2053","page","type-page","status-publish","hentry"],"acf":[],"yoast_head":"<!-- This site is optimized with the Yoast SEO plugin v27.2 - https:\/\/yoast.com\/product\/yoast-seo-wordpress\/ -->\n<title>Venue for a Private Party | Villa Le Cercle Deauville<\/title>\n<meta name=\"description\" content=\"Do you want to organise a reception in Deauville? Come and privatise our Villa to organise a private event in the centre of Normandy.\" \/>\n<meta name=\"robots\" content=\"index, follow, max-snippet:-1, max-image-preview:large, max-video-preview:-1\" \/>\n<link rel=\"canonical\" href=\"https:\/\/villalecercle-deauville.com\/en\/organising-an-event-deauville-normandy\/private-receptions\/\" \/>\n<meta property=\"og:locale\" content=\"en_US\" \/>\n<meta property=\"og:type\" content=\"article\" \/>\n<meta property=\"og:title\" content=\"Venue for a Private Party | Villa Le Cercle Deauville\" \/>\n<meta property=\"og:description\" content=\"Do you want to organise a reception in Deauville? Come and privatise our Villa to organise a private event in the centre of Normandy.\" \/>\n<meta property=\"og:url\" content=\"https:\/\/villalecercle-deauville.com\/en\/organising-an-event-deauville-normandy\/private-receptions\/\" \/>\n<meta property=\"og:site_name\" content=\"Villa Le Cercle - Deauville\" \/>\n<meta property=\"article:modified_time\" content=\"2022-11-30T14:40:52+00:00\" \/>\n<meta name=\"twitter:card\" content=\"summary_large_image\" \/>\n<script type=\"application\/ld+json\" class=\"yoast-schema-graph\">{\"@context\":\"https:\/\/schema.org\",\"@graph\":[{\"@type\":\"WebPage\",\"@id\":\"https:\/\/villalecercle-deauville.com\/en\/organising-an-event-deauville-normandy\/private-receptions\/\",\"url\":\"https:\/\/villalecercle-deauville.com\/en\/organising-an-event-deauville-normandy\/private-receptions\/\",\"name\":\"Venue for a Private Party | Villa Le Cercle Deauville\",\"isPartOf\":{\"@id\":\"https:\/\/villalecercle-deauville.com\/en\/#website\"},\"datePublished\":\"2022-07-22T10:34:43+00:00\",\"dateModified\":\"2022-11-30T14:40:52+00:00\",\"description\":\"Do you want to organise a reception in Deauville? Come and privatise our Villa to organise a private event in the centre of Normandy.\",\"breadcrumb\":{\"@id\":\"https:\/\/villalecercle-deauville.com\/en\/organising-an-event-deauville-normandy\/private-receptions\/#breadcrumb\"},\"inLanguage\":\"en-US\",\"potentialAction\":[{\"@type\":\"ReadAction\",\"target\":[\"https:\/\/villalecercle-deauville.com\/en\/organising-an-event-deauville-normandy\/private-receptions\/\"]}]},{\"@type\":\"BreadcrumbList\",\"@id\":\"https:\/\/villalecercle-deauville.com\/en\/organising-an-event-deauville-normandy\/private-receptions\/#breadcrumb\",\"itemListElement\":[{\"@type\":\"ListItem\",\"position\":1,\"name\":\"Home\",\"item\":\"https:\/\/villalecercle-deauville.com\/en\/\"},{\"@type\":\"ListItem\",\"position\":2,\"name\":\"Organising an event\",\"item\":\"https:\/\/villalecercle-deauville.com\/en\/organising-an-event-deauville-normandy\/\"},{\"@type\":\"ListItem\",\"position\":3,\"name\":\"Private receptions\"}]},{\"@type\":\"WebSite\",\"@id\":\"https:\/\/villalecercle-deauville.com\/en\/#website\",\"url\":\"https:\/\/villalecercle-deauville.com\/en\/\",\"name\":\"Villa le Cercle Deauville\",\"description\":\"Lieu \u00e9v\u00e8nementiel \u00e0 Deauville\",\"publisher\":{\"@id\":\"https:\/\/villalecercle-deauville.com\/en\/#organization\"},\"potentialAction\":[{\"@type\":\"SearchAction\",\"target\":{\"@type\":\"EntryPoint\",\"urlTemplate\":\"https:\/\/villalecercle-deauville.com\/en\/?s={search_term_string}\"},\"query-input\":{\"@type\":\"PropertyValueSpecification\",\"valueRequired\":true,\"valueName\":\"search_term_string\"}}],\"inLanguage\":\"en-US\"},{\"@type\":\"Organization\",\"@id\":\"https:\/\/villalecercle-deauville.com\/en\/#organization\",\"name\":\"Villa le Cercle Deauville\",\"url\":\"https:\/\/villalecercle-deauville.com\/en\/\",\"logo\":{\"@type\":\"ImageObject\",\"inLanguage\":\"en-US\",\"@id\":\"https:\/\/villalecercle-deauville.com\/en\/#\/schema\/logo\/image\/\",\"url\":\"https:\/\/villalecercle-deauville.com\/wp-content\/uploads\/2022\/07\/villa-logo-or.svg\",\"contentUrl\":\"https:\/\/villalecercle-deauville.com\/wp-content\/uploads\/2022\/07\/villa-logo-or.svg\",\"width\":45,\"height\":54,\"caption\":\"Villa le Cercle Deauville\"},\"image\":{\"@id\":\"https:\/\/villalecercle-deauville.com\/en\/#\/schema\/logo\/image\/\"}}]}<\/script>\n<!-- \/ Yoast SEO plugin. -->","yoast_head_json":{"title":"Venue for a Private Party | Villa Le Cercle Deauville","description":"Do you want to organise a reception in Deauville? Come and privatise our Villa to organise a private event in the centre of Normandy.","robots":{"index":"index","follow":"follow","max-snippet":"max-snippet:-1","max-image-preview":"max-image-preview:large","max-video-preview":"max-video-preview:-1"},"canonical":"https:\/\/villalecercle-deauville.com\/en\/organising-an-event-deauville-normandy\/private-receptions\/","og_locale":"en_US","og_type":"article","og_title":"Venue for a Private Party | Villa Le Cercle Deauville","og_description":"Do you want to organise a reception in Deauville? Come and privatise our Villa to organise a private event in the centre of Normandy.","og_url":"https:\/\/villalecercle-deauville.com\/en\/organising-an-event-deauville-normandy\/private-receptions\/","og_site_name":"Villa Le Cercle - Deauville","article_modified_time":"2022-11-30T14:40:52+00:00","twitter_card":"summary_large_image","schema":{"@context":"https:\/\/schema.org","@graph":[{"@type":"WebPage","@id":"https:\/\/villalecercle-deauville.com\/en\/organising-an-event-deauville-normandy\/private-receptions\/","url":"https:\/\/villalecercle-deauville.com\/en\/organising-an-event-deauville-normandy\/private-receptions\/","name":"Venue for a Private Party | Villa Le Cercle Deauville","isPartOf":{"@id":"https:\/\/villalecercle-deauville.com\/en\/#website"},"datePublished":"2022-07-22T10:34:43+00:00","dateModified":"2022-11-30T14:40:52+00:00","description":"Do you want to organise a reception in Deauville? Come and privatise our Villa to organise a private event in the centre of Normandy.","breadcrumb":{"@id":"https:\/\/villalecercle-deauville.com\/en\/organising-an-event-deauville-normandy\/private-receptions\/#breadcrumb"},"inLanguage":"en-US","potentialAction":[{"@type":"ReadAction","target":["https:\/\/villalecercle-deauville.com\/en\/organising-an-event-deauville-normandy\/private-receptions\/"]}]},{"@type":"BreadcrumbList","@id":"https:\/\/villalecercle-deauville.com\/en\/organising-an-event-deauville-normandy\/private-receptions\/#breadcrumb","itemListElement":[{"@type":"ListItem","position":1,"name":"Home","item":"https:\/\/villalecercle-deauville.com\/en\/"},{"@type":"ListItem","position":2,"name":"Organising an event","item":"https:\/\/villalecercle-deauville.com\/en\/organising-an-event-deauville-normandy\/"},{"@type":"ListItem","position":3,"name":"Private receptions"}]},{"@type":"WebSite","@id":"https:\/\/villalecercle-deauville.com\/en\/#website","url":"https:\/\/villalecercle-deauville.com\/en\/","name":"Villa le Cercle Deauville","description":"Lieu \u00e9v\u00e8nementiel \u00e0 Deauville","publisher":{"@id":"https:\/\/villalecercle-deauville.com\/en\/#organization"},"potentialAction":[{"@type":"SearchAction","target":{"@type":"EntryPoint","urlTemplate":"https:\/\/villalecercle-deauville.com\/en\/?s={search_term_string}"},"query-input":{"@type":"PropertyValueSpecification","valueRequired":true,"valueName":"search_term_string"}}],"inLanguage":"en-US"},{"@type":"Organization","@id":"https:\/\/villalecercle-deauville.com\/en\/#organization","name":"Villa le Cercle Deauville","url":"https:\/\/villalecercle-deauville.com\/en\/","logo":{"@type":"ImageObject","inLanguage":"en-US","@id":"https:\/\/villalecercle-deauville.com\/en\/#\/schema\/logo\/image\/","url":"https:\/\/villalecercle-deauville.com\/wp-content\/uploads\/2022\/07\/villa-logo-or.svg","contentUrl":"https:\/\/villalecercle-deauville.com\/wp-content\/uploads\/2022\/07\/villa-logo-or.svg","width":45,"height":54,"caption":"Villa le Cercle Deauville"},"image":{"@id":"https:\/\/villalecercle-deauville.com\/en\/#\/schema\/logo\/image\/"}}]}},"_links":{"self":[{"href":"https:\/\/villalecercle-deauville.com\/en\/wp-json\/wp\/v2\/pages\/2053","targetHints":{"allow":["GET"]}}],"collection":[{"href":"https:\/\/villalecercle-deauville.com\/en\/wp-json\/wp\/v2\/pages"}],"about":[{"href":"https:\/\/villalecercle-deauville.com\/en\/wp-json\/wp\/v2\/types\/page"}],"author":[{"embeddable":true,"href":"https:\/\/villalecercle-deauville.com\/en\/wp-json\/wp\/v2\/users\/5"}],"replies":[{"embeddable":true,"href":"https:\/\/villalecercle-deauville.com\/en\/wp-json\/wp\/v2\/comments?post=2053"}],"version-history":[{"count":0,"href":"https:\/\/villalecercle-deauville.com\/en\/wp-json\/wp\/v2\/pages\/2053\/revisions"}],"up":[{"embeddable":true,"href":"https:\/\/villalecercle-deauville.com\/en\/wp-json\/wp\/v2\/pages\/2025"}],"wp:attachment":[{"href":"https:\/\/villalecercle-deauville.com\/en\/wp-json\/wp\/v2\/media?parent=2053"}],"curies":[{"name":"wp","href":"https:\/\/api.w.org\/{rel}","templated":true}]}}