{"id":2093,"date":"2022-07-26T10:11:22","date_gmt":"2022-07-26T08:11:22","guid":{"rendered":"https:\/\/villalecercle-deauville.com\/ask-for-a-quote\/"},"modified":"2025-03-24T09:54:36","modified_gmt":"2025-03-24T08:54:36","slug":"ask-for-a-quote","status":"publish","type":"page","link":"https:\/\/villalecercle-deauville.com\/en\/ask-for-a-quote\/","title":{"rendered":"Ask for a quote"},"content":{"rendered":"\t\t<div data-elementor-type=\"wp-page\" data-elementor-id=\"2093\" class=\"elementor elementor-2093 elementor-54\" data-elementor-post-type=\"page\">\n\t\t\t\t\t\t<section data-particle_enable=\"false\" data-particle-mobile-disabled=\"false\" class=\"elementor-section elementor-top-section elementor-element elementor-element-9403e41 elementor-section-boxed elementor-section-height-default elementor-section-height-default\" data-id=\"9403e41\" data-element_type=\"section\" data-e-type=\"section\">\n\t\t\t\t\t\t<div class=\"elementor-container elementor-column-gap-default\">\n\t\t\t\t\t<div class=\"elementor-column elementor-col-100 elementor-top-column elementor-element elementor-element-d3276d4\" data-id=\"d3276d4\" data-element_type=\"column\" data-e-type=\"column\">\n\t\t\t<div class=\"elementor-widget-wrap elementor-element-populated\">\n\t\t\t\t\t\t<div class=\"elementor-element elementor-element-b417f5e elementor-widget elementor-widget-heading\" data-id=\"b417f5e\" data-element_type=\"widget\" data-e-type=\"widget\" data-widget_type=\"heading.default\">\n\t\t\t\t<div class=\"elementor-widget-container\">\n\t\t\t\t\t<h1 class=\"elementor-heading-title elementor-size-default\">Ask for a quote<\/h1>\t\t\t\t<\/div>\n\t\t\t\t<\/div>\n\t\t\t\t<div class=\"elementor-element elementor-element-3901b2b elementor-widget elementor-widget-global elementor-global-716 elementor-widget-breadcrumbs\" data-id=\"3901b2b\" data-element_type=\"widget\" data-e-type=\"widget\" data-widget_type=\"breadcrumbs.default\">\n\t\t\t\t<div class=\"elementor-widget-container\">\n\t\t\t\t\t<p id=\"breadcrumbs\"><span><span><a href=\"https:\/\/villalecercle-deauville.com\/en\/\">Home<\/a><\/span><\/span><\/p>\t\t\t\t<\/div>\n\t\t\t\t<\/div>\n\t\t\t\t\t<\/div>\n\t\t<\/div>\n\t\t\t\t\t<\/div>\n\t\t<\/section>\n\t\t\t\t<section data-particle_enable=\"false\" data-particle-mobile-disabled=\"false\" class=\"elementor-section elementor-top-section elementor-element elementor-element-226da6f elementor-section-boxed elementor-section-height-default elementor-section-height-default\" data-id=\"226da6f\" data-element_type=\"section\" data-e-type=\"section\" data-settings=\"{&quot;background_background&quot;:&quot;classic&quot;}\">\n\t\t\t\t\t\t\t<div class=\"elementor-background-overlay\"><\/div>\n\t\t\t\t\t\t\t<div class=\"elementor-container elementor-column-gap-default\">\n\t\t\t\t\t<div class=\"elementor-column elementor-col-100 elementor-top-column elementor-element elementor-element-414a50d\" data-id=\"414a50d\" data-element_type=\"column\" data-e-type=\"column\">\n\t\t\t<div class=\"elementor-widget-wrap elementor-element-populated\">\n\t\t\t\t\t\t<div class=\"elementor-element elementor-element-2c19a29 animated-slow elementor-invisible elementor-widget elementor-widget-heading\" data-id=\"2c19a29\" data-element_type=\"widget\" data-e-type=\"widget\" data-settings=\"{&quot;_animation&quot;:&quot;fadeInDown&quot;,&quot;_animation_tablet&quot;:&quot;none&quot;}\" data-widget_type=\"heading.default\">\n\t\t\t\t<div class=\"elementor-widget-container\">\n\t\t\t\t\t<h2 class=\"elementor-heading-title elementor-size-default\">Villa le Cercle,<br>fully customized<br>event venue<\/h2>\t\t\t\t<\/div>\n\t\t\t\t<\/div>\n\t\t\t\t\t<\/div>\n\t\t<\/div>\n\t\t\t\t\t<\/div>\n\t\t<\/section>\n\t\t\t\t<section data-particle_enable=\"false\" data-particle-mobile-disabled=\"false\" class=\"elementor-section elementor-top-section elementor-element elementor-element-f82006e elementor-section-boxed elementor-section-height-default elementor-section-height-default\" data-id=\"f82006e\" data-element_type=\"section\" data-e-type=\"section\">\n\t\t\t\t\t\t<div class=\"elementor-container elementor-column-gap-default\">\n\t\t\t\t\t<div class=\"elementor-column elementor-col-100 elementor-top-column elementor-element elementor-element-42e4e87\" data-id=\"42e4e87\" data-element_type=\"column\" data-e-type=\"column\">\n\t\t\t<div class=\"elementor-widget-wrap elementor-element-populated\">\n\t\t\t\t\t\t<div class=\"elementor-element elementor-element-6b7fc19 elementor-widget elementor-widget-text-editor\" data-id=\"6b7fc19\" data-element_type=\"widget\" data-e-type=\"widget\" data-widget_type=\"text-editor.default\">\n\t\t\t\t<div class=\"elementor-widget-container\">\n\t\t\t\t\t\t\t\t\t<p>The team at the CID -Deauville Congess Centre is at your disposal for any further information, leave us a message and we will get back to you as soon as possible.<\/p>\n\t\t\t\t\t\t\t\t<\/div>\n\t\t\t\t<\/div>\n\t\t\t\t<div class=\"elementor-element elementor-element-a5cd582 elementor-widget elementor-widget-text-editor\" data-id=\"a5cd582\" data-element_type=\"widget\" data-e-type=\"widget\" data-widget_type=\"text-editor.default\">\n\t\t\t\t<div class=\"elementor-widget-container\">\n\t\t\t\t\t\t\t\t\t<p><a href=\"tel:+%2033%202%2031%2014%2014%2014\">+ 33 2 31 14 14 14<\/a><\/p>\n\t\t\t\t\t\t\t\t<\/div>\n\t\t\t\t<\/div>\n\t\t\t\t<div class=\"elementor-element elementor-element-50df40d elementor-hidden-desktop elementor-hidden-tablet elementor-hidden-mobile elementor-widget elementor-widget-html\" data-id=\"50df40d\" data-element_type=\"widget\" data-e-type=\"widget\" id=\"external-form\" data-widget_type=\"html.default\">\n\t\t\t\t<div class=\"elementor-widget-container\">\n\t\t\t\t\t<script src=\"https:\/\/congres-de-deauville.lab-event.com\/website\/event-form.js?time=1729174645&form_id=5&type=1\" type=\"text\/javascript\"><\/script>\t\t\t\t<\/div>\n\t\t\t\t<\/div>\n\t\t\t\t<div class=\"elementor-element elementor-element-1f42192 elementor-button-align-stretch elementor-widget elementor-widget-form\" data-id=\"1f42192\" data-element_type=\"widget\" data-e-type=\"widget\" data-settings=\"{&quot;step_next_label&quot;:&quot;Next&quot;,&quot;step_previous_label&quot;:&quot;Previous&quot;,&quot;button_width&quot;:&quot;100&quot;,&quot;step_type&quot;:&quot;number_text&quot;,&quot;step_icon_shape&quot;:&quot;circle&quot;}\" data-widget_type=\"form.default\">\n\t\t\t\t<div class=\"elementor-widget-container\">\n\t\t\t\t\t\t\t<form class=\"elementor-form\" method=\"post\" name=\"Ask for a quote\" aria-label=\"Ask for a quote\">\n\t\t\t<input type=\"hidden\" name=\"post_id\" value=\"2093\"\/>\n\t\t\t<input type=\"hidden\" name=\"form_id\" value=\"1f42192\"\/>\n\t\t\t<input type=\"hidden\" name=\"referer_title\" value=\"Request for quotation | Villa le Cercle Deauville\" \/>\n\n\t\t\t\t\t\t\t<input type=\"hidden\" name=\"queried_id\" value=\"2093\"\/>\n\t\t\t\n\t\t\t<div class=\"elementor-form-fields-wrapper elementor-labels-\">\n\t\t\t\t\t\t\t\t<div class=\"elementor-field-type-select elementor-field-group elementor-column elementor-field-group-field_61e3edf elementor-col-50 elementor-field-required\">\n\t\t\t\t\t\t\t\t\t\t\t\t<label for=\"form-field-field_61e3edf\" class=\"elementor-field-label elementor-screen-only\">\n\t\t\t\t\t\t\t\tEvent\t\t\t\t\t\t\t<\/label>\n\t\t\t\t\t\t\t\t<div class=\"elementor-field elementor-select-wrapper remove-before \">\n\t\t\t<div class=\"select-caret-down-wrapper\">\n\t\t\t\t<i aria-hidden=\"true\" class=\"eicon-caret-down\"><\/i>\t\t\t<\/div>\n\t\t\t<select name=\"form_fields[field_61e3edf]\" id=\"form-field-field_61e3edf\" class=\"elementor-field-textual elementor-size-lg\" required=\"required\">\n\t\t\t\t\t\t\t\t\t<option value=\"You are...\">You are...<\/option>\n\t\t\t\t\t\t\t\t\t<option value=\"A company\">A company<\/option>\n\t\t\t\t\t\t\t\t\t<option value=\"An individual\">An individual<\/option>\n\t\t\t\t\t\t\t<\/select>\n\t\t<\/div>\n\t\t\t\t\t\t<\/div>\n\t\t\t\t\t\t\t\t<div class=\"elementor-field-type-select elementor-field-group elementor-column elementor-field-group-field_c4d096a elementor-col-50 elementor-field-required\">\n\t\t\t\t\t\t\t\t\t\t\t\t<label for=\"form-field-field_c4d096a\" class=\"elementor-field-label elementor-screen-only\">\n\t\t\t\t\t\t\t\tType of event\t\t\t\t\t\t\t<\/label>\n\t\t\t\t\t\t\t\t<div class=\"elementor-field elementor-select-wrapper remove-before \">\n\t\t\t<div class=\"select-caret-down-wrapper\">\n\t\t\t\t<i aria-hidden=\"true\" class=\"eicon-caret-down\"><\/i>\t\t\t<\/div>\n\t\t\t<select name=\"form_fields[field_c4d096a]\" id=\"form-field-field_c4d096a\" class=\"elementor-field-textual elementor-size-lg\" required=\"required\">\n\t\t\t\t\t\t\t\t\t<option value=\"Choose a type of event...\">Choose a type of event...<\/option>\n\t\t\t\t\t\t\t\t\t<option value=\"Congress\">Congress<\/option>\n\t\t\t\t\t\t\t\t\t<option value=\"Seminar\">Seminar<\/option>\n\t\t\t\t\t\t\t\t\t<option value=\"Study day\">Study day<\/option>\n\t\t\t\t\t\t\t\t\t<option value=\"Scientific day\">Scientific day<\/option>\n\t\t\t\t\t\t\t\t\t<option value=\"Meeting\">Meeting<\/option>\n\t\t\t\t\t\t\t\t\t<option value=\"Conference\">Conference<\/option>\n\t\t\t\t\t\t\t\t\t<option value=\"Lunch\">Lunch<\/option>\n\t\t\t\t\t\t\t\t\t<option value=\"Dinner\">Dinner<\/option>\n\t\t\t\t\t\t\t\t\t<option value=\"Cocktail\">Cocktail<\/option>\n\t\t\t\t\t\t\t\t\t<option value=\"Evening event\">Evening event<\/option>\n\t\t\t\t\t\t\t\t\t<option value=\"Press Conference\">Press Conference<\/option>\n\t\t\t\t\t\t\t\t\t<option value=\"Other\">Other<\/option>\n\t\t\t\t\t\t\t<\/select>\n\t\t<\/div>\n\t\t\t\t\t\t<\/div>\n\t\t\t\t\t\t\t\t<div class=\"elementor-field-type-text elementor-field-group elementor-column elementor-field-group-nom elementor-col-50 elementor-field-required\">\n\t\t\t\t\t\t\t\t\t\t\t\t<label for=\"form-field-nom\" class=\"elementor-field-label elementor-screen-only\">\n\t\t\t\t\t\t\t\tSurname\t\t\t\t\t\t\t<\/label>\n\t\t\t\t\t\t\t\t\t\t\t\t\t\t<input size=\"1\" type=\"text\" name=\"form_fields[nom]\" id=\"form-field-nom\" class=\"elementor-field elementor-size-lg  elementor-field-textual\" placeholder=\"Surname\" required=\"required\">\n\t\t\t\t\t\t\t\t\t\t\t<\/div>\n\t\t\t\t\t\t\t\t<div class=\"elementor-field-type-text elementor-field-group elementor-column elementor-field-group-prenom elementor-col-50 elementor-field-required\">\n\t\t\t\t\t\t\t\t\t\t\t\t<label for=\"form-field-prenom\" class=\"elementor-field-label elementor-screen-only\">\n\t\t\t\t\t\t\t\tFirst name\t\t\t\t\t\t\t<\/label>\n\t\t\t\t\t\t\t\t\t\t\t\t\t\t<input size=\"1\" type=\"text\" name=\"form_fields[prenom]\" id=\"form-field-prenom\" class=\"elementor-field elementor-size-lg  elementor-field-textual\" placeholder=\"First name\" required=\"required\">\n\t\t\t\t\t\t\t\t\t\t\t<\/div>\n\t\t\t\t\t\t\t\t<div class=\"elementor-field-type-text elementor-field-group elementor-column elementor-field-group-entreprise elementor-col-50\">\n\t\t\t\t\t\t\t\t\t\t\t\t<label for=\"form-field-entreprise\" class=\"elementor-field-label elementor-screen-only\">\n\t\t\t\t\t\t\t\tCompany\t\t\t\t\t\t\t<\/label>\n\t\t\t\t\t\t\t\t\t\t\t\t\t\t<input size=\"1\" type=\"text\" name=\"form_fields[entreprise]\" id=\"form-field-entreprise\" class=\"elementor-field elementor-size-lg  elementor-field-textual\" placeholder=\"Company name (optional)\">\n\t\t\t\t\t\t\t\t\t\t\t<\/div>\n\t\t\t\t\t\t\t\t<div class=\"elementor-field-type-text elementor-field-group elementor-column elementor-field-group-codepostal elementor-col-50 elementor-field-required\">\n\t\t\t\t\t\t\t\t\t\t\t\t<label for=\"form-field-codepostal\" class=\"elementor-field-label elementor-screen-only\">\n\t\t\t\t\t\t\t\tPostcode\t\t\t\t\t\t\t<\/label>\n\t\t\t\t\t\t\t\t\t\t\t\t\t\t<input size=\"1\" type=\"text\" name=\"form_fields[codepostal]\" id=\"form-field-codepostal\" class=\"elementor-field elementor-size-lg  elementor-field-textual\" placeholder=\"Postcode\" required=\"required\">\n\t\t\t\t\t\t\t\t\t\t\t<\/div>\n\t\t\t\t\t\t\t\t<div class=\"elementor-field-type-email elementor-field-group elementor-column elementor-field-group-email elementor-col-50 elementor-field-required\">\n\t\t\t\t\t\t\t\t\t\t\t\t<label for=\"form-field-email\" class=\"elementor-field-label elementor-screen-only\">\n\t\t\t\t\t\t\t\tEmail\t\t\t\t\t\t\t<\/label>\n\t\t\t\t\t\t\t\t\t\t\t\t\t\t<input size=\"1\" type=\"email\" name=\"form_fields[email]\" id=\"form-field-email\" class=\"elementor-field elementor-size-lg  elementor-field-textual\" placeholder=\"Email\" required=\"required\">\n\t\t\t\t\t\t\t\t\t\t\t<\/div>\n\t\t\t\t\t\t\t\t<div class=\"elementor-field-type-text elementor-field-group elementor-column elementor-field-group-telephone elementor-col-50 elementor-field-required\">\n\t\t\t\t\t\t\t\t\t\t\t\t<label for=\"form-field-telephone\" class=\"elementor-field-label elementor-screen-only\">\n\t\t\t\t\t\t\t\tTelephone\t\t\t\t\t\t\t<\/label>\n\t\t\t\t\t\t\t\t\t\t\t\t\t\t<input size=\"1\" type=\"text\" name=\"form_fields[telephone]\" id=\"form-field-telephone\" class=\"elementor-field elementor-size-lg  elementor-field-textual\" placeholder=\"Telephone\" required=\"required\">\n\t\t\t\t\t\t\t\t\t\t\t<\/div>\n\t\t\t\t\t\t\t\t<div class=\"elementor-field-type-text elementor-field-group elementor-column elementor-field-group-sujet elementor-col-100 elementor-field-required\">\n\t\t\t\t\t\t\t\t\t\t\t\t<label for=\"form-field-sujet\" class=\"elementor-field-label elementor-screen-only\">\n\t\t\t\t\t\t\t\tSubject\t\t\t\t\t\t\t<\/label>\n\t\t\t\t\t\t\t\t\t\t\t\t\t\t<input size=\"1\" type=\"text\" name=\"form_fields[sujet]\" id=\"form-field-sujet\" class=\"elementor-field elementor-size-lg  elementor-field-textual\" placeholder=\"Subject\" required=\"required\">\n\t\t\t\t\t\t\t\t\t\t\t<\/div>\n\t\t\t\t\t\t\t\t<div class=\"elementor-field-type-textarea elementor-field-group elementor-column elementor-field-group-message elementor-col-100 elementor-field-required\">\n\t\t\t\t\t\t\t\t\t\t\t\t<label for=\"form-field-message\" class=\"elementor-field-label elementor-screen-only\">\n\t\t\t\t\t\t\t\tMessage\t\t\t\t\t\t\t<\/label>\n\t\t\t\t\t\t<textarea class=\"elementor-field-textual elementor-field  elementor-size-lg\" name=\"form_fields[message]\" id=\"form-field-message\" rows=\"4\" placeholder=\"Message\" required=\"required\"><\/textarea>\t\t\t\t<\/div>\n\t\t\t\t\t\t\t\t<div class=\"elementor-field-type-acceptance elementor-field-group elementor-column elementor-field-group-optin elementor-col-100 elementor-field-required\">\n\t\t\t\t\t\t\t\t\t\t\t\t<label for=\"form-field-optin\" class=\"elementor-field-label elementor-screen-only\">\n\t\t\t\t\t\t\t\tPersonal data use\t\t\t\t\t\t\t<\/label>\n\t\t\t\t\t\t\t\t<div class=\"elementor-field-subgroup\">\n\t\t\t<span class=\"elementor-field-option\">\n\t\t\t\t<input type=\"checkbox\" name=\"form_fields[optin]\" id=\"form-field-optin\" class=\"elementor-field elementor-size-lg  elementor-acceptance-field\" required=\"required\">\n\t\t\t\t<label for=\"form-field-optin\">By submitting this form, I agree that my personal data may be used to contact me in relation to my request indicated in this form. No further processing will be done with my information. You have the right to rectify or delete your data at any time.\n<a href=\"https:\/\/villalecercle-deauville.com\/politique-de-confidentialite\/\">Learn more about the management of your personal data and to exercise your rights<\/a><\/label>\t\t\t<\/span>\n\t\t<\/div>\n\t\t\t\t\t\t<\/div>\n\t\t\t\t\t\t\t\t<div class=\"elementor-field-type-acceptance elementor-field-group elementor-column elementor-field-group-field_200c070 elementor-col-100\">\n\t\t\t\t\t\t\t\t\t\t\t\t<label for=\"form-field-field_200c070\" class=\"elementor-field-label elementor-screen-only\">\n\t\t\t\t\t\t\t\tSubscription to the newsletter\t\t\t\t\t\t\t<\/label>\n\t\t\t\t\t\t\t\t<div class=\"elementor-field-subgroup\">\n\t\t\t<span class=\"elementor-field-option\">\n\t\t\t\t<input type=\"checkbox\" name=\"form_fields[field_200c070]\" id=\"form-field-field_200c070\" class=\"elementor-field elementor-size-lg  elementor-acceptance-field\">\n\t\t\t\t<label for=\"form-field-field_200c070\">I accept that the information entered in this form will be used to send me the newsletter.<\/label>\t\t\t<\/span>\n\t\t<\/div>\n\t\t\t\t\t\t<\/div>\n\t\t\t\t\t\t\t\t<div class=\"elementor-field-type-recaptcha elementor-field-group elementor-column elementor-field-group-field_bab9012 elementor-col-100\">\n\t\t\t\t\t<div class=\"elementor-field\" id=\"form-field-field_bab9012\"><div class=\"elementor-g-recaptcha\" data-sitekey=\"6Len59YiAAAAAHxfNUllObXVOlbZzEGtSev1OMIA\" data-type=\"v2_checkbox\" data-theme=\"light\" data-size=\"normal\"><\/div><\/div>\t\t\t\t<\/div>\n\t\t\t\t\t\t\t\t<div class=\"elementor-field-group elementor-column elementor-field-type-submit elementor-col-100 e-form__buttons\">\n\t\t\t\t\t<button class=\"elementor-button elementor-size-sm\" type=\"submit\">\n\t\t\t\t\t\t<span class=\"elementor-button-content-wrapper\">\n\t\t\t\t\t\t\t\t\t\t\t\t\t\t\t\t\t\t\t\t\t\t<span class=\"elementor-button-text\">Send<\/span>\n\t\t\t\t\t\t\t\t\t\t\t\t\t<\/span>\n\t\t\t\t\t<\/button>\n\t\t\t\t<\/div>\n\t\t\t<\/div>\n\t\t<\/form>\n\t\t\t\t\t\t<\/div>\n\t\t\t\t<\/div>\n\t\t\t\t\t<\/div>\n\t\t<\/div>\n\t\t\t\t\t<\/div>\n\t\t<\/section>\n\t\t\t\t<\/div>\n\t\t","protected":false},"excerpt":{"rendered":"<p>Ask for a quote Villa le Cercle,fully customizedevent venue The team at the CID -Deauville Congess Centre is at your disposal for any further information, leave us a message and we will get back to you as soon as possible. + 33 2 31 14 14 14<\/p>\n","protected":false},"author":5,"featured_media":0,"parent":0,"menu_order":60,"comment_status":"closed","ping_status":"closed","template":"","meta":{"_acf_changed":false,"footnotes":""},"class_list":["post-2093","page","type-page","status-publish","hentry"],"acf":[],"yoast_head":"<!-- This site is optimized with the Yoast SEO plugin v27.2 - https:\/\/yoast.com\/product\/yoast-seo-wordpress\/ -->\n<title>Request for quotation | Villa le Cercle Deauville<\/title>\n<meta name=\"description\" content=\"Do you have a professional or private event in mind? We help you to make it happen! Please contact us.\" \/>\n<meta name=\"robots\" content=\"index, follow, max-snippet:-1, max-image-preview:large, max-video-preview:-1\" \/>\n<link rel=\"canonical\" href=\"https:\/\/villalecercle-deauville.com\/en\/ask-for-a-quote\/\" \/>\n<meta property=\"og:locale\" content=\"en_US\" \/>\n<meta property=\"og:type\" content=\"article\" \/>\n<meta property=\"og:title\" content=\"Request for quotation | Villa le Cercle Deauville\" \/>\n<meta property=\"og:description\" content=\"Do you have a professional or private event in mind? We help you to make it happen! Please contact us.\" \/>\n<meta property=\"og:url\" content=\"https:\/\/villalecercle-deauville.com\/en\/ask-for-a-quote\/\" \/>\n<meta property=\"og:site_name\" content=\"Villa Le Cercle - Deauville\" \/>\n<meta property=\"article:modified_time\" content=\"2025-03-24T08:54:36+00:00\" \/>\n<meta name=\"twitter:card\" content=\"summary_large_image\" \/>\n<meta name=\"twitter:label1\" content=\"Est. reading time\" \/>\n\t<meta name=\"twitter:data1\" content=\"1 minute\" \/>\n<script type=\"application\/ld+json\" class=\"yoast-schema-graph\">{\"@context\":\"https:\/\/schema.org\",\"@graph\":[{\"@type\":\"WebPage\",\"@id\":\"https:\/\/villalecercle-deauville.com\/en\/ask-for-a-quote\/\",\"url\":\"https:\/\/villalecercle-deauville.com\/en\/ask-for-a-quote\/\",\"name\":\"Request for quotation | Villa le Cercle Deauville\",\"isPartOf\":{\"@id\":\"https:\/\/villalecercle-deauville.com\/en\/#website\"},\"datePublished\":\"2022-07-26T08:11:22+00:00\",\"dateModified\":\"2025-03-24T08:54:36+00:00\",\"description\":\"Do you have a professional or private event in mind? We help you to make it happen! Please contact us.\",\"breadcrumb\":{\"@id\":\"https:\/\/villalecercle-deauville.com\/en\/ask-for-a-quote\/#breadcrumb\"},\"inLanguage\":\"en-US\",\"potentialAction\":[{\"@type\":\"ReadAction\",\"target\":[\"https:\/\/villalecercle-deauville.com\/en\/ask-for-a-quote\/\"]}]},{\"@type\":\"BreadcrumbList\",\"@id\":\"https:\/\/villalecercle-deauville.com\/en\/ask-for-a-quote\/#breadcrumb\",\"itemListElement\":[{\"@type\":\"ListItem\",\"position\":1,\"name\":\"Home\",\"item\":\"https:\/\/villalecercle-deauville.com\/en\/\"},{\"@type\":\"ListItem\",\"position\":2,\"name\":\"Ask for a quote\"}]},{\"@type\":\"WebSite\",\"@id\":\"https:\/\/villalecercle-deauville.com\/en\/#website\",\"url\":\"https:\/\/villalecercle-deauville.com\/en\/\",\"name\":\"Villa le Cercle Deauville\",\"description\":\"Lieu \u00e9v\u00e8nementiel \u00e0 Deauville\",\"publisher\":{\"@id\":\"https:\/\/villalecercle-deauville.com\/en\/#organization\"},\"potentialAction\":[{\"@type\":\"SearchAction\",\"target\":{\"@type\":\"EntryPoint\",\"urlTemplate\":\"https:\/\/villalecercle-deauville.com\/en\/?s={search_term_string}\"},\"query-input\":{\"@type\":\"PropertyValueSpecification\",\"valueRequired\":true,\"valueName\":\"search_term_string\"}}],\"inLanguage\":\"en-US\"},{\"@type\":\"Organization\",\"@id\":\"https:\/\/villalecercle-deauville.com\/en\/#organization\",\"name\":\"Villa le Cercle Deauville\",\"url\":\"https:\/\/villalecercle-deauville.com\/en\/\",\"logo\":{\"@type\":\"ImageObject\",\"inLanguage\":\"en-US\",\"@id\":\"https:\/\/villalecercle-deauville.com\/en\/#\/schema\/logo\/image\/\",\"url\":\"https:\/\/villalecercle-deauville.com\/wp-content\/uploads\/2022\/07\/villa-logo-or.svg\",\"contentUrl\":\"https:\/\/villalecercle-deauville.com\/wp-content\/uploads\/2022\/07\/villa-logo-or.svg\",\"width\":45,\"height\":54,\"caption\":\"Villa le Cercle Deauville\"},\"image\":{\"@id\":\"https:\/\/villalecercle-deauville.com\/en\/#\/schema\/logo\/image\/\"}}]}<\/script>\n<!-- \/ Yoast SEO plugin. -->","yoast_head_json":{"title":"Request for quotation | Villa le Cercle Deauville","description":"Do you have a professional or private event in mind? We help you to make it happen! Please contact us.","robots":{"index":"index","follow":"follow","max-snippet":"max-snippet:-1","max-image-preview":"max-image-preview:large","max-video-preview":"max-video-preview:-1"},"canonical":"https:\/\/villalecercle-deauville.com\/en\/ask-for-a-quote\/","og_locale":"en_US","og_type":"article","og_title":"Request for quotation | Villa le Cercle Deauville","og_description":"Do you have a professional or private event in mind? We help you to make it happen! Please contact us.","og_url":"https:\/\/villalecercle-deauville.com\/en\/ask-for-a-quote\/","og_site_name":"Villa Le Cercle - Deauville","article_modified_time":"2025-03-24T08:54:36+00:00","twitter_card":"summary_large_image","twitter_misc":{"Est. reading time":"1 minute"},"schema":{"@context":"https:\/\/schema.org","@graph":[{"@type":"WebPage","@id":"https:\/\/villalecercle-deauville.com\/en\/ask-for-a-quote\/","url":"https:\/\/villalecercle-deauville.com\/en\/ask-for-a-quote\/","name":"Request for quotation | Villa le Cercle Deauville","isPartOf":{"@id":"https:\/\/villalecercle-deauville.com\/en\/#website"},"datePublished":"2022-07-26T08:11:22+00:00","dateModified":"2025-03-24T08:54:36+00:00","description":"Do you have a professional or private event in mind? We help you to make it happen! Please contact us.","breadcrumb":{"@id":"https:\/\/villalecercle-deauville.com\/en\/ask-for-a-quote\/#breadcrumb"},"inLanguage":"en-US","potentialAction":[{"@type":"ReadAction","target":["https:\/\/villalecercle-deauville.com\/en\/ask-for-a-quote\/"]}]},{"@type":"BreadcrumbList","@id":"https:\/\/villalecercle-deauville.com\/en\/ask-for-a-quote\/#breadcrumb","itemListElement":[{"@type":"ListItem","position":1,"name":"Home","item":"https:\/\/villalecercle-deauville.com\/en\/"},{"@type":"ListItem","position":2,"name":"Ask for a quote"}]},{"@type":"WebSite","@id":"https:\/\/villalecercle-deauville.com\/en\/#website","url":"https:\/\/villalecercle-deauville.com\/en\/","name":"Villa le Cercle Deauville","description":"Lieu \u00e9v\u00e8nementiel \u00e0 Deauville","publisher":{"@id":"https:\/\/villalecercle-deauville.com\/en\/#organization"},"potentialAction":[{"@type":"SearchAction","target":{"@type":"EntryPoint","urlTemplate":"https:\/\/villalecercle-deauville.com\/en\/?s={search_term_string}"},"query-input":{"@type":"PropertyValueSpecification","valueRequired":true,"valueName":"search_term_string"}}],"inLanguage":"en-US"},{"@type":"Organization","@id":"https:\/\/villalecercle-deauville.com\/en\/#organization","name":"Villa le Cercle Deauville","url":"https:\/\/villalecercle-deauville.com\/en\/","logo":{"@type":"ImageObject","inLanguage":"en-US","@id":"https:\/\/villalecercle-deauville.com\/en\/#\/schema\/logo\/image\/","url":"https:\/\/villalecercle-deauville.com\/wp-content\/uploads\/2022\/07\/villa-logo-or.svg","contentUrl":"https:\/\/villalecercle-deauville.com\/wp-content\/uploads\/2022\/07\/villa-logo-or.svg","width":45,"height":54,"caption":"Villa le Cercle Deauville"},"image":{"@id":"https:\/\/villalecercle-deauville.com\/en\/#\/schema\/logo\/image\/"}}]}},"_links":{"self":[{"href":"https:\/\/villalecercle-deauville.com\/en\/wp-json\/wp\/v2\/pages\/2093","targetHints":{"allow":["GET"]}}],"collection":[{"href":"https:\/\/villalecercle-deauville.com\/en\/wp-json\/wp\/v2\/pages"}],"about":[{"href":"https:\/\/villalecercle-deauville.com\/en\/wp-json\/wp\/v2\/types\/page"}],"author":[{"embeddable":true,"href":"https:\/\/villalecercle-deauville.com\/en\/wp-json\/wp\/v2\/users\/5"}],"replies":[{"embeddable":true,"href":"https:\/\/villalecercle-deauville.com\/en\/wp-json\/wp\/v2\/comments?post=2093"}],"version-history":[{"count":0,"href":"https:\/\/villalecercle-deauville.com\/en\/wp-json\/wp\/v2\/pages\/2093\/revisions"}],"wp:attachment":[{"href":"https:\/\/villalecercle-deauville.com\/en\/wp-json\/wp\/v2\/media?parent=2093"}],"curies":[{"name":"wp","href":"https:\/\/api.w.org\/{rel}","templated":true}]}}