{"id":2094,"date":"2022-07-26T10:12:00","date_gmt":"2022-07-26T08:12:00","guid":{"rendered":"https:\/\/villalecercle-deauville.com\/contact\/"},"modified":"2022-12-01T13:24:13","modified_gmt":"2022-12-01T12:24:13","slug":"contact","status":"publish","type":"page","link":"https:\/\/villalecercle-deauville.com\/en\/contact\/","title":{"rendered":"Contact"},"content":{"rendered":"\t\t<div data-elementor-type=\"wp-page\" data-elementor-id=\"2094\" class=\"elementor elementor-2094 elementor-58\" data-elementor-post-type=\"page\">\n\t\t\t\t\t\t<section data-particle_enable=\"false\" data-particle-mobile-disabled=\"false\" class=\"elementor-section elementor-top-section elementor-element elementor-element-051c3c9 elementor-section-boxed elementor-section-height-default elementor-section-height-default\" data-id=\"051c3c9\" data-element_type=\"section\" data-e-type=\"section\">\n\t\t\t\t\t\t<div class=\"elementor-container elementor-column-gap-default\">\n\t\t\t\t\t<div class=\"elementor-column elementor-col-100 elementor-top-column elementor-element elementor-element-eddf6f0\" data-id=\"eddf6f0\" data-element_type=\"column\" data-e-type=\"column\">\n\t\t\t<div class=\"elementor-widget-wrap elementor-element-populated\">\n\t\t\t\t\t\t<div class=\"elementor-element elementor-element-393d85a elementor-widget elementor-widget-heading\" data-id=\"393d85a\" data-element_type=\"widget\" data-e-type=\"widget\" data-widget_type=\"heading.default\">\n\t\t\t\t<div class=\"elementor-widget-container\">\n\t\t\t\t\t<h1 class=\"elementor-heading-title elementor-size-default\">Contact us<\/h1>\t\t\t\t<\/div>\n\t\t\t\t<\/div>\n\t\t\t\t<div class=\"elementor-element elementor-element-86c112a elementor-widget elementor-widget-global elementor-global-716 elementor-widget-breadcrumbs\" data-id=\"86c112a\" data-element_type=\"widget\" data-e-type=\"widget\" data-widget_type=\"breadcrumbs.default\">\n\t\t\t\t<div class=\"elementor-widget-container\">\n\t\t\t\t\t<p id=\"breadcrumbs\"><span><span><a href=\"https:\/\/villalecercle-deauville.com\/en\/\">Home<\/a><\/span><\/span><\/p>\t\t\t\t<\/div>\n\t\t\t\t<\/div>\n\t\t\t\t\t<\/div>\n\t\t<\/div>\n\t\t\t\t\t<\/div>\n\t\t<\/section>\n\t\t\t\t<section data-particle_enable=\"false\" data-particle-mobile-disabled=\"false\" class=\"elementor-section elementor-top-section elementor-element elementor-element-9a0815c elementor-section-boxed elementor-section-height-default elementor-section-height-default\" data-id=\"9a0815c\" data-element_type=\"section\" data-e-type=\"section\" data-settings=\"{&quot;background_background&quot;:&quot;classic&quot;}\">\n\t\t\t\t\t\t\t<div class=\"elementor-background-overlay\"><\/div>\n\t\t\t\t\t\t\t<div class=\"elementor-container elementor-column-gap-default\">\n\t\t\t\t\t<div class=\"elementor-column elementor-col-100 elementor-top-column elementor-element elementor-element-d0d4316\" data-id=\"d0d4316\" data-element_type=\"column\" data-e-type=\"column\">\n\t\t\t<div class=\"elementor-widget-wrap elementor-element-populated\">\n\t\t\t\t\t\t<div class=\"elementor-element elementor-element-b81257e animated-slow elementor-invisible elementor-widget elementor-widget-heading\" data-id=\"b81257e\" data-element_type=\"widget\" data-e-type=\"widget\" data-settings=\"{&quot;_animation&quot;:&quot;fadeInDown&quot;,&quot;_animation_tablet&quot;:&quot;none&quot;}\" data-widget_type=\"heading.default\">\n\t\t\t\t<div class=\"elementor-widget-container\">\n\t\t\t\t\t<h2 class=\"elementor-heading-title elementor-size-default\">Villa le Cercle,<br>fully customized<br>event venue<\/h2>\t\t\t\t<\/div>\n\t\t\t\t<\/div>\n\t\t\t\t\t<\/div>\n\t\t<\/div>\n\t\t\t\t\t<\/div>\n\t\t<\/section>\n\t\t\t\t<section data-particle_enable=\"false\" data-particle-mobile-disabled=\"false\" class=\"elementor-section elementor-top-section elementor-element elementor-element-0c58bfd elementor-section-boxed elementor-section-height-default elementor-section-height-default\" data-id=\"0c58bfd\" data-element_type=\"section\" data-e-type=\"section\">\n\t\t\t\t\t\t<div class=\"elementor-container elementor-column-gap-default\">\n\t\t\t\t\t<div class=\"elementor-column elementor-col-50 elementor-top-column elementor-element elementor-element-870523a\" data-id=\"870523a\" data-element_type=\"column\" data-e-type=\"column\">\n\t\t\t<div class=\"elementor-widget-wrap elementor-element-populated\">\n\t\t\t\t\t\t<div class=\"elementor-element elementor-element-502befb elementor-widget elementor-widget-text-editor\" data-id=\"502befb\" data-element_type=\"widget\" data-e-type=\"widget\" data-widget_type=\"text-editor.default\">\n\t\t\t\t<div class=\"elementor-widget-container\">\n\t\t\t\t\t\t\t\t\t<p>The Villa Le Cercle in Deauville benefits from the expertise of the CID \u2013 Deauville Congress Centre. Leave us a message and we\u2019ll get back to you soon. <\/p>\n\t\t\t\t\t\t\t\t<\/div>\n\t\t\t\t<\/div>\n\t\t\t\t<div class=\"elementor-element elementor-element-e8b2536 elementor-icon-list--layout-traditional elementor-list-item-link-full_width elementor-widget elementor-widget-icon-list\" data-id=\"e8b2536\" data-element_type=\"widget\" data-e-type=\"widget\" data-widget_type=\"icon-list.default\">\n\t\t\t\t<div class=\"elementor-widget-container\">\n\t\t\t\t\t\t\t<ul class=\"elementor-icon-list-items\">\n\t\t\t\t\t\t\t<li class=\"elementor-icon-list-item\">\n\t\t\t\t\t\t\t\t\t\t\t<a href=\"tel:+33%202%2031%2014%2014%2014\">\n\n\t\t\t\t\t\t\t\t\t\t\t\t<span class=\"elementor-icon-list-icon\">\n\t\t\t\t\t\t\t<svg xmlns=\"http:\/\/www.w3.org\/2000\/svg\" id=\"Calque_2\" viewBox=\"0 0 25.51 25.51\"><defs><style>.cls-1{fill:#d5b58a;}.cls-2{fill:#18223c;}<\/style><\/defs><g id=\"Calque_1-2\"><g><circle class=\"cls-1\" cx=\"12.76\" cy=\"12.76\" r=\"12.76\"><\/circle><path class=\"cls-2\" d=\"M15.45,19.28c-.19-.03-.39-.06-.58-.09-.79-.15-1.51-.46-2.19-.88-1.07-.65-1.97-1.48-2.81-2.4-.85-.94-1.63-1.93-2.24-3.04-.45-.82-.8-1.69-.93-2.62-.15-1.05-.02-2.05,.5-2.99,.27-.49,.63-.92,1.08-1.27,.21-.17,.41-.35,.62-.52,.45-.35,.93-.33,1.33,.07,.23,.23,.44,.49,.62,.76,.34,.51,.69,1.01,.9,1.6,.21,.61,.13,1.15-.37,1.59-.25,.22-.5,.45-.77,.64-.58,.4-.67,.9-.45,1.54,.2,.59,.56,1.09,.94,1.57,.5,.63,1.03,1.23,1.65,1.74,.35,.28,.71,.53,1.15,.64,.39,.09,.72-.01,1.01-.28,.29-.27,.57-.55,.87-.8,.49-.41,1.03-.43,1.59-.14,.18,.09,.37,.19,.53,.32,.57,.45,1.16,.89,1.6,1.49,.37,.49,.34,.97-.12,1.38-.44,.4-.85,.83-1.38,1.12-.54,.3-1.11,.49-1.72,.55-.04,0-.08,.02-.12,.03h-.71Z\"><\/path><\/g><\/g><\/svg>\t\t\t\t\t\t<\/span>\n\t\t\t\t\t\t\t\t\t\t<span class=\"elementor-icon-list-text\">+ 33 2 31 14 14 14<\/span>\n\t\t\t\t\t\t\t\t\t\t\t<\/a>\n\t\t\t\t\t\t\t\t\t<\/li>\n\t\t\t\t\t\t\t\t<li class=\"elementor-icon-list-item\">\n\t\t\t\t\t\t\t\t\t\t\t<a href=\"mailto:contact@congres-deauville.com\">\n\n\t\t\t\t\t\t\t\t\t\t\t\t<span class=\"elementor-icon-list-icon\">\n\t\t\t\t\t\t\t<svg xmlns=\"http:\/\/www.w3.org\/2000\/svg\" id=\"Calque_2\" viewBox=\"0 0 25.51 25.51\"><defs><style>.cls-1{fill:#d5b58a;}.cls-2{fill:#18223c;}<\/style><\/defs><g id=\"Calque_1-2\"><g><circle class=\"cls-1\" cx=\"12.76\" cy=\"12.76\" r=\"12.76\"><\/circle><g><path class=\"cls-2\" d=\"M20.62,17.09l-.14,.42-4.62-4.71,4.62-4.71,.14,.42v8.58Z\"><\/path><path class=\"cls-2\" d=\"M5.85,7.41c.22-.03,.44-.09,.67-.09,2.99,0,5.98,0,8.97,0,1.23,0,2.46,0,3.7,0,.21,0,.43,.06,.64,.09v.05s-.06,.08-.1,.12c-1.95,1.94-3.89,3.88-5.84,5.81-.51,.51-1.14,.61-1.73,.28-.13-.07-.24-.17-.34-.27-1.95-1.94-3.9-3.88-5.85-5.82-.04-.03-.07-.07-.1-.11v-.05Z\"><\/path><path class=\"cls-2\" d=\"M19.77,18.19c-.17,.02-.39,.08-.62,.08-2.94,0-5.88,0-8.82,0-1.28,0-2.56,0-3.85,0-.21,0-.43-.06-.61-.08l4.66-4.76c.23,.23,.43,.44,.64,.64,.49,.49,1.08,.73,1.77,.7,.6-.03,1.11-.28,1.54-.7,.2-.2,.41-.41,.63-.63l4.66,4.75Z\"><\/path><path class=\"cls-2\" d=\"M5.21,8.11l4.6,4.69-4.61,4.7c-.12-.23-.15-.45-.15-.67,0-1.37,0-2.74,0-4.11,0-1.32,0-2.65,0-3.97,0-.21,.06-.42,.09-.63h.07Z\"><\/path><\/g><\/g><\/g><\/svg>\t\t\t\t\t\t<\/span>\n\t\t\t\t\t\t\t\t\t\t<span class=\"elementor-icon-list-text\">contact@congres-deauville.com<\/span>\n\t\t\t\t\t\t\t\t\t\t\t<\/a>\n\t\t\t\t\t\t\t\t\t<\/li>\n\t\t\t\t\t\t\t\t<li class=\"elementor-icon-list-item\">\n\t\t\t\t\t\t\t\t\t\t\t<span class=\"elementor-icon-list-icon\">\n\t\t\t\t\t\t\t<svg xmlns=\"http:\/\/www.w3.org\/2000\/svg\" id=\"Calque_2\" viewBox=\"0 0 25.51 25.51\"><defs><style>.cls-1{fill:#d5b58a;}.cls-2{fill:#18223c;}<\/style><\/defs><g id=\"Calque_1-2\"><g><circle class=\"cls-1\" cx=\"12.76\" cy=\"12.76\" r=\"12.76\"><\/circle><path class=\"cls-2\" d=\"M13.28,5.1c.16,.02,.32,.04,.48,.07,2.12,.39,3.65,1.56,4.53,3.53,.59,1.33,.61,2.71,.17,4.1-.46,1.48-1.16,2.85-2,4.15-.54,.82-1.13,1.6-1.83,2.29-.38,.37-.78,.71-1.27,.94-.49,.22-.92,.08-1.34-.18-.55-.34-1.01-.8-1.43-1.29-1.26-1.45-2.23-3.08-2.95-4.85-.33-.81-.59-1.64-.66-2.53-.07-.95,.11-1.86,.5-2.73,.45-1.01,1.13-1.83,2.04-2.46,.84-.58,1.77-.92,2.79-1.02,.05,0,.09-.02,.14-.03,.28,0,.55,0,.83,0Zm2.69,5.5c0-1.71-1.4-3.1-3.11-3.1-1.71,0-3.11,1.4-3.11,3.1,0,1.71,1.4,3.11,3.11,3.1,1.71,0,3.11-1.4,3.11-3.11Z\"><\/path><\/g><\/g><\/svg>\t\t\t\t\t\t<\/span>\n\t\t\t\t\t\t\t\t\t\t<span class=\"elementor-icon-list-text\">1 Rue Lucien Barri\u00e8re - 14800 Deauville - France<\/span>\n\t\t\t\t\t\t\t\t\t<\/li>\n\t\t\t\t\t\t\t\t<li class=\"elementor-icon-list-item\">\n\t\t\t\t\t\t\t\t\t\t\t<span class=\"elementor-icon-list-icon\">\n\t\t\t\t\t\t\t<svg xmlns=\"http:\/\/www.w3.org\/2000\/svg\" id=\"Calque_2\" viewBox=\"0 0 25.51 25.51\"><defs><style>.cls-1{fill:#d5b58a;}.cls-2{fill:#18223c;}<\/style><\/defs><g id=\"Calque_1-2\"><g><circle class=\"cls-1\" cx=\"12.76\" cy=\"12.76\" r=\"12.76\"><\/circle><path class=\"cls-2\" d=\"M5.46,12.59c.01-4.08,3.32-7.39,7.4-7.38,4.05,0,7.37,3.34,7.36,7.39-.01,4.11-3.33,7.39-7.46,7.37-4.01-.02-7.31-3.36-7.3-7.38Zm8.05-2.21h0c0-.6,0-1.21,0-1.81,0-.39-.29-.67-.66-.67-.38,0-.67,.28-.67,.66,0,1.34,0,2.68,0,4.02,0,.18,.06,.34,.19,.47,.68,.68,1.35,1.36,2.03,2.03,.18,.18,.41,.23,.66,.15,.49-.15,.63-.75,.26-1.13-.56-.57-1.12-1.13-1.69-1.69-.08-.08-.12-.16-.12-.27,0-.59,0-1.18,0-1.78Z\"><\/path><\/g><\/g><\/svg>\t\t\t\t\t\t<\/span>\n\t\t\t\t\t\t\t\t\t\t<span class=\"elementor-icon-list-text\">Reception: Monday to Friday from 8.30am to 6pm<\/span>\n\t\t\t\t\t\t\t\t\t<\/li>\n\t\t\t\t\t\t<\/ul>\n\t\t\t\t\t\t<\/div>\n\t\t\t\t<\/div>\n\t\t\t\t<div class=\"elementor-element elementor-element-f0e6b8d elementor-widget elementor-widget-text-editor\" data-id=\"f0e6b8d\" data-element_type=\"widget\" data-e-type=\"widget\" data-widget_type=\"text-editor.default\">\n\t\t\t\t<div class=\"elementor-widget-container\">\n\t\t\t\t\t\t\t\t\t<h3>Access for people with reduced mobility<\/h3>\n<p>The Villa le Cercle Deauville has a parking space for people with reduced mobility. One of the main entrances, located in Rue Le Marois, is specially equipped with a PRM lifting platform. The main spaces are distributed on the ground floor to facilitate circulation between the reception rooms and the toilets. The 1st floor of the Villa is served by a lift giving access to a wheelchair accessible room. <\/p>\n\t\t\t\t\t\t\t\t<\/div>\n\t\t\t\t<\/div>\n\t\t\t\t\t<\/div>\n\t\t<\/div>\n\t\t\t\t<div class=\"elementor-column elementor-col-50 elementor-top-column elementor-element elementor-element-3c8c557\" data-id=\"3c8c557\" data-element_type=\"column\" data-e-type=\"column\">\n\t\t\t<div class=\"elementor-widget-wrap elementor-element-populated\">\n\t\t\t\t\t\t<div class=\"elementor-element elementor-element-829cb05 elementor-button-align-stretch elementor-widget elementor-widget-form\" data-id=\"829cb05\" data-element_type=\"widget\" data-e-type=\"widget\" data-settings=\"{&quot;step_next_label&quot;:&quot;Next&quot;,&quot;step_previous_label&quot;:&quot;Previous&quot;,&quot;button_width&quot;:&quot;100&quot;,&quot;step_type&quot;:&quot;number_text&quot;,&quot;step_icon_shape&quot;:&quot;circle&quot;}\" data-widget_type=\"form.default\">\n\t\t\t\t<div class=\"elementor-widget-container\">\n\t\t\t\t\t\t\t<form class=\"elementor-form\" method=\"post\" name=\"Contact\" aria-label=\"Contact\">\n\t\t\t<input type=\"hidden\" name=\"post_id\" value=\"2094\"\/>\n\t\t\t<input type=\"hidden\" name=\"form_id\" value=\"829cb05\"\/>\n\t\t\t<input type=\"hidden\" name=\"referer_title\" value=\"Contact | Villa Le Cercle - Deauville\" \/>\n\n\t\t\t\t\t\t\t<input type=\"hidden\" name=\"queried_id\" value=\"2094\"\/>\n\t\t\t\n\t\t\t<div class=\"elementor-form-fields-wrapper elementor-labels-\">\n\t\t\t\t\t\t\t\t<div class=\"elementor-field-type-text elementor-field-group elementor-column elementor-field-group-nom elementor-col-100 elementor-field-required\">\n\t\t\t\t\t\t\t\t\t\t\t\t<label for=\"form-field-nom\" class=\"elementor-field-label elementor-screen-only\">\n\t\t\t\t\t\t\t\tSurname\t\t\t\t\t\t\t<\/label>\n\t\t\t\t\t\t\t\t\t\t\t\t\t\t<input size=\"1\" type=\"text\" name=\"form_fields[nom]\" id=\"form-field-nom\" class=\"elementor-field elementor-size-lg  elementor-field-textual\" placeholder=\"Surname\" required=\"required\">\n\t\t\t\t\t\t\t\t\t\t\t<\/div>\n\t\t\t\t\t\t\t\t<div class=\"elementor-field-type-text elementor-field-group elementor-column elementor-field-group-prenom elementor-col-100 elementor-field-required\">\n\t\t\t\t\t\t\t\t\t\t\t\t<label for=\"form-field-prenom\" class=\"elementor-field-label elementor-screen-only\">\n\t\t\t\t\t\t\t\tFirst name\t\t\t\t\t\t\t<\/label>\n\t\t\t\t\t\t\t\t\t\t\t\t\t\t<input size=\"1\" type=\"text\" name=\"form_fields[prenom]\" id=\"form-field-prenom\" class=\"elementor-field elementor-size-lg  elementor-field-textual\" placeholder=\"First name\" required=\"required\">\n\t\t\t\t\t\t\t\t\t\t\t<\/div>\n\t\t\t\t\t\t\t\t<div class=\"elementor-field-type-email elementor-field-group elementor-column elementor-field-group-email elementor-col-100 elementor-field-required\">\n\t\t\t\t\t\t\t\t\t\t\t\t<label for=\"form-field-email\" class=\"elementor-field-label elementor-screen-only\">\n\t\t\t\t\t\t\t\tEmail\t\t\t\t\t\t\t<\/label>\n\t\t\t\t\t\t\t\t\t\t\t\t\t\t<input size=\"1\" type=\"email\" name=\"form_fields[email]\" id=\"form-field-email\" class=\"elementor-field elementor-size-lg  elementor-field-textual\" placeholder=\"Email\" required=\"required\">\n\t\t\t\t\t\t\t\t\t\t\t<\/div>\n\t\t\t\t\t\t\t\t<div class=\"elementor-field-type-text elementor-field-group elementor-column elementor-field-group-telephone elementor-col-100 elementor-field-required\">\n\t\t\t\t\t\t\t\t\t\t\t\t<label for=\"form-field-telephone\" class=\"elementor-field-label elementor-screen-only\">\n\t\t\t\t\t\t\t\tTelephone\t\t\t\t\t\t\t<\/label>\n\t\t\t\t\t\t\t\t\t\t\t\t\t\t<input size=\"1\" type=\"text\" name=\"form_fields[telephone]\" id=\"form-field-telephone\" class=\"elementor-field elementor-size-lg  elementor-field-textual\" placeholder=\"Telephone\" required=\"required\">\n\t\t\t\t\t\t\t\t\t\t\t<\/div>\n\t\t\t\t\t\t\t\t<div class=\"elementor-field-type-textarea elementor-field-group elementor-column elementor-field-group-message elementor-col-100\">\n\t\t\t\t\t\t\t\t\t\t\t\t<label for=\"form-field-message\" class=\"elementor-field-label elementor-screen-only\">\n\t\t\t\t\t\t\t\tMessage\t\t\t\t\t\t\t<\/label>\n\t\t\t\t\t\t<textarea class=\"elementor-field-textual elementor-field  elementor-size-lg\" name=\"form_fields[message]\" id=\"form-field-message\" rows=\"4\" placeholder=\"Message\"><\/textarea>\t\t\t\t<\/div>\n\t\t\t\t\t\t\t\t<div class=\"elementor-field-type-acceptance elementor-field-group elementor-column elementor-field-group-optin elementor-col-100 elementor-field-required\">\n\t\t\t\t\t\t\t<div class=\"elementor-field-subgroup\">\n\t\t\t<span class=\"elementor-field-option\">\n\t\t\t\t<input type=\"checkbox\" name=\"form_fields[optin]\" id=\"form-field-optin\" class=\"elementor-field elementor-size-lg  elementor-acceptance-field\" required=\"required\">\n\t\t\t\t<label for=\"form-field-optin\">By submitting this form, I agree that my personal data may be used to contact me in relation to my request indicated in this form. No further processing will be done with my information. You have the right to rectify or delete your data at any time.\n<a href=\"https:\/\/villalecercle-deauville.com\/politique-de-confidentialite\/\">Learn more about the management of your personal data and to exercise your rights<\/a><\/label>\t\t\t<\/span>\n\t\t<\/div>\n\t\t\t\t\t\t<\/div>\n\t\t\t\t\t\t\t\t<div class=\"elementor-field-type-recaptcha elementor-field-group elementor-column elementor-field-group-field_ba06c42 elementor-col-100\">\n\t\t\t\t\t<div class=\"elementor-field\" id=\"form-field-field_ba06c42\"><div class=\"elementor-g-recaptcha\" data-sitekey=\"6Len59YiAAAAAHxfNUllObXVOlbZzEGtSev1OMIA\" data-type=\"v2_checkbox\" data-theme=\"light\" data-size=\"normal\"><\/div><\/div>\t\t\t\t<\/div>\n\t\t\t\t\t\t\t\t<div class=\"elementor-field-group elementor-column elementor-field-type-submit elementor-col-100 e-form__buttons\">\n\t\t\t\t\t<button class=\"elementor-button elementor-size-sm\" type=\"submit\">\n\t\t\t\t\t\t<span class=\"elementor-button-content-wrapper\">\n\t\t\t\t\t\t\t\t\t\t\t\t\t\t\t\t\t\t\t\t\t\t<span class=\"elementor-button-text\">Send<\/span>\n\t\t\t\t\t\t\t\t\t\t\t\t\t<\/span>\n\t\t\t\t\t<\/button>\n\t\t\t\t<\/div>\n\t\t\t<\/div>\n\t\t<\/form>\n\t\t\t\t\t\t<\/div>\n\t\t\t\t<\/div>\n\t\t\t\t\t<\/div>\n\t\t<\/div>\n\t\t\t\t\t<\/div>\n\t\t<\/section>\n\t\t\t\t<section data-particle_enable=\"false\" data-particle-mobile-disabled=\"false\" class=\"elementor-section elementor-top-section elementor-element elementor-element-c4a2dca elementor-section-full_width elementor-section-height-default elementor-section-height-default\" data-id=\"c4a2dca\" data-element_type=\"section\" data-e-type=\"section\">\n\t\t\t\t\t\t<div class=\"elementor-container elementor-column-gap-default\">\n\t\t\t\t\t<div class=\"elementor-column elementor-col-100 elementor-top-column elementor-element elementor-element-615bf2a\" data-id=\"615bf2a\" data-element_type=\"column\" data-e-type=\"column\">\n\t\t\t<div class=\"elementor-widget-wrap elementor-element-populated\">\n\t\t\t\t\t\t<div class=\"elementor-element elementor-element-75cd1c9 elementor-widget elementor-widget-html\" data-id=\"75cd1c9\" data-element_type=\"widget\" data-e-type=\"widget\" data-widget_type=\"html.default\">\n\t\t\t\t<div class=\"elementor-widget-container\">\n\t\t\t\t\t<iframe src=\"https:\/\/www.google.com\/maps\/embed?pb=!1m18!1m12!1m3!1d5197.317789212653!2d0.06410333324623432!3d49.35860437933963!2m3!1f0!2f0!3f0!3m2!1i1024!2i768!4f13.1!3m3!1m2!1s0x47e1d4b6f11643bd%3A0xc52d666022a85346!2sVilla%20Le%20Cercle!5e0!3m2!1sfr!2ses!4v1659696472949!5m2!1sfr!2ses\" width=\"100%\" height=\"450\" style=\"border:0;\" allowfullscreen=\"\" loading=\"lazy\" referrerpolicy=\"no-referrer-when-downgrade\"><\/iframe>\t\t\t\t<\/div>\n\t\t\t\t<\/div>\n\t\t\t\t\t<\/div>\n\t\t<\/div>\n\t\t\t\t\t<\/div>\n\t\t<\/section>\n\t\t\t\t<\/div>\n\t\t","protected":false},"excerpt":{"rendered":"<p>Contact us Villa le Cercle,fully customizedevent venue The Villa Le Cercle in Deauville benefits from the expertise of the CID \u2013 Deauville Congress Centre. Leave us a message and we\u2019ll get back to you soon. + 33 2 31 14 14 14 contact@congres-deauville.com 1 Rue Lucien Barri\u00e8re &#8211; 14800 Deauville &#8211; France Reception: Monday to [&hellip;]<\/p>\n","protected":false},"author":5,"featured_media":0,"parent":0,"menu_order":80,"comment_status":"closed","ping_status":"closed","template":"","meta":{"_acf_changed":false,"footnotes":""},"class_list":["post-2094","page","type-page","status-publish","hentry"],"acf":[],"yoast_head":"<!-- This site is optimized with the Yoast SEO plugin v27.2 - https:\/\/yoast.com\/product\/yoast-seo-wordpress\/ -->\n<title>Contact | Villa Le Cercle - Deauville<\/title>\n<meta name=\"robots\" content=\"index, follow, max-snippet:-1, max-image-preview:large, max-video-preview:-1\" \/>\n<link rel=\"canonical\" href=\"https:\/\/villalecercle-deauville.com\/en\/contact\/\" \/>\n<meta property=\"og:locale\" content=\"en_US\" \/>\n<meta property=\"og:type\" content=\"article\" \/>\n<meta property=\"og:title\" content=\"Contact | Villa Le Cercle - Deauville\" \/>\n<meta property=\"og:description\" content=\"Contact us Villa le Cercle,fully customizedevent venue The Villa Le Cercle in Deauville benefits from the expertise of the CID \u2013 Deauville Congress Centre. Leave us a message and we\u2019ll get back to you soon. + 33 2 31 14 14 14 contact@congres-deauville.com 1 Rue Lucien Barri\u00e8re &#8211; 14800 Deauville &#8211; France Reception: Monday to [&hellip;]\" \/>\n<meta property=\"og:url\" content=\"https:\/\/villalecercle-deauville.com\/en\/contact\/\" \/>\n<meta property=\"og:site_name\" content=\"Villa Le Cercle - Deauville\" \/>\n<meta property=\"article:modified_time\" content=\"2022-12-01T12:24:13+00:00\" \/>\n<meta name=\"twitter:card\" content=\"summary_large_image\" \/>\n<meta name=\"twitter:label1\" content=\"Est. reading time\" \/>\n\t<meta name=\"twitter:data1\" content=\"1 minute\" \/>\n<script type=\"application\/ld+json\" class=\"yoast-schema-graph\">{\"@context\":\"https:\/\/schema.org\",\"@graph\":[{\"@type\":\"WebPage\",\"@id\":\"https:\/\/villalecercle-deauville.com\/en\/contact\/\",\"url\":\"https:\/\/villalecercle-deauville.com\/en\/contact\/\",\"name\":\"Contact | Villa Le Cercle - Deauville\",\"isPartOf\":{\"@id\":\"https:\/\/villalecercle-deauville.com\/en\/#website\"},\"datePublished\":\"2022-07-26T08:12:00+00:00\",\"dateModified\":\"2022-12-01T12:24:13+00:00\",\"breadcrumb\":{\"@id\":\"https:\/\/villalecercle-deauville.com\/en\/contact\/#breadcrumb\"},\"inLanguage\":\"en-US\",\"potentialAction\":[{\"@type\":\"ReadAction\",\"target\":[\"https:\/\/villalecercle-deauville.com\/en\/contact\/\"]}]},{\"@type\":\"BreadcrumbList\",\"@id\":\"https:\/\/villalecercle-deauville.com\/en\/contact\/#breadcrumb\",\"itemListElement\":[{\"@type\":\"ListItem\",\"position\":1,\"name\":\"Home\",\"item\":\"https:\/\/villalecercle-deauville.com\/en\/\"},{\"@type\":\"ListItem\",\"position\":2,\"name\":\"Contact\"}]},{\"@type\":\"WebSite\",\"@id\":\"https:\/\/villalecercle-deauville.com\/en\/#website\",\"url\":\"https:\/\/villalecercle-deauville.com\/en\/\",\"name\":\"Villa le Cercle Deauville\",\"description\":\"Lieu \u00e9v\u00e8nementiel \u00e0 Deauville\",\"publisher\":{\"@id\":\"https:\/\/villalecercle-deauville.com\/en\/#organization\"},\"potentialAction\":[{\"@type\":\"SearchAction\",\"target\":{\"@type\":\"EntryPoint\",\"urlTemplate\":\"https:\/\/villalecercle-deauville.com\/en\/?s={search_term_string}\"},\"query-input\":{\"@type\":\"PropertyValueSpecification\",\"valueRequired\":true,\"valueName\":\"search_term_string\"}}],\"inLanguage\":\"en-US\"},{\"@type\":\"Organization\",\"@id\":\"https:\/\/villalecercle-deauville.com\/en\/#organization\",\"name\":\"Villa le Cercle Deauville\",\"url\":\"https:\/\/villalecercle-deauville.com\/en\/\",\"logo\":{\"@type\":\"ImageObject\",\"inLanguage\":\"en-US\",\"@id\":\"https:\/\/villalecercle-deauville.com\/en\/#\/schema\/logo\/image\/\",\"url\":\"https:\/\/villalecercle-deauville.com\/wp-content\/uploads\/2022\/07\/villa-logo-or.svg\",\"contentUrl\":\"https:\/\/villalecercle-deauville.com\/wp-content\/uploads\/2022\/07\/villa-logo-or.svg\",\"width\":45,\"height\":54,\"caption\":\"Villa le Cercle Deauville\"},\"image\":{\"@id\":\"https:\/\/villalecercle-deauville.com\/en\/#\/schema\/logo\/image\/\"}}]}<\/script>\n<!-- \/ Yoast SEO plugin. -->","yoast_head_json":{"title":"Contact | Villa Le Cercle - Deauville","robots":{"index":"index","follow":"follow","max-snippet":"max-snippet:-1","max-image-preview":"max-image-preview:large","max-video-preview":"max-video-preview:-1"},"canonical":"https:\/\/villalecercle-deauville.com\/en\/contact\/","og_locale":"en_US","og_type":"article","og_title":"Contact | Villa Le Cercle - Deauville","og_description":"Contact us Villa le Cercle,fully customizedevent venue The Villa Le Cercle in Deauville benefits from the expertise of the CID \u2013 Deauville Congress Centre. Leave us a message and we\u2019ll get back to you soon. + 33 2 31 14 14 14 contact@congres-deauville.com 1 Rue Lucien Barri\u00e8re &#8211; 14800 Deauville &#8211; France Reception: Monday to [&hellip;]","og_url":"https:\/\/villalecercle-deauville.com\/en\/contact\/","og_site_name":"Villa Le Cercle - Deauville","article_modified_time":"2022-12-01T12:24:13+00:00","twitter_card":"summary_large_image","twitter_misc":{"Est. reading time":"1 minute"},"schema":{"@context":"https:\/\/schema.org","@graph":[{"@type":"WebPage","@id":"https:\/\/villalecercle-deauville.com\/en\/contact\/","url":"https:\/\/villalecercle-deauville.com\/en\/contact\/","name":"Contact | Villa Le Cercle - Deauville","isPartOf":{"@id":"https:\/\/villalecercle-deauville.com\/en\/#website"},"datePublished":"2022-07-26T08:12:00+00:00","dateModified":"2022-12-01T12:24:13+00:00","breadcrumb":{"@id":"https:\/\/villalecercle-deauville.com\/en\/contact\/#breadcrumb"},"inLanguage":"en-US","potentialAction":[{"@type":"ReadAction","target":["https:\/\/villalecercle-deauville.com\/en\/contact\/"]}]},{"@type":"BreadcrumbList","@id":"https:\/\/villalecercle-deauville.com\/en\/contact\/#breadcrumb","itemListElement":[{"@type":"ListItem","position":1,"name":"Home","item":"https:\/\/villalecercle-deauville.com\/en\/"},{"@type":"ListItem","position":2,"name":"Contact"}]},{"@type":"WebSite","@id":"https:\/\/villalecercle-deauville.com\/en\/#website","url":"https:\/\/villalecercle-deauville.com\/en\/","name":"Villa le Cercle Deauville","description":"Lieu \u00e9v\u00e8nementiel \u00e0 Deauville","publisher":{"@id":"https:\/\/villalecercle-deauville.com\/en\/#organization"},"potentialAction":[{"@type":"SearchAction","target":{"@type":"EntryPoint","urlTemplate":"https:\/\/villalecercle-deauville.com\/en\/?s={search_term_string}"},"query-input":{"@type":"PropertyValueSpecification","valueRequired":true,"valueName":"search_term_string"}}],"inLanguage":"en-US"},{"@type":"Organization","@id":"https:\/\/villalecercle-deauville.com\/en\/#organization","name":"Villa le Cercle Deauville","url":"https:\/\/villalecercle-deauville.com\/en\/","logo":{"@type":"ImageObject","inLanguage":"en-US","@id":"https:\/\/villalecercle-deauville.com\/en\/#\/schema\/logo\/image\/","url":"https:\/\/villalecercle-deauville.com\/wp-content\/uploads\/2022\/07\/villa-logo-or.svg","contentUrl":"https:\/\/villalecercle-deauville.com\/wp-content\/uploads\/2022\/07\/villa-logo-or.svg","width":45,"height":54,"caption":"Villa le Cercle Deauville"},"image":{"@id":"https:\/\/villalecercle-deauville.com\/en\/#\/schema\/logo\/image\/"}}]}},"_links":{"self":[{"href":"https:\/\/villalecercle-deauville.com\/en\/wp-json\/wp\/v2\/pages\/2094","targetHints":{"allow":["GET"]}}],"collection":[{"href":"https:\/\/villalecercle-deauville.com\/en\/wp-json\/wp\/v2\/pages"}],"about":[{"href":"https:\/\/villalecercle-deauville.com\/en\/wp-json\/wp\/v2\/types\/page"}],"author":[{"embeddable":true,"href":"https:\/\/villalecercle-deauville.com\/en\/wp-json\/wp\/v2\/users\/5"}],"replies":[{"embeddable":true,"href":"https:\/\/villalecercle-deauville.com\/en\/wp-json\/wp\/v2\/comments?post=2094"}],"version-history":[{"count":0,"href":"https:\/\/villalecercle-deauville.com\/en\/wp-json\/wp\/v2\/pages\/2094\/revisions"}],"wp:attachment":[{"href":"https:\/\/villalecercle-deauville.com\/en\/wp-json\/wp\/v2\/media?parent=2094"}],"curies":[{"name":"wp","href":"https:\/\/api.w.org\/{rel}","templated":true}]}}