{"id":2095,"date":"2022-07-26T10:12:17","date_gmt":"2022-07-26T08:12:17","guid":{"rendered":"https:\/\/villalecercle-deauville.com\/legal-notices\/"},"modified":"2022-11-30T17:26:45","modified_gmt":"2022-11-30T16:26:45","slug":"legal-notices","status":"publish","type":"page","link":"https:\/\/villalecercle-deauville.com\/en\/legal-notices\/","title":{"rendered":"Legal notices"},"content":{"rendered":"\t\t<div data-elementor-type=\"wp-page\" data-elementor-id=\"2095\" class=\"elementor elementor-2095 elementor-60\" data-elementor-post-type=\"page\">\n\t\t\t\t\t\t<section data-particle_enable=\"false\" data-particle-mobile-disabled=\"false\" class=\"elementor-section elementor-top-section elementor-element elementor-element-6e62274 elementor-section-boxed elementor-section-height-default elementor-section-height-default\" data-id=\"6e62274\" data-element_type=\"section\" data-e-type=\"section\">\n\t\t\t\t\t\t<div class=\"elementor-container elementor-column-gap-default\">\n\t\t\t\t\t<div class=\"elementor-column elementor-col-100 elementor-top-column elementor-element elementor-element-5a5300c\" data-id=\"5a5300c\" data-element_type=\"column\" data-e-type=\"column\">\n\t\t\t<div class=\"elementor-widget-wrap elementor-element-populated\">\n\t\t\t\t\t\t<div class=\"elementor-element elementor-element-add06d3 elementor-widget elementor-widget-heading\" data-id=\"add06d3\" data-element_type=\"widget\" data-e-type=\"widget\" data-widget_type=\"heading.default\">\n\t\t\t\t<div class=\"elementor-widget-container\">\n\t\t\t\t\t<h1 class=\"elementor-heading-title elementor-size-default\">Legal notices<\/h1>\t\t\t\t<\/div>\n\t\t\t\t<\/div>\n\t\t\t\t<div class=\"elementor-element elementor-element-951908c elementor-widget elementor-widget-global elementor-global-716 elementor-widget-breadcrumbs\" data-id=\"951908c\" data-element_type=\"widget\" data-e-type=\"widget\" data-widget_type=\"breadcrumbs.default\">\n\t\t\t\t<div class=\"elementor-widget-container\">\n\t\t\t\t\t<p id=\"breadcrumbs\"><span><span><a href=\"https:\/\/villalecercle-deauville.com\/en\/\">Home<\/a><\/span><\/span><\/p>\t\t\t\t<\/div>\n\t\t\t\t<\/div>\n\t\t\t\t\t<\/div>\n\t\t<\/div>\n\t\t\t\t\t<\/div>\n\t\t<\/section>\n\t\t\t\t<section data-particle_enable=\"false\" data-particle-mobile-disabled=\"false\" class=\"elementor-section elementor-top-section elementor-element elementor-element-bd023b0 elementor-section-boxed elementor-section-height-default elementor-section-height-default\" data-id=\"bd023b0\" data-element_type=\"section\" data-e-type=\"section\">\n\t\t\t\t\t\t<div class=\"elementor-container elementor-column-gap-default\">\n\t\t\t\t\t<div class=\"elementor-column elementor-col-100 elementor-top-column elementor-element elementor-element-8c1d4dc\" data-id=\"8c1d4dc\" data-element_type=\"column\" data-e-type=\"column\">\n\t\t\t<div class=\"elementor-widget-wrap elementor-element-populated\">\n\t\t\t\t\t\t<div class=\"elementor-element elementor-element-4ac9068 elementor-widget elementor-widget-text-editor\" data-id=\"4ac9068\" data-element_type=\"widget\" data-e-type=\"widget\" data-widget_type=\"text-editor.default\">\n\t\t\t\t<div class=\"elementor-widget-container\">\n\t\t\t\t\t\t\t\t\t<h2>Preamble :<\/h2>\n<p><strong>ALLOCATED LICENSES <\/strong><br \/>Locality manager : 1-1026789 <br \/>Event organizers : 2-1026790 <br \/>Event promoter : 3-102679 <\/p>\n<h2>Article 1 \u2013 Edition site <\/h2>\n<p><strong>PUBLICATION <\/strong><br \/>PUBLICATION The site is edited by the SAEM management company of the CID<\/p>\n<p>T\u00e9l : +33 2.31.14.14.14 \u2013 Email : contact@congres-deauville.com. <br \/>Address : 1 avenue Lucien Barri\u00e8re \u2013 BP 71100 \u2013 14 800 DEAUVILLE &#8211; FRANCE <br \/>Number SIRET : 383.203.197.000.25 <\/p>\n<p>Site Manager: Carine Fouquier <br \/>Responsible for development: Carine Fouquier <\/p>\n<p><strong>SITE DESIGNER AND MAINTAINER : <\/strong><br \/>Idmagine<br \/>37 rue de Bayeux &#8211; 14000 Caen &#8211; France<br \/>06 15 43 98 87<br \/>Website : https:\/\/www.idmagine.com\/<br \/>Search Engine Optimization : <a href=\"https:\/\/maxelik.com\/\">Maxelik SEO Agency<\/a><\/p>\n<p><strong>WEB SITE HOST <\/strong><br \/>The site host is OVH based in France and seated Rue Kellermann, 59100 Roubaix, France <\/p>\n<p><strong>PHOTO CREDITS <\/strong><br \/>Service communication \/ Palindrome \/ OT Deauville \/ G. Isaac \/ J. Basile \/ S. Guichard \/ R. Blas \/ F. Castel \/ L. Lebailly \/ M. Duvivier \/ S. D\u00e9v\u00e9 \/ P. Le Bris \/ M. Vilars \/ N. Adams \/ J. Boisard \/ S. Vervisch <\/p>\n<h2>Article 2 &#8211; Site Access<\/h2>\n<p>The objective of this site is to provide information on the commercial activities of the CID and to allow access to the various services that are proposed. <br \/>The general terms of use govern your access to this site and its use. <br \/>The CID reserves the right to modify these terms at any time and it is the responsibility of the user to consult the terms on a regular basis to be informed of any updates, which take effect from the time of publication. <\/p>\n<h3>Article 3 &#8211; Copyright protection<\/h3>\n<p>The CID is the owner of the domain name https:\/www.villelecercle-deauville.com and owner of the whole site.<\/p>\n<p><strong>Content : <\/strong>All of the elements that you see, that you listen to and hear on the site, as well as the site itself, are protected by copyright laws. You can under no circumstances distribute, copy, reproduce, modify or transmit the site or the elements of the site, such as texts, images or sounds without the written authorization of the site owner. <\/p>\n<p><strong>Trademarks and logos:<\/strong> These figure on the site, and belong to the owner of the site and are subject to user authorization. No licence or rights may be given without the written authorization of the site owner or the owner of the trademark or logo that appear on the site. The site owner reserves the right to prosecute any acts of counterfeiting of their copyrights, including seeking criminal prosecution.<\/p>\n<p><strong>Images or photographs :<\/strong> The images or photos of people or places that figure on the site are the property of the site owners and or are used by the owner, with the agreement of the copyright holders. The use of these images or photos is forbidden without specific prior authorization of the site owner. Any unauthorized use may be considered as an infringement of copyright, the right to a person\u2019s image or any other legislation applicable to communication or advertising. <\/p>\n<h2>Article 4 \u2013 Links to other websites<\/h2>\n<p>The site may send links towards other websites that are not under the authority of the Deauville International Centre, who accepts no responsibility with regard to contents, information, data, or products or services that may be offered. <\/p>\n<p>The installation of hypertext links by third parties towards all or part of a site is strictly prohibited, without prior written authorization of the CID.<\/p>\n<p>In all cases, links of this nature should be removed upon request of the CID. <\/p>\n<h2>Article 5- Liability limitation<\/h2>\n<p>The use of the site is under the strict responsibility of the user. <br \/>The CID should not be held liable for any use by the site user and especially for direct or indirect prejudice (financial, material or loss of data).<\/p>\n<p>Taking into account the characteristics and limits of internet, the responsibility of the CID can not be accepted for any inconvenience or damages, notably in the case of failure or malfunction, difficulties or interruption that prevent access to the site or one of its functions.<\/p>\n<p>Le CID is unable to guarantee that the site does not contain errors or viruses which could affect the computer of the user. It is under the responsibility of the user to take all appropriate measures to protect data, particularly in the event of internet virus attacks.<\/p>\n<p>All downloaded material or material obtained otherwise whilst using the site is done so at the risk of the user, who is responsible for all damage done to his computer or all loss of data following the downloading of material.<\/p>\n<p>Consequently, the CID may not be held responsible for any damage caused to computer equipment and the data that is stored, or from the consequences of any personal, professional or commercial activity. <\/p>\n<p>The CID endeavors to verify the accuracy of the information that can be found on the site. The information appearing on the site are for general guidance purposes only and in no case represent a legal binding commitment. <\/p>\n<p>The CID reserves the right at all times to suspend, interrupt or limit without notice access to all or part of the site or to delete any information without liability being incurred. <\/p>\n<h2>Article 6 Personal data protection and cookies<\/h2>\n<p>The data protection policy for this site is available at the following address: <br \/><a href=\"https:\/\/www.villalecercle-deauville.com\/politique-de-protection-des-donnees-personnelles\/\">https:\/\/www.villalecercle-deauville.com\/en\/personal-data-protection-policy\/<\/a><\/p>\n<p>And the cookies policy is also available at : <br \/><a href=\"https:\/\/www.villalecercle-deauville.com\/gestion-des-cookies\/\">https:\/\/www.villalecercle-deauville.com\/gestion-des-cookies\/<\/a><\/p>\n<h2>Article 7 Applicable legislation<\/h2>\n<p>The site is subject to French law.<\/p>\n\t\t\t\t\t\t\t\t<\/div>\n\t\t\t\t<\/div>\n\t\t\t\t\t<\/div>\n\t\t<\/div>\n\t\t\t\t\t<\/div>\n\t\t<\/section>\n\t\t\t\t<\/div>\n\t\t","protected":false},"excerpt":{"rendered":"<p>Legal notices Preamble : ALLOCATED LICENSES Locality manager : 1-1026789 Event organizers : 2-1026790 Event promoter : 3-102679 Article 1 \u2013 Edition site PUBLICATION PUBLICATION The site is edited by the SAEM management company of the CID T\u00e9l : +33 2.31.14.14.14 \u2013 Email : contact@congres-deauville.com. Address : 1 avenue Lucien Barri\u00e8re \u2013 BP 71100 \u2013 [&hellip;]<\/p>\n","protected":false},"author":5,"featured_media":0,"parent":0,"menu_order":90,"comment_status":"closed","ping_status":"closed","template":"","meta":{"_acf_changed":false,"footnotes":""},"class_list":["post-2095","page","type-page","status-publish","hentry"],"acf":[],"yoast_head":"<!-- This site is optimized with the Yoast SEO plugin v27.2 - https:\/\/yoast.com\/product\/yoast-seo-wordpress\/ -->\n<title>Legal notices | Villa Le Cercle - Deauville<\/title>\n<meta name=\"robots\" content=\"index, follow, max-snippet:-1, max-image-preview:large, max-video-preview:-1\" \/>\n<link rel=\"canonical\" href=\"https:\/\/villalecercle-deauville.com\/en\/legal-notices\/\" \/>\n<meta property=\"og:locale\" content=\"en_US\" \/>\n<meta property=\"og:type\" content=\"article\" \/>\n<meta property=\"og:title\" content=\"Legal notices | Villa Le Cercle - Deauville\" \/>\n<meta property=\"og:description\" content=\"Legal notices Preamble : ALLOCATED LICENSES Locality manager : 1-1026789 Event organizers : 2-1026790 Event promoter : 3-102679 Article 1 \u2013 Edition site PUBLICATION PUBLICATION The site is edited by the SAEM management company of the CID T\u00e9l : +33 2.31.14.14.14 \u2013 Email : contact@congres-deauville.com. Address : 1 avenue Lucien Barri\u00e8re \u2013 BP 71100 \u2013 [&hellip;]\" \/>\n<meta property=\"og:url\" content=\"https:\/\/villalecercle-deauville.com\/en\/legal-notices\/\" \/>\n<meta property=\"og:site_name\" content=\"Villa Le Cercle - Deauville\" \/>\n<meta property=\"article:modified_time\" content=\"2022-11-30T16:26:45+00:00\" \/>\n<meta name=\"twitter:card\" content=\"summary_large_image\" \/>\n<meta name=\"twitter:label1\" content=\"Est. reading time\" \/>\n\t<meta name=\"twitter:data1\" content=\"4 minutes\" \/>\n<script type=\"application\/ld+json\" class=\"yoast-schema-graph\">{\"@context\":\"https:\/\/schema.org\",\"@graph\":[{\"@type\":\"WebPage\",\"@id\":\"https:\/\/villalecercle-deauville.com\/en\/legal-notices\/\",\"url\":\"https:\/\/villalecercle-deauville.com\/en\/legal-notices\/\",\"name\":\"Legal notices | Villa Le Cercle - Deauville\",\"isPartOf\":{\"@id\":\"https:\/\/villalecercle-deauville.com\/en\/#website\"},\"datePublished\":\"2022-07-26T08:12:17+00:00\",\"dateModified\":\"2022-11-30T16:26:45+00:00\",\"breadcrumb\":{\"@id\":\"https:\/\/villalecercle-deauville.com\/en\/legal-notices\/#breadcrumb\"},\"inLanguage\":\"en-US\",\"potentialAction\":[{\"@type\":\"ReadAction\",\"target\":[\"https:\/\/villalecercle-deauville.com\/en\/legal-notices\/\"]}]},{\"@type\":\"BreadcrumbList\",\"@id\":\"https:\/\/villalecercle-deauville.com\/en\/legal-notices\/#breadcrumb\",\"itemListElement\":[{\"@type\":\"ListItem\",\"position\":1,\"name\":\"Home\",\"item\":\"https:\/\/villalecercle-deauville.com\/en\/\"},{\"@type\":\"ListItem\",\"position\":2,\"name\":\"Legal notices\"}]},{\"@type\":\"WebSite\",\"@id\":\"https:\/\/villalecercle-deauville.com\/en\/#website\",\"url\":\"https:\/\/villalecercle-deauville.com\/en\/\",\"name\":\"Villa le Cercle Deauville\",\"description\":\"Lieu \u00e9v\u00e8nementiel \u00e0 Deauville\",\"publisher\":{\"@id\":\"https:\/\/villalecercle-deauville.com\/en\/#organization\"},\"potentialAction\":[{\"@type\":\"SearchAction\",\"target\":{\"@type\":\"EntryPoint\",\"urlTemplate\":\"https:\/\/villalecercle-deauville.com\/en\/?s={search_term_string}\"},\"query-input\":{\"@type\":\"PropertyValueSpecification\",\"valueRequired\":true,\"valueName\":\"search_term_string\"}}],\"inLanguage\":\"en-US\"},{\"@type\":\"Organization\",\"@id\":\"https:\/\/villalecercle-deauville.com\/en\/#organization\",\"name\":\"Villa le Cercle Deauville\",\"url\":\"https:\/\/villalecercle-deauville.com\/en\/\",\"logo\":{\"@type\":\"ImageObject\",\"inLanguage\":\"en-US\",\"@id\":\"https:\/\/villalecercle-deauville.com\/en\/#\/schema\/logo\/image\/\",\"url\":\"https:\/\/villalecercle-deauville.com\/wp-content\/uploads\/2022\/07\/villa-logo-or.svg\",\"contentUrl\":\"https:\/\/villalecercle-deauville.com\/wp-content\/uploads\/2022\/07\/villa-logo-or.svg\",\"width\":45,\"height\":54,\"caption\":\"Villa le Cercle Deauville\"},\"image\":{\"@id\":\"https:\/\/villalecercle-deauville.com\/en\/#\/schema\/logo\/image\/\"}}]}<\/script>\n<!-- \/ Yoast SEO plugin. -->","yoast_head_json":{"title":"Legal notices | Villa Le Cercle - Deauville","robots":{"index":"index","follow":"follow","max-snippet":"max-snippet:-1","max-image-preview":"max-image-preview:large","max-video-preview":"max-video-preview:-1"},"canonical":"https:\/\/villalecercle-deauville.com\/en\/legal-notices\/","og_locale":"en_US","og_type":"article","og_title":"Legal notices | Villa Le Cercle - Deauville","og_description":"Legal notices Preamble : ALLOCATED LICENSES Locality manager : 1-1026789 Event organizers : 2-1026790 Event promoter : 3-102679 Article 1 \u2013 Edition site PUBLICATION PUBLICATION The site is edited by the SAEM management company of the CID T\u00e9l : +33 2.31.14.14.14 \u2013 Email : contact@congres-deauville.com. Address : 1 avenue Lucien Barri\u00e8re \u2013 BP 71100 \u2013 [&hellip;]","og_url":"https:\/\/villalecercle-deauville.com\/en\/legal-notices\/","og_site_name":"Villa Le Cercle - Deauville","article_modified_time":"2022-11-30T16:26:45+00:00","twitter_card":"summary_large_image","twitter_misc":{"Est. reading time":"4 minutes"},"schema":{"@context":"https:\/\/schema.org","@graph":[{"@type":"WebPage","@id":"https:\/\/villalecercle-deauville.com\/en\/legal-notices\/","url":"https:\/\/villalecercle-deauville.com\/en\/legal-notices\/","name":"Legal notices | Villa Le Cercle - Deauville","isPartOf":{"@id":"https:\/\/villalecercle-deauville.com\/en\/#website"},"datePublished":"2022-07-26T08:12:17+00:00","dateModified":"2022-11-30T16:26:45+00:00","breadcrumb":{"@id":"https:\/\/villalecercle-deauville.com\/en\/legal-notices\/#breadcrumb"},"inLanguage":"en-US","potentialAction":[{"@type":"ReadAction","target":["https:\/\/villalecercle-deauville.com\/en\/legal-notices\/"]}]},{"@type":"BreadcrumbList","@id":"https:\/\/villalecercle-deauville.com\/en\/legal-notices\/#breadcrumb","itemListElement":[{"@type":"ListItem","position":1,"name":"Home","item":"https:\/\/villalecercle-deauville.com\/en\/"},{"@type":"ListItem","position":2,"name":"Legal notices"}]},{"@type":"WebSite","@id":"https:\/\/villalecercle-deauville.com\/en\/#website","url":"https:\/\/villalecercle-deauville.com\/en\/","name":"Villa le Cercle Deauville","description":"Lieu \u00e9v\u00e8nementiel \u00e0 Deauville","publisher":{"@id":"https:\/\/villalecercle-deauville.com\/en\/#organization"},"potentialAction":[{"@type":"SearchAction","target":{"@type":"EntryPoint","urlTemplate":"https:\/\/villalecercle-deauville.com\/en\/?s={search_term_string}"},"query-input":{"@type":"PropertyValueSpecification","valueRequired":true,"valueName":"search_term_string"}}],"inLanguage":"en-US"},{"@type":"Organization","@id":"https:\/\/villalecercle-deauville.com\/en\/#organization","name":"Villa le Cercle Deauville","url":"https:\/\/villalecercle-deauville.com\/en\/","logo":{"@type":"ImageObject","inLanguage":"en-US","@id":"https:\/\/villalecercle-deauville.com\/en\/#\/schema\/logo\/image\/","url":"https:\/\/villalecercle-deauville.com\/wp-content\/uploads\/2022\/07\/villa-logo-or.svg","contentUrl":"https:\/\/villalecercle-deauville.com\/wp-content\/uploads\/2022\/07\/villa-logo-or.svg","width":45,"height":54,"caption":"Villa le Cercle Deauville"},"image":{"@id":"https:\/\/villalecercle-deauville.com\/en\/#\/schema\/logo\/image\/"}}]}},"_links":{"self":[{"href":"https:\/\/villalecercle-deauville.com\/en\/wp-json\/wp\/v2\/pages\/2095","targetHints":{"allow":["GET"]}}],"collection":[{"href":"https:\/\/villalecercle-deauville.com\/en\/wp-json\/wp\/v2\/pages"}],"about":[{"href":"https:\/\/villalecercle-deauville.com\/en\/wp-json\/wp\/v2\/types\/page"}],"author":[{"embeddable":true,"href":"https:\/\/villalecercle-deauville.com\/en\/wp-json\/wp\/v2\/users\/5"}],"replies":[{"embeddable":true,"href":"https:\/\/villalecercle-deauville.com\/en\/wp-json\/wp\/v2\/comments?post=2095"}],"version-history":[{"count":0,"href":"https:\/\/villalecercle-deauville.com\/en\/wp-json\/wp\/v2\/pages\/2095\/revisions"}],"wp:attachment":[{"href":"https:\/\/villalecercle-deauville.com\/en\/wp-json\/wp\/v2\/media?parent=2095"}],"curies":[{"name":"wp","href":"https:\/\/api.w.org\/{rel}","templated":true}]}}