{"id":2097,"date":"2022-07-20T17:17:37","date_gmt":"2022-07-20T15:17:37","guid":{"rendered":"https:\/\/villalecercle-deauville.com\/personal-data-protection-policy\/"},"modified":"2022-10-13T17:50:39","modified_gmt":"2022-10-13T15:50:39","slug":"personal-data-protection-policy","status":"publish","type":"page","link":"https:\/\/villalecercle-deauville.com\/en\/personal-data-protection-policy\/","title":{"rendered":"Personal data protection policy"},"content":{"rendered":"\t\t<div data-elementor-type=\"wp-page\" data-elementor-id=\"2097\" class=\"elementor elementor-2097 elementor-3\" data-elementor-post-type=\"page\">\n\t\t\t\t\t\t<section data-particle_enable=\"false\" data-particle-mobile-disabled=\"false\" class=\"elementor-section elementor-top-section elementor-element elementor-element-af7f1c8 elementor-section-boxed elementor-section-height-default elementor-section-height-default\" data-id=\"af7f1c8\" data-element_type=\"section\" data-e-type=\"section\">\n\t\t\t\t\t\t<div class=\"elementor-container elementor-column-gap-default\">\n\t\t\t\t\t<div class=\"elementor-column elementor-col-100 elementor-top-column elementor-element elementor-element-1087c40\" data-id=\"1087c40\" data-element_type=\"column\" data-e-type=\"column\">\n\t\t\t<div class=\"elementor-widget-wrap elementor-element-populated\">\n\t\t\t\t\t\t<div class=\"elementor-element elementor-element-f9c55a8 elementor-widget elementor-widget-heading\" data-id=\"f9c55a8\" data-element_type=\"widget\" data-e-type=\"widget\" data-widget_type=\"heading.default\">\n\t\t\t\t<div class=\"elementor-widget-container\">\n\t\t\t\t\t<h1 class=\"elementor-heading-title elementor-size-default\">Personal data protection policy<\/h1>\t\t\t\t<\/div>\n\t\t\t\t<\/div>\n\t\t\t\t<div class=\"elementor-element elementor-element-28e9cd8 elementor-widget elementor-widget-global elementor-global-716 elementor-widget-breadcrumbs\" data-id=\"28e9cd8\" data-element_type=\"widget\" data-e-type=\"widget\" data-widget_type=\"breadcrumbs.default\">\n\t\t\t\t<div class=\"elementor-widget-container\">\n\t\t\t\t\t<p id=\"breadcrumbs\"><span><span><a href=\"https:\/\/villalecercle-deauville.com\/en\/\">Home<\/a><\/span><\/span><\/p>\t\t\t\t<\/div>\n\t\t\t\t<\/div>\n\t\t\t\t\t<\/div>\n\t\t<\/div>\n\t\t\t\t\t<\/div>\n\t\t<\/section>\n\t\t\t\t<section data-particle_enable=\"false\" data-particle-mobile-disabled=\"false\" class=\"elementor-section elementor-top-section elementor-element elementor-element-ef03d8b elementor-section-boxed elementor-section-height-default elementor-section-height-default\" data-id=\"ef03d8b\" data-element_type=\"section\" data-e-type=\"section\">\n\t\t\t\t\t\t<div class=\"elementor-container elementor-column-gap-default\">\n\t\t\t\t\t<div class=\"elementor-column elementor-col-100 elementor-top-column elementor-element elementor-element-c786e16\" data-id=\"c786e16\" data-element_type=\"column\" data-e-type=\"column\">\n\t\t\t<div class=\"elementor-widget-wrap elementor-element-populated\">\n\t\t\t\t\t\t<div class=\"elementor-element elementor-element-df9b15e elementor-widget elementor-widget-text-editor\" data-id=\"df9b15e\" data-element_type=\"widget\" data-e-type=\"widget\" data-widget_type=\"text-editor.default\">\n\t\t\t\t<div class=\"elementor-widget-container\">\n\t\t\t\t\t\t\t\t\t<p>The data controller is the SAEM management company of the CID seated at 1 Avenue Lucien Barri\u00e8re (14800) Deauville.<\/p>\n<p>The CID is fully engaged in protecting your personal information and respecting your choices, especially to comply with the general data protection framework.<\/p>\n<p>The CID understands the importance of any personal information that it may collect and treat. It wishes to share with its users why it collects this information and to what end. It is fully committed to respecting the given information and to use it solely for the reasons that it was collected. <\/p>\n<h2>1. Personal information<\/h2>\n<p>Personal information allows us to identify, alone or with other data, directly or indirectly, a particular person; for example: name, date of birth, passport photo, email address, and generally any other personal information. <\/p>\n<h2>2. What information is treated?<\/h2>\n<p>For our website, the information that is to be treated is given by our users. The information is collected on the site using different formulas. Thus, personal information is treated, such as:<\/p>\n<ul>\n<li>Email address for inscriptions to send information on events. Name, surname, email and address for the \u2018Send us a message\u2019 page.<\/li>\n<\/ul>\n<h2>3. Where is you information processed<\/h2>\n<p>Personal data is stored in databases which are stocked in servers situated in France, within the European Union, and more exactly on the web host provider OVH. <\/p>\n<h2>4. Objective of data processing<\/h2>\n<p>Personal information is used only:<\/p>\n<ul>\n<li>Receiving new information about events that take place at the Villa le Cercle<\/li>\n<li>To be contacted by the marketing department of the CID<\/li>\n<li>To receive a brochure that has been ordered. <\/li>\n<\/ul>\n<p>Only the personal information that is strictly necessary is used. <\/p>\n<h2>5. Legal basis<\/h2>\n<p>Processing is based on information given by consent for the reasons that have been stated above. <\/p>\n<h2>6. How long information is stored<\/h2>\n<p>Personal information is stored for a maximum of three years <\/p>\n<h2>7. Recipients of data<\/h2>\n<p>Recipients are: <br \/>The commercial and marketing departments of the CID and the CID subcontractor for advertising campaigns <\/p>\n<h2>8. Access to your private data<\/h2>\n<p>The owners of private data have a right to access the personal data, to modify it or to delete it, to limit it or oppose its use and portability. To ensure that your rights are respected, you can send an email to the following address: <a href=\"mailto:protection-donnees@congres-deauville.com\">protection-donnees@congres-deauville.com<\/a>. (alternatively you may send a letter to the main office address).<\/p>\n\t\t\t\t\t\t\t\t<\/div>\n\t\t\t\t<\/div>\n\t\t\t\t\t<\/div>\n\t\t<\/div>\n\t\t\t\t\t<\/div>\n\t\t<\/section>\n\t\t\t\t<\/div>\n\t\t","protected":false},"excerpt":{"rendered":"<p>Personal data protection policy The data controller is the SAEM management company of the CID seated at 1 Avenue Lucien Barri\u00e8re (14800) Deauville. The CID is fully engaged in protecting your personal information and respecting your choices, especially to comply with the general data protection framework. The CID understands the importance of any personal information [&hellip;]<\/p>\n","protected":false},"author":5,"featured_media":0,"parent":0,"menu_order":100,"comment_status":"closed","ping_status":"closed","template":"","meta":{"_acf_changed":false,"footnotes":""},"class_list":["post-2097","page","type-page","status-publish","hentry"],"acf":[],"yoast_head":"<!-- This site is optimized with the Yoast SEO plugin v27.5 - https:\/\/yoast.com\/product\/yoast-seo-wordpress\/ -->\n<title>Personal data protection policy | Villa Le Cercle - Deauville<\/title>\n<meta name=\"robots\" content=\"index, follow, max-snippet:-1, max-image-preview:large, max-video-preview:-1\" \/>\n<link rel=\"canonical\" href=\"https:\/\/villalecercle-deauville.com\/en\/personal-data-protection-policy\/\" \/>\n<meta property=\"og:locale\" content=\"en_US\" \/>\n<meta property=\"og:type\" content=\"article\" \/>\n<meta property=\"og:title\" content=\"Personal data protection policy | Villa Le Cercle - Deauville\" \/>\n<meta property=\"og:description\" content=\"Personal data protection policy The data controller is the SAEM management company of the CID seated at 1 Avenue Lucien Barri\u00e8re (14800) Deauville. The CID is fully engaged in protecting your personal information and respecting your choices, especially to comply with the general data protection framework. The CID understands the importance of any personal information [&hellip;]\" \/>\n<meta property=\"og:url\" content=\"https:\/\/villalecercle-deauville.com\/en\/personal-data-protection-policy\/\" \/>\n<meta property=\"og:site_name\" content=\"Villa Le Cercle - Deauville\" \/>\n<meta property=\"article:modified_time\" content=\"2022-10-13T15:50:39+00:00\" \/>\n<meta name=\"twitter:card\" content=\"summary_large_image\" \/>\n<meta name=\"twitter:label1\" content=\"Est. reading time\" \/>\n\t<meta name=\"twitter:data1\" content=\"2 minutes\" \/>\n<script type=\"application\/ld+json\" class=\"yoast-schema-graph\">{\"@context\":\"https:\\\/\\\/schema.org\",\"@graph\":[{\"@type\":\"WebPage\",\"@id\":\"https:\\\/\\\/villalecercle-deauville.com\\\/en\\\/personal-data-protection-policy\\\/\",\"url\":\"https:\\\/\\\/villalecercle-deauville.com\\\/en\\\/personal-data-protection-policy\\\/\",\"name\":\"Personal data protection policy | Villa Le Cercle - Deauville\",\"isPartOf\":{\"@id\":\"https:\\\/\\\/villalecercle-deauville.com\\\/en\\\/#website\"},\"datePublished\":\"2022-07-20T15:17:37+00:00\",\"dateModified\":\"2022-10-13T15:50:39+00:00\",\"breadcrumb\":{\"@id\":\"https:\\\/\\\/villalecercle-deauville.com\\\/en\\\/personal-data-protection-policy\\\/#breadcrumb\"},\"inLanguage\":\"en-US\",\"potentialAction\":[{\"@type\":\"ReadAction\",\"target\":[\"https:\\\/\\\/villalecercle-deauville.com\\\/en\\\/personal-data-protection-policy\\\/\"]}]},{\"@type\":\"BreadcrumbList\",\"@id\":\"https:\\\/\\\/villalecercle-deauville.com\\\/en\\\/personal-data-protection-policy\\\/#breadcrumb\",\"itemListElement\":[{\"@type\":\"ListItem\",\"position\":1,\"name\":\"Home\",\"item\":\"https:\\\/\\\/villalecercle-deauville.com\\\/en\\\/\"},{\"@type\":\"ListItem\",\"position\":2,\"name\":\"Personal data protection policy\"}]},{\"@type\":\"WebSite\",\"@id\":\"https:\\\/\\\/villalecercle-deauville.com\\\/en\\\/#website\",\"url\":\"https:\\\/\\\/villalecercle-deauville.com\\\/en\\\/\",\"name\":\"Villa le Cercle Deauville\",\"description\":\"Lieu \u00e9v\u00e8nementiel \u00e0 Deauville\",\"publisher\":{\"@id\":\"https:\\\/\\\/villalecercle-deauville.com\\\/en\\\/#organization\"},\"potentialAction\":[{\"@type\":\"SearchAction\",\"target\":{\"@type\":\"EntryPoint\",\"urlTemplate\":\"https:\\\/\\\/villalecercle-deauville.com\\\/en\\\/?s={search_term_string}\"},\"query-input\":{\"@type\":\"PropertyValueSpecification\",\"valueRequired\":true,\"valueName\":\"search_term_string\"}}],\"inLanguage\":\"en-US\"},{\"@type\":\"Organization\",\"@id\":\"https:\\\/\\\/villalecercle-deauville.com\\\/en\\\/#organization\",\"name\":\"Villa le Cercle Deauville\",\"url\":\"https:\\\/\\\/villalecercle-deauville.com\\\/en\\\/\",\"logo\":{\"@type\":\"ImageObject\",\"inLanguage\":\"en-US\",\"@id\":\"https:\\\/\\\/villalecercle-deauville.com\\\/en\\\/#\\\/schema\\\/logo\\\/image\\\/\",\"url\":\"https:\\\/\\\/villalecercle-deauville.com\\\/wp-content\\\/uploads\\\/2022\\\/07\\\/villa-logo-or.svg\",\"contentUrl\":\"https:\\\/\\\/villalecercle-deauville.com\\\/wp-content\\\/uploads\\\/2022\\\/07\\\/villa-logo-or.svg\",\"width\":45,\"height\":54,\"caption\":\"Villa le Cercle Deauville\"},\"image\":{\"@id\":\"https:\\\/\\\/villalecercle-deauville.com\\\/en\\\/#\\\/schema\\\/logo\\\/image\\\/\"}}]}<\/script>\n<!-- \/ Yoast SEO plugin. -->","yoast_head_json":{"title":"Personal data protection policy | Villa Le Cercle - Deauville","robots":{"index":"index","follow":"follow","max-snippet":"max-snippet:-1","max-image-preview":"max-image-preview:large","max-video-preview":"max-video-preview:-1"},"canonical":"https:\/\/villalecercle-deauville.com\/en\/personal-data-protection-policy\/","og_locale":"en_US","og_type":"article","og_title":"Personal data protection policy | Villa Le Cercle - Deauville","og_description":"Personal data protection policy The data controller is the SAEM management company of the CID seated at 1 Avenue Lucien Barri\u00e8re (14800) Deauville. The CID is fully engaged in protecting your personal information and respecting your choices, especially to comply with the general data protection framework. The CID understands the importance of any personal information [&hellip;]","og_url":"https:\/\/villalecercle-deauville.com\/en\/personal-data-protection-policy\/","og_site_name":"Villa Le Cercle - Deauville","article_modified_time":"2022-10-13T15:50:39+00:00","twitter_card":"summary_large_image","twitter_misc":{"Est. reading time":"2 minutes"},"schema":{"@context":"https:\/\/schema.org","@graph":[{"@type":"WebPage","@id":"https:\/\/villalecercle-deauville.com\/en\/personal-data-protection-policy\/","url":"https:\/\/villalecercle-deauville.com\/en\/personal-data-protection-policy\/","name":"Personal data protection policy | Villa Le Cercle - Deauville","isPartOf":{"@id":"https:\/\/villalecercle-deauville.com\/en\/#website"},"datePublished":"2022-07-20T15:17:37+00:00","dateModified":"2022-10-13T15:50:39+00:00","breadcrumb":{"@id":"https:\/\/villalecercle-deauville.com\/en\/personal-data-protection-policy\/#breadcrumb"},"inLanguage":"en-US","potentialAction":[{"@type":"ReadAction","target":["https:\/\/villalecercle-deauville.com\/en\/personal-data-protection-policy\/"]}]},{"@type":"BreadcrumbList","@id":"https:\/\/villalecercle-deauville.com\/en\/personal-data-protection-policy\/#breadcrumb","itemListElement":[{"@type":"ListItem","position":1,"name":"Home","item":"https:\/\/villalecercle-deauville.com\/en\/"},{"@type":"ListItem","position":2,"name":"Personal data protection policy"}]},{"@type":"WebSite","@id":"https:\/\/villalecercle-deauville.com\/en\/#website","url":"https:\/\/villalecercle-deauville.com\/en\/","name":"Villa le Cercle Deauville","description":"Lieu \u00e9v\u00e8nementiel \u00e0 Deauville","publisher":{"@id":"https:\/\/villalecercle-deauville.com\/en\/#organization"},"potentialAction":[{"@type":"SearchAction","target":{"@type":"EntryPoint","urlTemplate":"https:\/\/villalecercle-deauville.com\/en\/?s={search_term_string}"},"query-input":{"@type":"PropertyValueSpecification","valueRequired":true,"valueName":"search_term_string"}}],"inLanguage":"en-US"},{"@type":"Organization","@id":"https:\/\/villalecercle-deauville.com\/en\/#organization","name":"Villa le Cercle Deauville","url":"https:\/\/villalecercle-deauville.com\/en\/","logo":{"@type":"ImageObject","inLanguage":"en-US","@id":"https:\/\/villalecercle-deauville.com\/en\/#\/schema\/logo\/image\/","url":"https:\/\/villalecercle-deauville.com\/wp-content\/uploads\/2022\/07\/villa-logo-or.svg","contentUrl":"https:\/\/villalecercle-deauville.com\/wp-content\/uploads\/2022\/07\/villa-logo-or.svg","width":45,"height":54,"caption":"Villa le Cercle Deauville"},"image":{"@id":"https:\/\/villalecercle-deauville.com\/en\/#\/schema\/logo\/image\/"}}]}},"_links":{"self":[{"href":"https:\/\/villalecercle-deauville.com\/en\/wp-json\/wp\/v2\/pages\/2097","targetHints":{"allow":["GET"]}}],"collection":[{"href":"https:\/\/villalecercle-deauville.com\/en\/wp-json\/wp\/v2\/pages"}],"about":[{"href":"https:\/\/villalecercle-deauville.com\/en\/wp-json\/wp\/v2\/types\/page"}],"author":[{"embeddable":true,"href":"https:\/\/villalecercle-deauville.com\/en\/wp-json\/wp\/v2\/users\/5"}],"replies":[{"embeddable":true,"href":"https:\/\/villalecercle-deauville.com\/en\/wp-json\/wp\/v2\/comments?post=2097"}],"version-history":[{"count":0,"href":"https:\/\/villalecercle-deauville.com\/en\/wp-json\/wp\/v2\/pages\/2097\/revisions"}],"wp:attachment":[{"href":"https:\/\/villalecercle-deauville.com\/en\/wp-json\/wp\/v2\/media?parent=2097"}],"curies":[{"name":"wp","href":"https:\/\/api.w.org\/{rel}","templated":true}]}}