{"id":2179,"date":"2022-10-25T17:06:15","date_gmt":"2022-10-25T15:06:15","guid":{"rendered":"https:\/\/villalecercle-deauville.com\/thank-you-for-your-request\/"},"modified":"2022-10-25T17:11:54","modified_gmt":"2022-10-25T15:11:54","slug":"thank-you-for-your-request","status":"publish","type":"page","link":"https:\/\/villalecercle-deauville.com\/en\/thank-you-for-your-request\/","title":{"rendered":"Thank you for your request"},"content":{"rendered":"\t\t<div data-elementor-type=\"wp-page\" data-elementor-id=\"2179\" class=\"elementor elementor-2179 elementor-2177\" data-elementor-post-type=\"page\">\n\t\t\t\t\t\t<section data-particle_enable=\"false\" data-particle-mobile-disabled=\"false\" class=\"elementor-section elementor-top-section elementor-element elementor-element-a01d9b0 elementor-section-boxed elementor-section-height-default elementor-section-height-default\" data-id=\"a01d9b0\" data-element_type=\"section\" data-e-type=\"section\">\n\t\t\t\t\t\t<div class=\"elementor-container elementor-column-gap-default\">\n\t\t\t\t\t<div class=\"elementor-column elementor-col-100 elementor-top-column elementor-element elementor-element-4d035d0\" data-id=\"4d035d0\" data-element_type=\"column\" data-e-type=\"column\">\n\t\t\t<div class=\"elementor-widget-wrap elementor-element-populated\">\n\t\t\t\t\t\t<div class=\"elementor-element elementor-element-7c32932 elementor-widget elementor-widget-heading\" data-id=\"7c32932\" data-element_type=\"widget\" data-e-type=\"widget\" data-widget_type=\"heading.default\">\n\t\t\t\t<div class=\"elementor-widget-container\">\n\t\t\t\t\t<h1 class=\"elementor-heading-title elementor-size-default\">Thank you for your request!<\/h1>\t\t\t\t<\/div>\n\t\t\t\t<\/div>\n\t\t\t\t<div class=\"elementor-element elementor-element-a818278 elementor-widget elementor-widget-text-editor\" data-id=\"a818278\" data-element_type=\"widget\" data-e-type=\"widget\" data-widget_type=\"text-editor.default\">\n\t\t\t\t<div class=\"elementor-widget-container\">\n\t\t\t\t\t\t\t\t\t<p style=\"text-align: center;\">Your request has been sent. <br \/>We will reply as soon as possible.<\/p>\n<p style=\"text-align: center;\"><b>The team of the CID &#8211; Palais des Congr\u00e8s de Deauville<\/b><\/p>\n\t\t\t\t\t\t\t\t<\/div>\n\t\t\t\t<\/div>\n\t\t\t\t\t<\/div>\n\t\t<\/div>\n\t\t\t\t\t<\/div>\n\t\t<\/section>\n\t\t\t\t<\/div>\n\t\t","protected":false},"excerpt":{"rendered":"<p>Thank you for your request! Your request has been sent. We will reply as soon as possible. The team of the CID &#8211; Palais des Congr\u00e8s de Deauville<\/p>\n","protected":false},"author":5,"featured_media":0,"parent":0,"menu_order":140,"comment_status":"closed","ping_status":"closed","template":"","meta":{"_acf_changed":false,"footnotes":""},"class_list":["post-2179","page","type-page","status-publish","hentry"],"acf":[],"yoast_head":"<!-- This site is optimized with the Yoast SEO plugin v27.2 - https:\/\/yoast.com\/product\/yoast-seo-wordpress\/ -->\n<title>Thank you for your request | Villa Le Cercle - Deauville<\/title>\n<meta name=\"robots\" content=\"index, follow, max-snippet:-1, max-image-preview:large, max-video-preview:-1\" \/>\n<link rel=\"canonical\" href=\"https:\/\/villalecercle-deauville.com\/en\/thank-you-for-your-request\/\" \/>\n<meta property=\"og:locale\" content=\"en_US\" \/>\n<meta property=\"og:type\" content=\"article\" \/>\n<meta property=\"og:title\" content=\"Thank you for your request | Villa Le Cercle - Deauville\" \/>\n<meta property=\"og:description\" content=\"Thank you for your request! Your request has been sent. We will reply as soon as possible. The team of the CID &#8211; Palais des Congr\u00e8s de Deauville\" \/>\n<meta property=\"og:url\" content=\"https:\/\/villalecercle-deauville.com\/en\/thank-you-for-your-request\/\" \/>\n<meta property=\"og:site_name\" content=\"Villa Le Cercle - Deauville\" \/>\n<meta property=\"article:modified_time\" content=\"2022-10-25T15:11:54+00:00\" \/>\n<meta name=\"twitter:card\" content=\"summary_large_image\" \/>\n<script type=\"application\/ld+json\" class=\"yoast-schema-graph\">{\"@context\":\"https:\/\/schema.org\",\"@graph\":[{\"@type\":\"WebPage\",\"@id\":\"https:\/\/villalecercle-deauville.com\/en\/thank-you-for-your-request\/\",\"url\":\"https:\/\/villalecercle-deauville.com\/en\/thank-you-for-your-request\/\",\"name\":\"Thank you for your request | Villa Le Cercle - Deauville\",\"isPartOf\":{\"@id\":\"https:\/\/villalecercle-deauville.com\/en\/#website\"},\"datePublished\":\"2022-10-25T15:06:15+00:00\",\"dateModified\":\"2022-10-25T15:11:54+00:00\",\"breadcrumb\":{\"@id\":\"https:\/\/villalecercle-deauville.com\/en\/thank-you-for-your-request\/#breadcrumb\"},\"inLanguage\":\"en-US\",\"potentialAction\":[{\"@type\":\"ReadAction\",\"target\":[\"https:\/\/villalecercle-deauville.com\/en\/thank-you-for-your-request\/\"]}]},{\"@type\":\"BreadcrumbList\",\"@id\":\"https:\/\/villalecercle-deauville.com\/en\/thank-you-for-your-request\/#breadcrumb\",\"itemListElement\":[{\"@type\":\"ListItem\",\"position\":1,\"name\":\"Home\",\"item\":\"https:\/\/villalecercle-deauville.com\/en\/\"},{\"@type\":\"ListItem\",\"position\":2,\"name\":\"Thank you for your request\"}]},{\"@type\":\"WebSite\",\"@id\":\"https:\/\/villalecercle-deauville.com\/en\/#website\",\"url\":\"https:\/\/villalecercle-deauville.com\/en\/\",\"name\":\"Villa le Cercle Deauville\",\"description\":\"Lieu \u00e9v\u00e8nementiel \u00e0 Deauville\",\"publisher\":{\"@id\":\"https:\/\/villalecercle-deauville.com\/en\/#organization\"},\"potentialAction\":[{\"@type\":\"SearchAction\",\"target\":{\"@type\":\"EntryPoint\",\"urlTemplate\":\"https:\/\/villalecercle-deauville.com\/en\/?s={search_term_string}\"},\"query-input\":{\"@type\":\"PropertyValueSpecification\",\"valueRequired\":true,\"valueName\":\"search_term_string\"}}],\"inLanguage\":\"en-US\"},{\"@type\":\"Organization\",\"@id\":\"https:\/\/villalecercle-deauville.com\/en\/#organization\",\"name\":\"Villa le Cercle Deauville\",\"url\":\"https:\/\/villalecercle-deauville.com\/en\/\",\"logo\":{\"@type\":\"ImageObject\",\"inLanguage\":\"en-US\",\"@id\":\"https:\/\/villalecercle-deauville.com\/en\/#\/schema\/logo\/image\/\",\"url\":\"https:\/\/villalecercle-deauville.com\/wp-content\/uploads\/2022\/07\/villa-logo-or.svg\",\"contentUrl\":\"https:\/\/villalecercle-deauville.com\/wp-content\/uploads\/2022\/07\/villa-logo-or.svg\",\"width\":45,\"height\":54,\"caption\":\"Villa le Cercle Deauville\"},\"image\":{\"@id\":\"https:\/\/villalecercle-deauville.com\/en\/#\/schema\/logo\/image\/\"}}]}<\/script>\n<!-- \/ Yoast SEO plugin. -->","yoast_head_json":{"title":"Thank you for your request | Villa Le Cercle - Deauville","robots":{"index":"index","follow":"follow","max-snippet":"max-snippet:-1","max-image-preview":"max-image-preview:large","max-video-preview":"max-video-preview:-1"},"canonical":"https:\/\/villalecercle-deauville.com\/en\/thank-you-for-your-request\/","og_locale":"en_US","og_type":"article","og_title":"Thank you for your request | Villa Le Cercle - Deauville","og_description":"Thank you for your request! Your request has been sent. We will reply as soon as possible. The team of the CID &#8211; Palais des Congr\u00e8s de Deauville","og_url":"https:\/\/villalecercle-deauville.com\/en\/thank-you-for-your-request\/","og_site_name":"Villa Le Cercle - Deauville","article_modified_time":"2022-10-25T15:11:54+00:00","twitter_card":"summary_large_image","schema":{"@context":"https:\/\/schema.org","@graph":[{"@type":"WebPage","@id":"https:\/\/villalecercle-deauville.com\/en\/thank-you-for-your-request\/","url":"https:\/\/villalecercle-deauville.com\/en\/thank-you-for-your-request\/","name":"Thank you for your request | Villa Le Cercle - Deauville","isPartOf":{"@id":"https:\/\/villalecercle-deauville.com\/en\/#website"},"datePublished":"2022-10-25T15:06:15+00:00","dateModified":"2022-10-25T15:11:54+00:00","breadcrumb":{"@id":"https:\/\/villalecercle-deauville.com\/en\/thank-you-for-your-request\/#breadcrumb"},"inLanguage":"en-US","potentialAction":[{"@type":"ReadAction","target":["https:\/\/villalecercle-deauville.com\/en\/thank-you-for-your-request\/"]}]},{"@type":"BreadcrumbList","@id":"https:\/\/villalecercle-deauville.com\/en\/thank-you-for-your-request\/#breadcrumb","itemListElement":[{"@type":"ListItem","position":1,"name":"Home","item":"https:\/\/villalecercle-deauville.com\/en\/"},{"@type":"ListItem","position":2,"name":"Thank you for your request"}]},{"@type":"WebSite","@id":"https:\/\/villalecercle-deauville.com\/en\/#website","url":"https:\/\/villalecercle-deauville.com\/en\/","name":"Villa le Cercle Deauville","description":"Lieu \u00e9v\u00e8nementiel \u00e0 Deauville","publisher":{"@id":"https:\/\/villalecercle-deauville.com\/en\/#organization"},"potentialAction":[{"@type":"SearchAction","target":{"@type":"EntryPoint","urlTemplate":"https:\/\/villalecercle-deauville.com\/en\/?s={search_term_string}"},"query-input":{"@type":"PropertyValueSpecification","valueRequired":true,"valueName":"search_term_string"}}],"inLanguage":"en-US"},{"@type":"Organization","@id":"https:\/\/villalecercle-deauville.com\/en\/#organization","name":"Villa le Cercle Deauville","url":"https:\/\/villalecercle-deauville.com\/en\/","logo":{"@type":"ImageObject","inLanguage":"en-US","@id":"https:\/\/villalecercle-deauville.com\/en\/#\/schema\/logo\/image\/","url":"https:\/\/villalecercle-deauville.com\/wp-content\/uploads\/2022\/07\/villa-logo-or.svg","contentUrl":"https:\/\/villalecercle-deauville.com\/wp-content\/uploads\/2022\/07\/villa-logo-or.svg","width":45,"height":54,"caption":"Villa le Cercle Deauville"},"image":{"@id":"https:\/\/villalecercle-deauville.com\/en\/#\/schema\/logo\/image\/"}}]}},"_links":{"self":[{"href":"https:\/\/villalecercle-deauville.com\/en\/wp-json\/wp\/v2\/pages\/2179","targetHints":{"allow":["GET"]}}],"collection":[{"href":"https:\/\/villalecercle-deauville.com\/en\/wp-json\/wp\/v2\/pages"}],"about":[{"href":"https:\/\/villalecercle-deauville.com\/en\/wp-json\/wp\/v2\/types\/page"}],"author":[{"embeddable":true,"href":"https:\/\/villalecercle-deauville.com\/en\/wp-json\/wp\/v2\/users\/5"}],"replies":[{"embeddable":true,"href":"https:\/\/villalecercle-deauville.com\/en\/wp-json\/wp\/v2\/comments?post=2179"}],"version-history":[{"count":0,"href":"https:\/\/villalecercle-deauville.com\/en\/wp-json\/wp\/v2\/pages\/2179\/revisions"}],"wp:attachment":[{"href":"https:\/\/villalecercle-deauville.com\/en\/wp-json\/wp\/v2\/media?parent=2179"}],"curies":[{"name":"wp","href":"https:\/\/api.w.org\/{rel}","templated":true}]}}