{"id":2404,"date":"2022-12-01T09:36:31","date_gmt":"2022-12-01T08:36:31","guid":{"rendered":"https:\/\/villalecercle-deauville.com\/the-package-event-solutions\/scientific-meeting-villa-le-cercle\/"},"modified":"2026-03-17T10:31:49","modified_gmt":"2026-03-17T09:31:49","slug":"scientific-meeting-villa-le-cercle","status":"publish","type":"page","link":"https:\/\/villalecercle-deauville.com\/en\/the-package-event-solutions\/scientific-meeting-villa-le-cercle\/","title":{"rendered":"Scientific meeting Villa le Cercle"},"content":{"rendered":"\t\t<div data-elementor-type=\"wp-page\" data-elementor-id=\"2404\" class=\"elementor elementor-2404 elementor-2352\" data-elementor-post-type=\"page\">\n\t\t\t\t\t\t<section data-particle_enable=\"false\" data-particle-mobile-disabled=\"false\" class=\"elementor-section elementor-top-section elementor-element elementor-element-5624428b elementor-section-boxed elementor-section-height-default elementor-section-height-default\" data-id=\"5624428b\" data-element_type=\"section\" data-e-type=\"section\" data-settings=\"{&quot;background_background&quot;:&quot;classic&quot;}\">\n\t\t\t\t\t\t\t<div class=\"elementor-background-overlay\"><\/div>\n\t\t\t\t\t\t\t<div class=\"elementor-container elementor-column-gap-default\">\n\t\t\t\t\t<div class=\"elementor-column elementor-col-100 elementor-top-column elementor-element elementor-element-ccbda84\" data-id=\"ccbda84\" data-element_type=\"column\" data-e-type=\"column\">\n\t\t\t<div class=\"elementor-widget-wrap elementor-element-populated\">\n\t\t\t\t\t\t<section data-particle_enable=\"false\" data-particle-mobile-disabled=\"false\" class=\"elementor-section elementor-inner-section elementor-element elementor-element-6edf6711 elementor-section-boxed elementor-section-height-default elementor-section-height-default\" data-id=\"6edf6711\" data-element_type=\"section\" data-e-type=\"section\">\n\t\t\t\t\t\t<div class=\"elementor-container elementor-column-gap-default\">\n\t\t\t\t\t<div class=\"elementor-column elementor-col-50 elementor-inner-column elementor-element elementor-element-618f2805\" data-id=\"618f2805\" data-element_type=\"column\" data-e-type=\"column\">\n\t\t\t<div class=\"elementor-widget-wrap elementor-element-populated\">\n\t\t\t\t\t\t<div class=\"elementor-element elementor-element-58ed2637 elementor-widget elementor-widget-heading\" data-id=\"58ed2637\" data-element_type=\"widget\" data-e-type=\"widget\" data-widget_type=\"heading.default\">\n\t\t\t\t<div class=\"elementor-widget-container\">\n\t\t\t\t\t<p class=\"elementor-heading-title elementor-size-default\">Package event solution<\/p>\t\t\t\t<\/div>\n\t\t\t\t<\/div>\n\t\t\t\t<div class=\"elementor-element elementor-element-5dedae81 animated-slow elementor-invisible elementor-widget elementor-widget-heading\" data-id=\"5dedae81\" data-element_type=\"widget\" data-e-type=\"widget\" data-settings=\"{&quot;_animation&quot;:&quot;fadeInDown&quot;,&quot;_animation_tablet&quot;:&quot;none&quot;}\" data-widget_type=\"heading.default\">\n\t\t\t\t<div class=\"elementor-widget-container\">\n\t\t\t\t\t<h1 class=\"elementor-heading-title elementor-size-default\">Scientific meeting Villa le Cercle<\/h1>\t\t\t\t<\/div>\n\t\t\t\t<\/div>\n\t\t\t\t\t<\/div>\n\t\t<\/div>\n\t\t\t\t<div class=\"elementor-column elementor-col-50 elementor-inner-column elementor-element elementor-element-10cbf1e2\" data-id=\"10cbf1e2\" data-element_type=\"column\" data-e-type=\"column\">\n\t\t\t<div class=\"elementor-widget-wrap elementor-element-populated\">\n\t\t\t\t\t\t<div class=\"elementor-element elementor-element-33381f29 elementor-position-inline-start elementor-view-default elementor-mobile-position-block-start elementor-widget elementor-widget-icon-box\" data-id=\"33381f29\" data-element_type=\"widget\" data-e-type=\"widget\" data-widget_type=\"icon-box.default\">\n\t\t\t\t<div class=\"elementor-widget-container\">\n\t\t\t\t\t\t\t<div class=\"elementor-icon-box-wrapper\">\n\n\t\t\t\t\t\t<div class=\"elementor-icon-box-icon\">\n\t\t\t\t<span  class=\"elementor-icon\">\n\t\t\t\t<svg xmlns=\"http:\/\/www.w3.org\/2000\/svg\" id=\"Calque_2\" viewBox=\"0 0 25.51 25.51\"><defs><style>.cls-1{fill:#fff;}.cls-2{fill:#0b1e3d;}<\/style><\/defs><g id=\"Calque_1-2\"><g><circle class=\"cls-1\" cx=\"12.76\" cy=\"12.76\" r=\"12.76\"><\/circle><g><path class=\"cls-2\" d=\"M8.53,13.74c1.76,0,3.2-1.39,3.2-3.09s-1.43-3.09-3.2-3.09-3.2,1.39-3.2,3.09,1.43,3.09,3.2,3.09\"><\/path><path class=\"cls-2\" d=\"M16.99,13.74c1.76,0,3.2-1.39,3.2-3.09s-1.43-3.09-3.2-3.09-3.2,1.39-3.2,3.09,1.43,3.09,3.2,3.09\"><\/path><path class=\"cls-2\" d=\"M4.29,17.97H12.76c0-2.34-1.89-4.23-4.23-4.23s-4.23,1.9-4.23,4.23\"><\/path><path class=\"cls-2\" d=\"M12.76,17.97h8.46c0-2.34-1.89-4.23-4.23-4.23s-4.23,1.9-4.23,4.23\"><\/path><\/g><\/g><\/g><\/svg>\t\t\t\t<\/span>\n\t\t\t<\/div>\n\t\t\t\n\t\t\t\t\t\t<div class=\"elementor-icon-box-content\">\n\n\t\t\t\t\t\t\t\t\t<p class=\"elementor-icon-box-title\">\n\t\t\t\t\t\t<span  >\n\t\t\t\t\t\t\t60 to 120 people\t\t\t\t\t\t<\/span>\n\t\t\t\t\t<\/p>\n\t\t\t\t\n\t\t\t\t\n\t\t\t<\/div>\n\t\t\t\n\t\t<\/div>\n\t\t\t\t\t\t<\/div>\n\t\t\t\t<\/div>\n\t\t\t\t<div class=\"elementor-element elementor-element-769d643a elementor-position-inline-start elementor-view-default elementor-mobile-position-block-start elementor-widget elementor-widget-icon-box\" data-id=\"769d643a\" data-element_type=\"widget\" data-e-type=\"widget\" data-widget_type=\"icon-box.default\">\n\t\t\t\t<div class=\"elementor-widget-container\">\n\t\t\t\t\t\t\t<div class=\"elementor-icon-box-wrapper\">\n\n\t\t\t\t\t\t<div class=\"elementor-icon-box-icon\">\n\t\t\t\t<span  class=\"elementor-icon\">\n\t\t\t\t<svg xmlns=\"http:\/\/www.w3.org\/2000\/svg\" id=\"Calque_2\" viewBox=\"0 0 25.51 25.51\"><defs><style>.cls-1{fill:#fff;}.cls-2{fill:#18223c;}<\/style><\/defs><g id=\"Calque_1-2\"><g><circle class=\"cls-1\" cx=\"12.76\" cy=\"12.76\" r=\"12.76\"><\/circle><path class=\"cls-2\" d=\"M20.1,8.63l-.17-1.78c-.02-.2-.04-.38-.06-.56-.06-.4-.28-.6-.68-.64-.21-.02-.43-.04-.67-.07l-1.68-.17c-.7-.07-1.41-.14-2.11-.21-.4-.04-.8-.09-1.2-.11-.79-.04-1.46,.25-2.02,.8-1.88,1.87-3.75,3.74-5.63,5.61-.43,.43-.69,.94-.77,1.54,0,.03-.02,.05-.03,.08v.56c.02,.11,.05,.22,.07,.34,.12,.49,.37,.92,.72,1.28,1.44,1.44,2.87,2.88,4.31,4.31,.44,.44,.96,.7,1.57,.78,.02,0,.04,.02,.06,.03h.56s.07-.03,.11-.03c.57-.08,1.05-.32,1.46-.72l2.54-2.56c1.04-1.02,2.08-2.05,3.12-3.07,.59-.58,.89-1.28,.82-2.11-.09-1.1-.21-2.2-.33-3.3Zm-3.59,4.61c-.06,.38-.38,.62-.73,.57-.37-.05-.6-.35-.58-.74,0-.29,.04-.59-.02-.87-.16-.71-.84-1.1-1.64-.96,.17,.17,.33,.33,.48,.49,.25,.27,.29,.61,.09,.88-.25,.34-.7,.38-1.01,.07-.24-.23-.48-.48-.71-.72-.04-.04-.08-.09-.14-.17-.16,.17-.3,.32-.43,.45,.27,.28,.52,.56,.78,.83,.18,.18,.28,.39,.22,.64-.1,.49-.66,.7-1.06,.39-.15-.12-.28-.26-.41-.39-.04-.04-.06-.1-.09-.16-.02,.02-.04,.04-.06,.05-.18,1,.58,1.79,1.58,1.66,.09-.01,.18-.02,.26-.03,.35-.02,.65,.22,.69,.55,.05,.35-.17,.68-.51,.75-1.11,.22-2.29-.13-2.95-1.15-.46-.71-.52-1.49-.35-2.3,.03-.16,.09-.32,.14-.47,.04-.09,.02-.15-.05-.21-.11-.1-.22-.2-.32-.32-.26-.28-.25-.67,0-.93,.25-.26,.64-.26,.93-.02,.07,.06,.13,.12,.19,.18,.15-.15,.3-.3,.46-.47-.04-.04-.09-.1-.14-.15-.26-.29-.26-.69,0-.94,.26-.26,.65-.26,.94,0,.13,.12,.24,.31,.38,.35,.15,.04,.33-.09,.5-.13,.87-.2,1.71-.15,2.46,.38,.76,.53,1.11,1.29,1.13,2.21,0,.22-.02,.44-.05,.66Zm1.93-5.54c-.34,0-.61-.27-.61-.61s.27-.61,.61-.61,.61,.27,.61,.61-.27,.61-.61,.61Z\"><\/path><\/g><\/g><\/svg>\t\t\t\t<\/span>\n\t\t\t<\/div>\n\t\t\t\n\t\t\t\t\t\t<div class=\"elementor-icon-box-content\">\n\n\t\t\t\t\t\t\t\t\t<p class=\"elementor-icon-box-title\">\n\t\t\t\t\t\t<span  >\n\t\t\t\t\t\t\tFrom 85\u20ac \/ people\t\t\t\t\t\t<\/span>\n\t\t\t\t\t<\/p>\n\t\t\t\t\n\t\t\t\t\n\t\t\t<\/div>\n\t\t\t\n\t\t<\/div>\n\t\t\t\t\t\t<\/div>\n\t\t\t\t<\/div>\n\t\t\t\t\t<\/div>\n\t\t<\/div>\n\t\t\t\t\t<\/div>\n\t\t<\/section>\n\t\t\t\t\t<\/div>\n\t\t<\/div>\n\t\t\t\t\t<\/div>\n\t\t<\/section>\n\t\t\t\t<section data-particle_enable=\"false\" data-particle-mobile-disabled=\"false\" class=\"elementor-section elementor-top-section elementor-element elementor-element-4c848a88 elementor-section-boxed elementor-section-height-default elementor-section-height-default\" data-id=\"4c848a88\" data-element_type=\"section\" data-e-type=\"section\">\n\t\t\t\t\t\t<div class=\"elementor-container elementor-column-gap-default\">\n\t\t\t\t\t<div class=\"elementor-column elementor-col-100 elementor-top-column elementor-element elementor-element-74775b04\" data-id=\"74775b04\" data-element_type=\"column\" data-e-type=\"column\">\n\t\t\t<div class=\"elementor-widget-wrap elementor-element-populated\">\n\t\t\t\t\t\t<div class=\"elementor-element elementor-element-6c9d31ab elementor-widget elementor-widget-global elementor-global-716 elementor-widget-breadcrumbs\" data-id=\"6c9d31ab\" data-element_type=\"widget\" data-e-type=\"widget\" data-widget_type=\"breadcrumbs.default\">\n\t\t\t\t<div class=\"elementor-widget-container\">\n\t\t\t\t\t<p id=\"breadcrumbs\"><span><span><a href=\"https:\/\/villalecercle-deauville.com\/en\/\">Home<\/a><\/span><\/span><\/p>\t\t\t\t<\/div>\n\t\t\t\t<\/div>\n\t\t\t\t<div class=\"elementor-element elementor-element-397a38be elementor-widget elementor-widget-heading\" data-id=\"397a38be\" data-element_type=\"widget\" data-e-type=\"widget\" data-widget_type=\"heading.default\">\n\t\t\t\t<div class=\"elementor-widget-container\">\n\t\t\t\t\t<h2 class=\"elementor-heading-title elementor-size-default\">For scientists in the Normandy region<\/h2>\t\t\t\t<\/div>\n\t\t\t\t<\/div>\n\t\t\t\t<div class=\"elementor-element elementor-element-59cf7dab elementor-widget elementor-widget-text-editor\" data-id=\"59cf7dab\" data-element_type=\"widget\" data-e-type=\"widget\" data-widget_type=\"text-editor.default\">\n\t\t\t\t<div class=\"elementor-widget-container\">\n\t\t\t\t\t\t\t\t\t<p>From 6pm to 11pm, the Villa le Cercle welcomes researchers and scientists for a moment of exchange. The Villa is entirely privatized: confidentiality and personalized welcome guaranteed! <\/p>\n<h3>Rental<\/h3>\n<ul>\n<li><strong>Reception area:<\/strong> reception area and cloakroom<\/li>\n<li><strong>Conference area :<\/strong> Classroom or theatre** lay-out, screen, video projector, podium, mobile audio system, paperboard<\/li>\n<li><strong>Cocktail area (and exhibitors) :<\/strong> lounge with buffet and stand-up table<\/li>\n<\/ul>\n<h3>Catering<\/h3>\n<ul>\n<li><strong>Cocktail reception 20 pi\u00e8ces<\/strong>,1 glass of Champagne, wine, soft drinks, coffee, water<\/li>\n<\/ul>\n<h3>Staff<\/h3>\n<ul>\n<li>Technical manager or project manager<\/li>\n<li>Sound manager<\/li>\n<li>Security<\/li>\n<li>Cleaning staff<\/li>\n<\/ul>\n<h3>As an additional option<\/h3>\n<ul>\n<li>Welcome of participants by a dedicated hostess<\/li>\n<li>Exhibition kits: Tables and chairs set up for exhibitors<\/li>\n<\/ul>\n\t\t\t\t\t\t\t\t<\/div>\n\t\t\t\t<\/div>\n\t\t\t\t\t<\/div>\n\t\t<\/div>\n\t\t\t\t\t<\/div>\n\t\t<\/section>\n\t\t\t\t<\/div>\n\t\t","protected":false},"excerpt":{"rendered":"<p>Package event solution Scientific meeting Villa le Cercle 60 to 120 people From 85\u20ac \/ people For scientists in the Normandy region From 6pm to 11pm, the Villa le Cercle welcomes researchers and scientists for a moment of exchange. The Villa is entirely privatized: confidentiality and personalized welcome guaranteed! Rental Reception area: reception area and [&hellip;]<\/p>\n","protected":false},"author":5,"featured_media":2401,"parent":2058,"menu_order":20,"comment_status":"closed","ping_status":"closed","template":"","meta":{"_acf_changed":false,"footnotes":""},"class_list":["post-2404","page","type-page","status-publish","has-post-thumbnail","hentry"],"acf":[],"yoast_head":"<!-- This site is optimized with the Yoast SEO plugin v27.2 - https:\/\/yoast.com\/product\/yoast-seo-wordpress\/ -->\n<title>Packaged offer for a scientific meeting | Villa le Cercle Deauville<\/title>\n<meta name=\"description\" content=\"Researchers and scientists from the Normandy region will meet from 6:00 to 11:00 p.m. in Deauville to discuss the challenges facing their industry.\" \/>\n<meta name=\"robots\" content=\"index, follow, max-snippet:-1, max-image-preview:large, max-video-preview:-1\" \/>\n<link rel=\"canonical\" href=\"https:\/\/villalecercle-deauville.com\/en\/the-package-event-solutions\/scientific-meeting-villa-le-cercle\/\" \/>\n<meta property=\"og:locale\" content=\"en_US\" \/>\n<meta property=\"og:type\" content=\"article\" \/>\n<meta property=\"og:title\" content=\"Packaged offer for a scientific meeting | Villa le Cercle Deauville\" \/>\n<meta property=\"og:description\" content=\"Researchers and scientists from the Normandy region will meet from 6:00 to 11:00 p.m. in Deauville to discuss the challenges facing their industry.\" \/>\n<meta property=\"og:url\" content=\"https:\/\/villalecercle-deauville.com\/en\/the-package-event-solutions\/scientific-meeting-villa-le-cercle\/\" \/>\n<meta property=\"og:site_name\" content=\"Villa Le Cercle - Deauville\" \/>\n<meta property=\"article:modified_time\" content=\"2026-03-17T09:31:49+00:00\" \/>\n<meta property=\"og:image\" content=\"https:\/\/villalecercle-deauville.com\/wp-content\/uploads\/2023\/01\/IMG_1064-768x1024.png\" \/>\n\t<meta property=\"og:image:width\" content=\"768\" \/>\n\t<meta property=\"og:image:height\" content=\"1024\" \/>\n\t<meta property=\"og:image:type\" content=\"image\/png\" \/>\n<meta name=\"twitter:card\" content=\"summary_large_image\" \/>\n<meta name=\"twitter:label1\" content=\"Est. reading time\" \/>\n\t<meta name=\"twitter:data1\" content=\"1 minute\" \/>\n<script type=\"application\/ld+json\" class=\"yoast-schema-graph\">{\"@context\":\"https:\/\/schema.org\",\"@graph\":[{\"@type\":\"WebPage\",\"@id\":\"https:\/\/villalecercle-deauville.com\/en\/the-package-event-solutions\/scientific-meeting-villa-le-cercle\/\",\"url\":\"https:\/\/villalecercle-deauville.com\/en\/the-package-event-solutions\/scientific-meeting-villa-le-cercle\/\",\"name\":\"Packaged offer for a scientific meeting | Villa le Cercle Deauville\",\"isPartOf\":{\"@id\":\"https:\/\/villalecercle-deauville.com\/en\/#website\"},\"primaryImageOfPage\":{\"@id\":\"https:\/\/villalecercle-deauville.com\/en\/the-package-event-solutions\/scientific-meeting-villa-le-cercle\/#primaryimage\"},\"image\":{\"@id\":\"https:\/\/villalecercle-deauville.com\/en\/the-package-event-solutions\/scientific-meeting-villa-le-cercle\/#primaryimage\"},\"thumbnailUrl\":\"https:\/\/villalecercle-deauville.com\/wp-content\/uploads\/2023\/01\/IMG_1064.png\",\"datePublished\":\"2022-12-01T08:36:31+00:00\",\"dateModified\":\"2026-03-17T09:31:49+00:00\",\"description\":\"Researchers and scientists from the Normandy region will meet from 6:00 to 11:00 p.m. in Deauville to discuss the challenges facing their industry.\",\"breadcrumb\":{\"@id\":\"https:\/\/villalecercle-deauville.com\/en\/the-package-event-solutions\/scientific-meeting-villa-le-cercle\/#breadcrumb\"},\"inLanguage\":\"en-US\",\"potentialAction\":[{\"@type\":\"ReadAction\",\"target\":[\"https:\/\/villalecercle-deauville.com\/en\/the-package-event-solutions\/scientific-meeting-villa-le-cercle\/\"]}]},{\"@type\":\"ImageObject\",\"inLanguage\":\"en-US\",\"@id\":\"https:\/\/villalecercle-deauville.com\/en\/the-package-event-solutions\/scientific-meeting-villa-le-cercle\/#primaryimage\",\"url\":\"https:\/\/villalecercle-deauville.com\/wp-content\/uploads\/2023\/01\/IMG_1064.png\",\"contentUrl\":\"https:\/\/villalecercle-deauville.com\/wp-content\/uploads\/2023\/01\/IMG_1064.png\",\"width\":3024,\"height\":4032,\"caption\":\"Scientific meeting at the Villa le Cercle de Deauville\"},{\"@type\":\"BreadcrumbList\",\"@id\":\"https:\/\/villalecercle-deauville.com\/en\/the-package-event-solutions\/scientific-meeting-villa-le-cercle\/#breadcrumb\",\"itemListElement\":[{\"@type\":\"ListItem\",\"position\":1,\"name\":\"Home\",\"item\":\"https:\/\/villalecercle-deauville.com\/en\/\"},{\"@type\":\"ListItem\",\"position\":2,\"name\":\"The package event solutions\",\"item\":\"https:\/\/villalecercle-deauville.com\/en\/the-package-event-solutions\/\"},{\"@type\":\"ListItem\",\"position\":3,\"name\":\"Scientific meeting Villa le Cercle\"}]},{\"@type\":\"WebSite\",\"@id\":\"https:\/\/villalecercle-deauville.com\/en\/#website\",\"url\":\"https:\/\/villalecercle-deauville.com\/en\/\",\"name\":\"Villa le Cercle Deauville\",\"description\":\"Lieu \u00e9v\u00e8nementiel \u00e0 Deauville\",\"publisher\":{\"@id\":\"https:\/\/villalecercle-deauville.com\/en\/#organization\"},\"potentialAction\":[{\"@type\":\"SearchAction\",\"target\":{\"@type\":\"EntryPoint\",\"urlTemplate\":\"https:\/\/villalecercle-deauville.com\/en\/?s={search_term_string}\"},\"query-input\":{\"@type\":\"PropertyValueSpecification\",\"valueRequired\":true,\"valueName\":\"search_term_string\"}}],\"inLanguage\":\"en-US\"},{\"@type\":\"Organization\",\"@id\":\"https:\/\/villalecercle-deauville.com\/en\/#organization\",\"name\":\"Villa le Cercle Deauville\",\"url\":\"https:\/\/villalecercle-deauville.com\/en\/\",\"logo\":{\"@type\":\"ImageObject\",\"inLanguage\":\"en-US\",\"@id\":\"https:\/\/villalecercle-deauville.com\/en\/#\/schema\/logo\/image\/\",\"url\":\"https:\/\/villalecercle-deauville.com\/wp-content\/uploads\/2022\/07\/villa-logo-or.svg\",\"contentUrl\":\"https:\/\/villalecercle-deauville.com\/wp-content\/uploads\/2022\/07\/villa-logo-or.svg\",\"width\":45,\"height\":54,\"caption\":\"Villa le Cercle Deauville\"},\"image\":{\"@id\":\"https:\/\/villalecercle-deauville.com\/en\/#\/schema\/logo\/image\/\"}}]}<\/script>\n<!-- \/ Yoast SEO plugin. -->","yoast_head_json":{"title":"Packaged offer for a scientific meeting | Villa le Cercle Deauville","description":"Researchers and scientists from the Normandy region will meet from 6:00 to 11:00 p.m. in Deauville to discuss the challenges facing their industry.","robots":{"index":"index","follow":"follow","max-snippet":"max-snippet:-1","max-image-preview":"max-image-preview:large","max-video-preview":"max-video-preview:-1"},"canonical":"https:\/\/villalecercle-deauville.com\/en\/the-package-event-solutions\/scientific-meeting-villa-le-cercle\/","og_locale":"en_US","og_type":"article","og_title":"Packaged offer for a scientific meeting | Villa le Cercle Deauville","og_description":"Researchers and scientists from the Normandy region will meet from 6:00 to 11:00 p.m. in Deauville to discuss the challenges facing their industry.","og_url":"https:\/\/villalecercle-deauville.com\/en\/the-package-event-solutions\/scientific-meeting-villa-le-cercle\/","og_site_name":"Villa Le Cercle - Deauville","article_modified_time":"2026-03-17T09:31:49+00:00","og_image":[{"width":768,"height":1024,"url":"https:\/\/villalecercle-deauville.com\/wp-content\/uploads\/2023\/01\/IMG_1064-768x1024.png","type":"image\/png"}],"twitter_card":"summary_large_image","twitter_misc":{"Est. reading time":"1 minute"},"schema":{"@context":"https:\/\/schema.org","@graph":[{"@type":"WebPage","@id":"https:\/\/villalecercle-deauville.com\/en\/the-package-event-solutions\/scientific-meeting-villa-le-cercle\/","url":"https:\/\/villalecercle-deauville.com\/en\/the-package-event-solutions\/scientific-meeting-villa-le-cercle\/","name":"Packaged offer for a scientific meeting | Villa le Cercle Deauville","isPartOf":{"@id":"https:\/\/villalecercle-deauville.com\/en\/#website"},"primaryImageOfPage":{"@id":"https:\/\/villalecercle-deauville.com\/en\/the-package-event-solutions\/scientific-meeting-villa-le-cercle\/#primaryimage"},"image":{"@id":"https:\/\/villalecercle-deauville.com\/en\/the-package-event-solutions\/scientific-meeting-villa-le-cercle\/#primaryimage"},"thumbnailUrl":"https:\/\/villalecercle-deauville.com\/wp-content\/uploads\/2023\/01\/IMG_1064.png","datePublished":"2022-12-01T08:36:31+00:00","dateModified":"2026-03-17T09:31:49+00:00","description":"Researchers and scientists from the Normandy region will meet from 6:00 to 11:00 p.m. in Deauville to discuss the challenges facing their industry.","breadcrumb":{"@id":"https:\/\/villalecercle-deauville.com\/en\/the-package-event-solutions\/scientific-meeting-villa-le-cercle\/#breadcrumb"},"inLanguage":"en-US","potentialAction":[{"@type":"ReadAction","target":["https:\/\/villalecercle-deauville.com\/en\/the-package-event-solutions\/scientific-meeting-villa-le-cercle\/"]}]},{"@type":"ImageObject","inLanguage":"en-US","@id":"https:\/\/villalecercle-deauville.com\/en\/the-package-event-solutions\/scientific-meeting-villa-le-cercle\/#primaryimage","url":"https:\/\/villalecercle-deauville.com\/wp-content\/uploads\/2023\/01\/IMG_1064.png","contentUrl":"https:\/\/villalecercle-deauville.com\/wp-content\/uploads\/2023\/01\/IMG_1064.png","width":3024,"height":4032,"caption":"Scientific meeting at the Villa le Cercle de Deauville"},{"@type":"BreadcrumbList","@id":"https:\/\/villalecercle-deauville.com\/en\/the-package-event-solutions\/scientific-meeting-villa-le-cercle\/#breadcrumb","itemListElement":[{"@type":"ListItem","position":1,"name":"Home","item":"https:\/\/villalecercle-deauville.com\/en\/"},{"@type":"ListItem","position":2,"name":"The package event solutions","item":"https:\/\/villalecercle-deauville.com\/en\/the-package-event-solutions\/"},{"@type":"ListItem","position":3,"name":"Scientific meeting Villa le Cercle"}]},{"@type":"WebSite","@id":"https:\/\/villalecercle-deauville.com\/en\/#website","url":"https:\/\/villalecercle-deauville.com\/en\/","name":"Villa le Cercle Deauville","description":"Lieu \u00e9v\u00e8nementiel \u00e0 Deauville","publisher":{"@id":"https:\/\/villalecercle-deauville.com\/en\/#organization"},"potentialAction":[{"@type":"SearchAction","target":{"@type":"EntryPoint","urlTemplate":"https:\/\/villalecercle-deauville.com\/en\/?s={search_term_string}"},"query-input":{"@type":"PropertyValueSpecification","valueRequired":true,"valueName":"search_term_string"}}],"inLanguage":"en-US"},{"@type":"Organization","@id":"https:\/\/villalecercle-deauville.com\/en\/#organization","name":"Villa le Cercle Deauville","url":"https:\/\/villalecercle-deauville.com\/en\/","logo":{"@type":"ImageObject","inLanguage":"en-US","@id":"https:\/\/villalecercle-deauville.com\/en\/#\/schema\/logo\/image\/","url":"https:\/\/villalecercle-deauville.com\/wp-content\/uploads\/2022\/07\/villa-logo-or.svg","contentUrl":"https:\/\/villalecercle-deauville.com\/wp-content\/uploads\/2022\/07\/villa-logo-or.svg","width":45,"height":54,"caption":"Villa le Cercle Deauville"},"image":{"@id":"https:\/\/villalecercle-deauville.com\/en\/#\/schema\/logo\/image\/"}}]}},"_links":{"self":[{"href":"https:\/\/villalecercle-deauville.com\/en\/wp-json\/wp\/v2\/pages\/2404","targetHints":{"allow":["GET"]}}],"collection":[{"href":"https:\/\/villalecercle-deauville.com\/en\/wp-json\/wp\/v2\/pages"}],"about":[{"href":"https:\/\/villalecercle-deauville.com\/en\/wp-json\/wp\/v2\/types\/page"}],"author":[{"embeddable":true,"href":"https:\/\/villalecercle-deauville.com\/en\/wp-json\/wp\/v2\/users\/5"}],"replies":[{"embeddable":true,"href":"https:\/\/villalecercle-deauville.com\/en\/wp-json\/wp\/v2\/comments?post=2404"}],"version-history":[{"count":0,"href":"https:\/\/villalecercle-deauville.com\/en\/wp-json\/wp\/v2\/pages\/2404\/revisions"}],"up":[{"embeddable":true,"href":"https:\/\/villalecercle-deauville.com\/en\/wp-json\/wp\/v2\/pages\/2058"}],"wp:featuredmedia":[{"embeddable":true,"href":"https:\/\/villalecercle-deauville.com\/en\/wp-json\/wp\/v2\/media\/2401"}],"wp:attachment":[{"href":"https:\/\/villalecercle-deauville.com\/en\/wp-json\/wp\/v2\/media?parent=2404"}],"curies":[{"name":"wp","href":"https:\/\/api.w.org\/{rel}","templated":true}]}}